{"id":94,"date":"2018-06-16T15:04:00","date_gmt":"2018-06-16T13:04:00","guid":{"rendered":"http:\/\/aux-4-coins-des-mots.fr\/?page_id=94"},"modified":"2025-12-27T16:17:49","modified_gmt":"2025-12-27T15:17:49","slug":"qui-sommes-nous","status":"publish","type":"page","link":"https:\/\/aux-4-coins-des-mots.fr\/index.php\/qui-sommes-nous\/","title":{"rendered":"QUI SOMMES-NOUS ?"},"content":{"rendered":"<p>\n\n\n<h3 class=\"wp-block-heading\"><\/h3>\n\n\n\n<div style=\"margin: 0 auto; max-width: 640px; width: 100%;\">\r\n  <iframe loading=\"lazy\"\r\n    width=\"100%\"\r\n    height=\"360\"\r\n    src=\"https:\/\/www.youtube.com\/embed\/fJKed9zct2k?autoplay=0&#038;loop=1&#038;playlist=fJKed9zct2k&#038;controls=1\"\r\n    frameborder=\"0\"\r\n    allow=\"autoplay; encrypted-media\"\r\n    allowfullscreen\r\n  ><\/iframe>\r\n  <figcaption style=\"text-align: center; font-style: italic; margin-top: 0.5em;\">\r\n    Pr\u00e9sentation O4CDM\r\n  <\/figcaption>\r\n<\/div>\n\n\n\n<p>&nbsp;<\/p>\n\n\n\n<\/p>\n<p>Bienvenue sur le site d\u2019<strong>AUX QUATRE COINS DES MOTS<\/strong>, un lieu engag\u00e9 o\u00f9 la psychanalyse se d\u00e9ploie au c\u0153ur de la Cit\u00e9.<\/p>\n<p>\n\n\n\n<\/p>\n<p>Fond\u00e9 en f\u00e9vrier 2018 par <a href=\"https:\/\/aux-4-coins-des-mots.fr\/index.php\/aline-esquerre\/\" target=\"_blank\" rel=\"noopener\">Aline <strong>ESQUERRE<\/strong><\/a>, <a href=\"https:\/\/aux-4-coins-des-mots.fr\/index.php\/jean-marie-tassel-2\/\" target=\"_blank\" rel=\"noopener\">Jean Marie <strong>TASSEL<\/strong><\/a>, psychanalystes \u00e0 N\u00eemes et <a href=\"https:\/\/aux-4-coins-des-mots.fr\/index.php\/sebastien-janicki\/\" target=\"_blank\" rel=\"noopener\">S\u00e9bastien <strong>JANICKI<\/strong><\/a>, Docteur en philosophie, ce collectif est n\u00e9 d\u2019un constat simple : l\u2019acc\u00e8s aux soins psychiques reste trop souvent hors de port\u00e9e, en particulier dans les Quartiers dits prioritaires de la Ville.<\/p>\n<p>\n\n\n\n<\/p>\n<p>Ici, nous croyons que l\u2019inconscient ne se confine pas aux murs d\u2019un cabinet, mais qu\u2019il traverse la vie quotidienne et nourrit notre lien social. Notre d\u00e9marche vise \u00e0 rendre l\u2019analyse accessible \u00e0 chacun et chacune, en int\u00e9grant la parole et l\u2019\u00e9coute dans l\u2019espace public.<\/p>\n<p>\n\n\n\n<\/p>\n<p>Nous vous invitons donc \u00e0 d\u00e9couvrir nos dispositifs et actions, con\u00e7us pour accompagner chacun dans son cheminement personnel et\/ou collectif.<\/p>\n<p>\n\n\n\n<\/p>\n<p>Explorez notre site pour en savoir plus sur nos services, prendre rendez-vous ou simplement mieux comprendre notre approche.<\/p>\n<p>\n\n\n\n<\/p>\n<p><strong>AUX QUATRE COINS DES MOTS<\/strong>, c\u2019est avant tout une aventure humaine, port\u00e9e par le d\u00e9sir et d\u2019insuffler du nouveau&#8230;<\/p>\n<p>\n\n\n<\/p>\n<p>L&rsquo;Association <strong>AUX QUATRE COINS DES MOTS<\/strong>\u00a0est n\u00e9e d&rsquo;un constat aupr\u00e8s des r\u00e9sidents du Quartier du Chemin Bas d&rsquo;Avignon d&rsquo;une diversit\u00e9 de probl\u00e9matiques : socio-culturelles, psychiques, <span style=\"background-color: var(--wp--preset--color--base); color: var(--wp--preset--color--body-text); font-family: var(--wp--preset--font-family--cormorant); font-size: var(--wp--preset--font-size--body-text);\">\u00e9ducatives et <\/span><span style=\"background-color: var(--wp--preset--color--base); color: var(--wp--preset--color--body-text); font-family: var(--wp--preset--font-family--cormorant); font-size: var(--wp--preset--font-size--body-text);\">\u00e9conomiques.<\/span><\/p>\n<p>Aussi, l&rsquo;Association <strong>AUX QUATRE COINS DES MOTS <\/strong>propose :<\/p>\n<ul>\n<li>d&rsquo;accompagner le sujet par un travail de <strong>parole<\/strong> soutenu dans le champ psychanalytique ;<\/li>\n<li>de soutenir et d&rsquo;accompagner chaque <strong>sujet<\/strong> et chaque <strong>famille<\/strong> de fa\u00e7on singuli\u00e8re\u00a0;<\/li>\n<li>de soutenir la structuration subjective et <strong>l\u2019autonomie<\/strong> de l\u2019enfant\u00a0;<\/li>\n<li>d&rsquo;interroger et transmettre l\u2019\u00e9tude de nos pratiques\u00a0;<\/li>\n<li>de consolider le travail en <strong>r\u00e9seau<\/strong> et accompagner les <strong>partenaires<\/strong>\u00a0;<\/li>\n<li>de proposer et d&rsquo;animer dans les espaces collectifs publics des <strong>rencontres, conf\u00e9rences,<\/strong> d\u00e9bats, <strong>groupes de parole<\/strong> et des <strong>formations<\/strong> en lien avec notre objet.<\/li>\n<\/ul>\n<p>Ici, comme ailleurs, les enjeux du \u00ab\u00a0vivre ensemble\u00a0\u00bb se d\u00e9clinent au regard du <a href=\"http:\/\/classiques.uqac.ca\/classiques\/freud_sigmund\/malaise_civilisation\/malaise_civilisation.pdf\" target=\"_blank\" rel=\"noopener\"><strong><em>\u00ab\u00a0Malaise dans la civilisation\u00a0\u00bb<\/em><\/strong><\/a> , et de ses effets sur la coh\u00e9sion du lien social.<\/p>\n<p style=\"text-align: center;\"><strong>*****<\/strong><\/p>\n<p>L&rsquo;Association <strong>AUX QUATRE COINS DES MOTS<\/strong><\/p>\n<ul>\n<li>est <strong>reconnue d&rsquo;int\u00e9r\u00eat g\u00e9n\u00e9ral*<\/strong> (rescrit fiscal : fiscalit\u00e9 &amp; m\u00e9c\u00e9nat)\n<ul>\n<li>O4CDM peut \u00e9mettre des re\u00e7us fiscaux au b\u00e9n\u00e9fice de ses donateurs<\/li>\n<\/ul>\n<\/li>\n<li>est membre du <a href=\"http:\/\/www.reaap30-gard.fr\/\" target=\"_blank\" rel=\"noopener\"><strong>REAAP 30<\/strong> <\/a>: <strong>R\u00e9seau d\u2019\u00c9coute, d&rsquo;Appui et d&rsquo;Accompagnement des Parents\u00a0<\/strong> (Samuel Vincent) &#8211; Gard<\/li>\n<li>appartient au champ de l\u2019<strong style=\"font-size: revert; text-align: center; background-color: var(--wp--preset--color--base); color: var(--wp--preset--color--body-text); font-family: var(--wp--preset--font-family--cormorant);\">\u00c9conomie Sociale et Solidaire<\/strong><span style=\"font-size: revert; text-align: center; background-color: var(--wp--preset--color--base); color: var(--wp--preset--color--body-text); font-family: var(--wp--preset--font-family--cormorant);\"> (d\u00e9finit par la <\/span><em style=\"font-size: revert; text-align: center; background-color: var(--wp--preset--color--base); color: var(--wp--preset--color--body-text); font-family: var(--wp--preset--font-family--cormorant);\"><strong><a href=\"https:\/\/www.legifrance.gouv.fr\/affichTexte.do?cidTexte=JORFTEXT000029313296&amp;categorieLien=id\" target=\"_blank\" rel=\"noopener\">loi n\u00b0 2014-856 du 31 juillet 2014<\/a><\/strong><\/em><span style=\"font-size: revert; text-align: center; background-color: var(--wp--preset--color--base); color: var(--wp--preset--color--body-text); font-family: var(--wp--preset--font-family--cormorant);\">).<\/span><\/li>\n<li>est adh\u00e9rente au <strong>C.E.A<\/strong>. :<em style=\"font-size: revert; background-color: var(--wp--preset--color--base); color: var(--wp--preset--color--body-text); font-family: var(--wp--preset--font-family--cormorant);\"><strong> <a href=\"https:\/\/www.cea.urssaf.fr\/ceawebinfo\/cms\/index.html\">Ch\u00e8que Emploi Associatif<\/a> <\/strong><\/em><span style=\"font-size: revert; background-color: var(--wp--preset--color--base); color: var(--wp--preset--color--body-text); font-family: var(--wp--preset--font-family--cormorant);\">(offre de service du r\u00e9seau Urssaf)<\/span><\/li>\n<li>s&rsquo;inscrit dans le cadre du<strong> <a href=\"https:\/\/travail-emploi.gouv.fr\/le-ministere-en-action\/relance-activite\/\">plan de relance<\/a>,<\/strong> et de favoriser l\u2019<strong>emploi des personnes en situation de<\/strong> <strong>handicap<\/strong> quel que soit leur \u00e2ge (<a href=\"https:\/\/www.legifrance.gouv.fr\/jorf\/id\/JORFTEXT000042401631\" target=\"_blank\" rel=\"noreferrer noopener\">d\u00e9cret- n\u00b0\u00a02020-1223 du 6 octobre 2020<\/a>)<\/li>\n<\/ul>\n\n\n<p class=\"has-text-align-right\"><em>*selon les crit\u00e8res de l\u2019administration fiscale<\/em><\/p>\n\n\n\n<h4 class=\"wp-block-heading\"><\/h4>\n\n\n\n<br><br>\n\n\n\n<p class=\"guide-lecture\">Pour d\u00e9couvrir la suite, suivez le chemin\u2026<\/p>\n\n\n\n<div class=\"wp-block-buttons is-content-justification-center is-layout-flex wp-container-core-buttons-is-layout-a89b3969 wp-block-buttons-is-layout-flex\">\n<div class=\"wp-block-button\"><a class=\"wp-block-button__link wp-element-button\" href=\"https:\/\/aux-4-coins-des-mots.fr\/index.php\/che-vuoi\/\" target=\"_blank\" rel=\"noreferrer noopener\"><strong>POURQUOI AUX QUATRE COINS DES MOTS ?<\/strong><\/a><\/div>\n<\/div>\n\n\n\n<br><br>\n\n\n\n<div class=\"wp-block-columns is-layout-flex wp-container-core-columns-is-layout-28f84493 wp-block-columns-is-layout-flex\">\n<div class=\"wp-block-column is-layout-flow wp-block-column-is-layout-flow\" style=\"flex-basis:100%\"><div class=\"rl-gallery-container rl-loading\" id=\"rl-gallery-container-1\" data-gallery_id=\"3042\"> <div class=\"rl-gallery rl-basicgrid-gallery rl-hover-icon-9\" id=\"rl-gallery-1\" data-gallery_no=\"1\"> <div class=\"rl-gallery-item\"><a href=\"\" style=\"cursor: default;\" title=\"\" data-rl_title=\"\" class=\"rl-gallery-link\" data-rl_caption=\"\" data-rel=\"norl\"><img loading=\"lazy\" decoding=\"async\" src=\"https:\/\/aux-4-coins-des-mots.fr\/wp-content\/uploads\/2025\/12\/ecole-300x300.jpg\" width=\"300\" height=\"300\" alt=\"\"\/><\/a><\/div><div class=\"rl-gallery-item\"><a href=\"\" style=\"cursor: default;\" title=\"\" data-rl_title=\"\" class=\"rl-gallery-link\" data-rl_caption=\"\" data-rel=\"norl\"><img loading=\"lazy\" decoding=\"async\" src=\"https:\/\/aux-4-coins-des-mots.fr\/wp-content\/uploads\/2025\/11\/QPV-2024-BEAUCAIRE-AMOUREUX-O4CDM-212x300.jpg\" width=\"212\" height=\"300\" alt=\"\"\/><\/a><\/div><div class=\"rl-gallery-item\"><a href=\"\" style=\"cursor: default;\" title=\"\" data-rl_title=\"\" class=\"rl-gallery-link\" data-rl_caption=\"\" data-rel=\"norl\"><img loading=\"lazy\" decoding=\"async\" src=\"https:\/\/aux-4-coins-des-mots.fr\/wp-content\/uploads\/2025\/01\/LOGO-PANDA-CMS-300x220.png\" width=\"300\" height=\"220\" alt=\"\"\/><\/a><\/div><div class=\"rl-gallery-item\"><a href=\"\" style=\"cursor: default;\" title=\"\" data-rl_title=\"\" class=\"rl-gallery-link\" data-rl_caption=\"\" data-rel=\"norl\"><img loading=\"lazy\" decoding=\"async\" src=\"https:\/\/aux-4-coins-des-mots.fr\/wp-content\/uploads\/2025\/12\/midi-libre-2-300x169.jpg\" width=\"300\" height=\"169\" alt=\"\"\/><\/a><\/div><div class=\"rl-gallery-item\"><a href=\"\" style=\"cursor: default;\" title=\"\" data-rl_title=\"\" class=\"rl-gallery-link\" data-rl_caption=\"\" data-rel=\"norl\"><img loading=\"lazy\" decoding=\"async\" src=\"https:\/\/aux-4-coins-des-mots.fr\/wp-content\/uploads\/2025\/10\/passerelle-logo-copie-1-300x202.jpg\" width=\"300\" height=\"202\" alt=\"\"\/><\/a><\/div><div class=\"rl-gallery-item\"><a href=\"\" style=\"cursor: default;\" title=\"\" data-rl_title=\"\" class=\"rl-gallery-link\" data-rl_caption=\"\" data-rel=\"norl\"><img loading=\"lazy\" decoding=\"async\" src=\"https:\/\/aux-4-coins-des-mots.fr\/wp-content\/uploads\/2025\/12\/bible-2989427_1920-300x212.jpg\" width=\"300\" height=\"212\" alt=\"\"\/><\/a><\/div><div class=\"rl-gallery-item\"><a href=\"\" style=\"cursor: default;\" title=\"\" data-rl_title=\"\" class=\"rl-gallery-link\" data-rl_caption=\"\" data-rel=\"norl\"><img loading=\"lazy\" decoding=\"async\" src=\"https:\/\/aux-4-coins-des-mots.fr\/wp-content\/uploads\/2025\/12\/midi-libre-3-1-300x169.jpg\" width=\"300\" height=\"169\" alt=\"\"\/><\/a><\/div><div class=\"rl-gallery-item\"><a href=\"\" style=\"cursor: default;\" title=\"\" data-rl_title=\"\" class=\"rl-gallery-link\" data-rl_caption=\"\" data-rel=\"norl\"><img loading=\"lazy\" decoding=\"async\" src=\"https:\/\/aux-4-coins-des-mots.fr\/wp-content\/uploads\/2025\/10\/logo-Opair-3-300x300.jpg\" width=\"300\" height=\"300\" alt=\"\"\/><\/a><\/div><div class=\"rl-gallery-item\"><a href=\"\" style=\"cursor: default;\" title=\"\" data-rl_title=\"\" class=\"rl-gallery-link\" data-rl_caption=\"\" data-rel=\"norl\"><img loading=\"lazy\" decoding=\"async\" src=\"https:\/\/aux-4-coins-des-mots.fr\/wp-content\/uploads\/2025\/12\/delga-midi-libre-300x169.jpg\" width=\"300\" height=\"169\" alt=\"\"\/><\/a><\/div><div class=\"rl-gallery-item\"><a href=\"\" style=\"cursor: default;\" title=\"\" data-rl_title=\"\" class=\"rl-gallery-link\" data-rl_caption=\"\" data-rel=\"norl\"><img loading=\"lazy\" decoding=\"async\" src=\"https:\/\/aux-4-coins-des-mots.fr\/wp-content\/uploads\/2025\/12\/mixcite-300x168.jpg\" width=\"300\" height=\"168\" alt=\"\"\/><\/a><\/div> <\/div> <\/div>\n<\/div>\n<\/div>\n\n\n\n<br><br>\n\n\n\n<figure class=\"wp-block-image aligncenter size-full is-resized\"><img loading=\"lazy\" decoding=\"async\" width=\"512\" height=\"512\" src=\"https:\/\/aux-4-coins-des-mots.fr\/wp-content\/uploads\/2025\/08\/OZEIL_COMPT-Habilite.png\" alt=\"\" class=\"wp-image-2651\" style=\"width:130px;height:auto\" srcset=\"https:\/\/aux-4-coins-des-mots.fr\/wp-content\/uploads\/2025\/08\/OZEIL_COMPT-Habilite.png 512w, https:\/\/aux-4-coins-des-mots.fr\/wp-content\/uploads\/2025\/08\/OZEIL_COMPT-Habilite-300x300.png 300w, https:\/\/aux-4-coins-des-mots.fr\/wp-content\/uploads\/2025\/08\/OZEIL_COMPT-Habilite-150x150.png 150w\" sizes=\"auto, (max-width: 512px) 100vw, 512px\" \/><figcaption class=\"wp-element-caption\">OZEIL by O4CDM<\/figcaption><\/figure>\n\n\n\n<figure class=\"wp-block-image aligncenter size-full is-resized\"><img loading=\"lazy\" decoding=\"async\" width=\"1024\" height=\"1024\" src=\"https:\/\/aux-4-coins-des-mots.fr\/wp-content\/uploads\/2025\/08\/icone_nimbus.png\" alt=\"\" class=\"wp-image-2650\" style=\"width:129px;height:auto\" srcset=\"https:\/\/aux-4-coins-des-mots.fr\/wp-content\/uploads\/2025\/08\/icone_nimbus.png 1024w, https:\/\/aux-4-coins-des-mots.fr\/wp-content\/uploads\/2025\/08\/icone_nimbus-300x300.png 300w, https:\/\/aux-4-coins-des-mots.fr\/wp-content\/uploads\/2025\/08\/icone_nimbus-150x150.png 150w, https:\/\/aux-4-coins-des-mots.fr\/wp-content\/uploads\/2025\/08\/icone_nimbus-768x768.png 768w\" sizes=\"auto, (max-width: 1024px) 100vw, 1024px\" \/><figcaption class=\"wp-element-caption\">NIMBUS by O4CDM<\/figcaption><\/figure>\n\n\n\n<p class=\"has-text-align-center\"><\/p>\n\n\n\n<h4 class=\"wp-block-heading has-text-align-center\"><\/h4>\n\n\n\n<p class=\"has-text-align-center\"><\/p>\n\n\n\n<p><\/p>\n<div class=\"pvc_clear\"><\/div><p id=\"pvc_stats_94\" class=\"pvc_stats all  \" data-element-id=\"94\" style=\"\"><i class=\"pvc-stats-icon medium\" aria-hidden=\"true\"><svg aria-hidden=\"true\" focusable=\"false\" data-prefix=\"far\" data-icon=\"chart-bar\" role=\"img\" xmlns=\"http:\/\/www.w3.org\/2000\/svg\" viewBox=\"0 0 512 512\" class=\"svg-inline--fa fa-chart-bar fa-w-16 fa-2x\"><path fill=\"currentColor\" d=\"M396.8 352h22.4c6.4 0 12.8-6.4 12.8-12.8V108.8c0-6.4-6.4-12.8-12.8-12.8h-22.4c-6.4 0-12.8 6.4-12.8 12.8v230.4c0 6.4 6.4 12.8 12.8 12.8zm-192 0h22.4c6.4 0 12.8-6.4 12.8-12.8V140.8c0-6.4-6.4-12.8-12.8-12.8h-22.4c-6.4 0-12.8 6.4-12.8 12.8v198.4c0 6.4 6.4 12.8 12.8 12.8zm96 0h22.4c6.4 0 12.8-6.4 12.8-12.8V204.8c0-6.4-6.4-12.8-12.8-12.8h-22.4c-6.4 0-12.8 6.4-12.8 12.8v134.4c0 6.4 6.4 12.8 12.8 12.8zM496 400H48V80c0-8.84-7.16-16-16-16H16C7.16 64 0 71.16 0 80v336c0 17.67 14.33 32 32 32h464c8.84 0 16-7.16 16-16v-16c0-8.84-7.16-16-16-16zm-387.2-48h22.4c6.4 0 12.8-6.4 12.8-12.8v-70.4c0-6.4-6.4-12.8-12.8-12.8h-22.4c-6.4 0-12.8 6.4-12.8 12.8v70.4c0 6.4 6.4 12.8 12.8 12.8z\" class=\"\"><\/path><\/svg><\/i> <img loading=\"lazy\" decoding=\"async\" width=\"16\" height=\"16\" alt=\"Loading\" src=\"https:\/\/aux-4-coins-des-mots.fr\/wp-content\/plugins\/page-views-count\/ajax-loader-2x.gif\" border=0 \/><\/p><div class=\"pvc_clear\"><\/div>","protected":false},"excerpt":{"rendered":"<p>Pr\u00e9sentation O4CDM &nbsp; Bienvenue sur le site d\u2019AUX QUATRE COINS DES MOTS, un lieu engag\u00e9 o\u00f9 la psychanalyse se d\u00e9ploie au c\u0153ur de la Cit\u00e9. Fond\u00e9 en f\u00e9vrier 2018 par Aline ESQUERRE, Jean Marie TASSEL, psychanalystes \u00e0 N\u00eemes et S\u00e9bastien JANICKI, Docteur en philosophie, ce collectif est n\u00e9 d\u2019un constat simple : l\u2019acc\u00e8s aux soins [&hellip;]<\/p>\n<div class=\"pvc_clear\"><\/div>\n<p id=\"pvc_stats_94\" class=\"pvc_stats all  \" data-element-id=\"94\" style=\"\"><i class=\"pvc-stats-icon medium\" aria-hidden=\"true\"><svg aria-hidden=\"true\" focusable=\"false\" data-prefix=\"far\" data-icon=\"chart-bar\" role=\"img\" xmlns=\"http:\/\/www.w3.org\/2000\/svg\" viewBox=\"0 0 512 512\" class=\"svg-inline--fa fa-chart-bar fa-w-16 fa-2x\"><path fill=\"currentColor\" d=\"M396.8 352h22.4c6.4 0 12.8-6.4 12.8-12.8V108.8c0-6.4-6.4-12.8-12.8-12.8h-22.4c-6.4 0-12.8 6.4-12.8 12.8v230.4c0 6.4 6.4 12.8 12.8 12.8zm-192 0h22.4c6.4 0 12.8-6.4 12.8-12.8V140.8c0-6.4-6.4-12.8-12.8-12.8h-22.4c-6.4 0-12.8 6.4-12.8 12.8v198.4c0 6.4 6.4 12.8 12.8 12.8zm96 0h22.4c6.4 0 12.8-6.4 12.8-12.8V204.8c0-6.4-6.4-12.8-12.8-12.8h-22.4c-6.4 0-12.8 6.4-12.8 12.8v134.4c0 6.4 6.4 12.8 12.8 12.8zM496 400H48V80c0-8.84-7.16-16-16-16H16C7.16 64 0 71.16 0 80v336c0 17.67 14.33 32 32 32h464c8.84 0 16-7.16 16-16v-16c0-8.84-7.16-16-16-16zm-387.2-48h22.4c6.4 0 12.8-6.4 12.8-12.8v-70.4c0-6.4-6.4-12.8-12.8-12.8h-22.4c-6.4 0-12.8 6.4-12.8 12.8v70.4c0 6.4 6.4 12.8 12.8 12.8z\" class=\"\"><\/path><\/svg><\/i> <img loading=\"lazy\" decoding=\"async\" width=\"16\" height=\"16\" alt=\"Loading\" src=\"https:\/\/aux-4-coins-des-mots.fr\/wp-content\/plugins\/page-views-count\/ajax-loader-2x.gif\" border=0 \/><\/p>\n<div class=\"pvc_clear\"><\/div>\n","protected":false},"author":1,"featured_media":0,"parent":0,"menu_order":0,"comment_status":"closed","ping_status":"closed","template":"","meta":{"iawp_total_views":68,"footnotes":""},"class_list":["post-94","page","type-page","status-publish","hentry"],"a3_pvc":{"activated":true,"total_views":442,"today_views":0},"jetpack_sharing_enabled":true,"_links":{"self":[{"href":"https:\/\/aux-4-coins-des-mots.fr\/index.php\/wp-json\/wp\/v2\/pages\/94","targetHints":{"allow":["GET"]}}],"collection":[{"href":"https:\/\/aux-4-coins-des-mots.fr\/index.php\/wp-json\/wp\/v2\/pages"}],"about":[{"href":"https:\/\/aux-4-coins-des-mots.fr\/index.php\/wp-json\/wp\/v2\/types\/page"}],"author":[{"embeddable":true,"href":"https:\/\/aux-4-coins-des-mots.fr\/index.php\/wp-json\/wp\/v2\/users\/1"}],"replies":[{"embeddable":true,"href":"https:\/\/aux-4-coins-des-mots.fr\/index.php\/wp-json\/wp\/v2\/comments?post=94"}],"version-history":[{"count":81,"href":"https:\/\/aux-4-coins-des-mots.fr\/index.php\/wp-json\/wp\/v2\/pages\/94\/revisions"}],"predecessor-version":[{"id":3397,"href":"https:\/\/aux-4-coins-des-mots.fr\/index.php\/wp-json\/wp\/v2\/pages\/94\/revisions\/3397"}],"wp:attachment":[{"href":"https:\/\/aux-4-coins-des-mots.fr\/index.php\/wp-json\/wp\/v2\/media?parent=94"}],"curies":[{"name":"wp","href":"https:\/\/api.w.org\/{rel}","templated":true}]}}