{"id":2848,"date":"2025-10-31T11:32:56","date_gmt":"2025-10-31T10:32:56","guid":{"rendered":"https:\/\/aux-4-coins-des-mots.fr\/?page_id=2848"},"modified":"2026-01-23T18:57:37","modified_gmt":"2026-01-23T17:57:37","slug":"participations-forfaitaires-p3f","status":"publish","type":"page","link":"https:\/\/aux-4-coins-des-mots.fr\/index.php\/participations-forfaitaires-p3f\/","title":{"rendered":"PARTICIPATION FORFAITAIRE (P3F)"},"content":{"rendered":"\n<h2 class=\"wp-block-heading has-text-align-left has-inter-font-family\"><strong>PAYER SA PARTICIPATION : \u00ab&nbsp;BENEFICIAIRE NON-MEMBRE&nbsp;\u00bb<\/strong><\/h2>\n\n\n\n<p class=\"has-text-align-center\">Une <strong>Participation Forfaitaire aux Frais de Fonctionnement<\/strong> (P3F) est demand\u00e9e aux b\u00e9n\u00e9ficiaires non-membres pour la mise \u00e0 disposition des locaux, la coordination et le soutien logistique des permanences ou activit\u00e9s propos\u00e9es.<\/p>\n\n\n\n<ul id=\"block-a1f16f8c-159a-4592-a322-e6fea77e9f78\" class=\"wp-block-list\">\n<li>TARIF :&nbsp;<em>Participation forfaitaire aux frais de fonctionnement,<\/em><\/li>\n\n\n\n<li><a href=\"https:\/\/aux-4-coins-des-mots.fr\/wp-content\/uploads\/2025\/10\/Reglement_beneficiaires_OQCDM.pdf\" target=\"_blank\" rel=\"noreferrer noopener\">R\u00e8glement d\u2019accueil des B\u00e9n\u00e9ficiaires Non-Membres<\/a><\/li>\n<\/ul>\n\n\n\n<div class=\"wp-block-buttons is-content-justification-center is-layout-flex wp-container-core-buttons-is-layout-a89b3969 wp-block-buttons-is-layout-flex\">\n<div class=\"wp-block-button\"><a class=\"wp-block-button__link wp-element-button\" href=\"https:\/\/www.helloasso.com\/associations\/aux-quatre-coins-des-mots\/adhesions\/beneficiaire-non-membre-2026\" target=\"_blank\" rel=\"noreferrer noopener\"><strong>PARTICIPATION FORFAITAIRE<\/strong><\/a><\/div>\n<\/div>\n\n\n\n<figure class=\"wp-block-image aligncenter size-full is-resized\"><img loading=\"lazy\" decoding=\"async\" width=\"600\" height=\"600\" src=\"https:\/\/aux-4-coins-des-mots.fr\/wp-content\/uploads\/2026\/01\/qr-code-p3f.png\" alt=\"\" class=\"wp-image-3451\" style=\"width:222px;height:auto\" srcset=\"https:\/\/aux-4-coins-des-mots.fr\/wp-content\/uploads\/2026\/01\/qr-code-p3f.png 600w, https:\/\/aux-4-coins-des-mots.fr\/wp-content\/uploads\/2026\/01\/qr-code-p3f-300x300.png 300w, https:\/\/aux-4-coins-des-mots.fr\/wp-content\/uploads\/2026\/01\/qr-code-p3f-150x150.png 150w\" sizes=\"auto, (max-width: 600px) 100vw, 600px\" \/><\/figure>\n\n\n\n<iframe id=\"haWidget\" allowtransparency=\"true\" src=\"https:\/\/www.helloasso.com\/associations\/aux-quatre-coins-des-mots\/adhesions\/beneficiaire-non-membre-2026\/widget\" style=\"width: 100%; border: none;\" onload=\"window.addEventListener( 'message', function(e) { const dataHeight = e.data.height; const haWidgetElement = document.getElementById('haWidget'); haWidgetElement.height = dataHeight + 'px'; } )\" ><\/iframe>\n\n\n\n<h6 class=\"wp-block-heading has-text-align-left\"><em>Si vous ne disposez pas d&rsquo;une Carte Bancaire, vous pouvez payer votre P3F en Esp\u00e8ces directement aupr\u00e8s du praticien lors de votre premier rendez-vous. Un re\u00e7u vous sera d\u00e9livr\u00e9. <\/em><\/h6>\n\n\n\n<p><\/p>\n<div class=\"pvc_clear\"><\/div><p id=\"pvc_stats_2848\" class=\"pvc_stats all  \" data-element-id=\"2848\" style=\"\"><i class=\"pvc-stats-icon medium\" aria-hidden=\"true\"><svg aria-hidden=\"true\" focusable=\"false\" data-prefix=\"far\" data-icon=\"chart-bar\" role=\"img\" xmlns=\"http:\/\/www.w3.org\/2000\/svg\" viewBox=\"0 0 512 512\" class=\"svg-inline--fa fa-chart-bar fa-w-16 fa-2x\"><path fill=\"currentColor\" d=\"M396.8 352h22.4c6.4 0 12.8-6.4 12.8-12.8V108.8c0-6.4-6.4-12.8-12.8-12.8h-22.4c-6.4 0-12.8 6.4-12.8 12.8v230.4c0 6.4 6.4 12.8 12.8 12.8zm-192 0h22.4c6.4 0 12.8-6.4 12.8-12.8V140.8c0-6.4-6.4-12.8-12.8-12.8h-22.4c-6.4 0-12.8 6.4-12.8 12.8v198.4c0 6.4 6.4 12.8 12.8 12.8zm96 0h22.4c6.4 0 12.8-6.4 12.8-12.8V204.8c0-6.4-6.4-12.8-12.8-12.8h-22.4c-6.4 0-12.8 6.4-12.8 12.8v134.4c0 6.4 6.4 12.8 12.8 12.8zM496 400H48V80c0-8.84-7.16-16-16-16H16C7.16 64 0 71.16 0 80v336c0 17.67 14.33 32 32 32h464c8.84 0 16-7.16 16-16v-16c0-8.84-7.16-16-16-16zm-387.2-48h22.4c6.4 0 12.8-6.4 12.8-12.8v-70.4c0-6.4-6.4-12.8-12.8-12.8h-22.4c-6.4 0-12.8 6.4-12.8 12.8v70.4c0 6.4 6.4 12.8 12.8 12.8z\" class=\"\"><\/path><\/svg><\/i> <img loading=\"lazy\" decoding=\"async\" width=\"16\" height=\"16\" alt=\"Loading\" src=\"https:\/\/aux-4-coins-des-mots.fr\/wp-content\/plugins\/page-views-count\/ajax-loader-2x.gif\" border=0 \/><\/p><div class=\"pvc_clear\"><\/div>","protected":false},"excerpt":{"rendered":"<p>PAYER SA PARTICIPATION : \u00ab&nbsp;BENEFICIAIRE NON-MEMBRE&nbsp;\u00bb Une Participation Forfaitaire aux Frais de Fonctionnement (P3F) est demand\u00e9e aux b\u00e9n\u00e9ficiaires non-membres pour la mise \u00e0 disposition des locaux, la coordination et le soutien logistique des permanences ou activit\u00e9s propos\u00e9es. Si vous ne disposez pas d&rsquo;une Carte Bancaire, vous pouvez payer votre P3F en Esp\u00e8ces directement aupr\u00e8s du [&hellip;]<\/p>\n<div class=\"pvc_clear\"><\/div>\n<p id=\"pvc_stats_2848\" class=\"pvc_stats all  \" data-element-id=\"2848\" style=\"\"><i class=\"pvc-stats-icon medium\" aria-hidden=\"true\"><svg aria-hidden=\"true\" focusable=\"false\" data-prefix=\"far\" data-icon=\"chart-bar\" role=\"img\" xmlns=\"http:\/\/www.w3.org\/2000\/svg\" viewBox=\"0 0 512 512\" class=\"svg-inline--fa fa-chart-bar fa-w-16 fa-2x\"><path fill=\"currentColor\" d=\"M396.8 352h22.4c6.4 0 12.8-6.4 12.8-12.8V108.8c0-6.4-6.4-12.8-12.8-12.8h-22.4c-6.4 0-12.8 6.4-12.8 12.8v230.4c0 6.4 6.4 12.8 12.8 12.8zm-192 0h22.4c6.4 0 12.8-6.4 12.8-12.8V140.8c0-6.4-6.4-12.8-12.8-12.8h-22.4c-6.4 0-12.8 6.4-12.8 12.8v198.4c0 6.4 6.4 12.8 12.8 12.8zm96 0h22.4c6.4 0 12.8-6.4 12.8-12.8V204.8c0-6.4-6.4-12.8-12.8-12.8h-22.4c-6.4 0-12.8 6.4-12.8 12.8v134.4c0 6.4 6.4 12.8 12.8 12.8zM496 400H48V80c0-8.84-7.16-16-16-16H16C7.16 64 0 71.16 0 80v336c0 17.67 14.33 32 32 32h464c8.84 0 16-7.16 16-16v-16c0-8.84-7.16-16-16-16zm-387.2-48h22.4c6.4 0 12.8-6.4 12.8-12.8v-70.4c0-6.4-6.4-12.8-12.8-12.8h-22.4c-6.4 0-12.8 6.4-12.8 12.8v70.4c0 6.4 6.4 12.8 12.8 12.8z\" class=\"\"><\/path><\/svg><\/i> <img loading=\"lazy\" decoding=\"async\" width=\"16\" height=\"16\" alt=\"Loading\" src=\"https:\/\/aux-4-coins-des-mots.fr\/wp-content\/plugins\/page-views-count\/ajax-loader-2x.gif\" border=0 \/><\/p>\n<div class=\"pvc_clear\"><\/div>\n","protected":false},"author":1,"featured_media":0,"parent":0,"menu_order":0,"comment_status":"closed","ping_status":"closed","template":"","meta":{"iawp_total_views":47,"footnotes":""},"class_list":["post-2848","page","type-page","status-publish","hentry"],"a3_pvc":{"activated":true,"total_views":128,"today_views":0},"jetpack_sharing_enabled":true,"_links":{"self":[{"href":"https:\/\/aux-4-coins-des-mots.fr\/index.php\/wp-json\/wp\/v2\/pages\/2848","targetHints":{"allow":["GET"]}}],"collection":[{"href":"https:\/\/aux-4-coins-des-mots.fr\/index.php\/wp-json\/wp\/v2\/pages"}],"about":[{"href":"https:\/\/aux-4-coins-des-mots.fr\/index.php\/wp-json\/wp\/v2\/types\/page"}],"author":[{"embeddable":true,"href":"https:\/\/aux-4-coins-des-mots.fr\/index.php\/wp-json\/wp\/v2\/users\/1"}],"replies":[{"embeddable":true,"href":"https:\/\/aux-4-coins-des-mots.fr\/index.php\/wp-json\/wp\/v2\/comments?post=2848"}],"version-history":[{"count":11,"href":"https:\/\/aux-4-coins-des-mots.fr\/index.php\/wp-json\/wp\/v2\/pages\/2848\/revisions"}],"predecessor-version":[{"id":3650,"href":"https:\/\/aux-4-coins-des-mots.fr\/index.php\/wp-json\/wp\/v2\/pages\/2848\/revisions\/3650"}],"wp:attachment":[{"href":"https:\/\/aux-4-coins-des-mots.fr\/index.php\/wp-json\/wp\/v2\/media?parent=2848"}],"curies":[{"name":"wp","href":"https:\/\/api.w.org\/{rel}","templated":true}]}}