{"id":2742,"date":"2025-10-20T11:33:53","date_gmt":"2025-10-20T09:33:53","guid":{"rendered":"https:\/\/aux-4-coins-des-mots.fr\/?page_id=2742"},"modified":"2026-04-18T13:07:43","modified_gmt":"2026-04-18T11:07:43","slug":"opair","status":"publish","type":"page","link":"https:\/\/aux-4-coins-des-mots.fr\/index.php\/opair\/","title":{"rendered":"OPAIR"},"content":{"rendered":"\n<figure class=\"wp-block-image aligncenter size-full is-resized\"><img loading=\"lazy\" decoding=\"async\" width=\"425\" height=\"425\" src=\"https:\/\/aux-4-coins-des-mots.fr\/wp-content\/uploads\/2025\/10\/logo-Opair-3.jpg\" alt=\"\" class=\"wp-image-2844\" style=\"width:432px;height:auto\" srcset=\"https:\/\/aux-4-coins-des-mots.fr\/wp-content\/uploads\/2025\/10\/logo-Opair-3.jpg 425w, https:\/\/aux-4-coins-des-mots.fr\/wp-content\/uploads\/2025\/10\/logo-Opair-3-300x300.jpg 300w, https:\/\/aux-4-coins-des-mots.fr\/wp-content\/uploads\/2025\/10\/logo-Opair-3-150x150.jpg 150w\" sizes=\"auto, (max-width: 425px) 100vw, 425px\" \/><\/figure>\n\n\n\n<h2 class=\"wp-block-heading has-text-align-left has-inter-font-family\">OPAIR : <strong>ESPACE DE PAIR AIDANCE en SANTE MENTALE<\/strong><\/h2>\n\n\n\n<h2 class=\"wp-block-heading has-primary-color has-text-color has-link-color wp-elements-a8744d7872aca4a4aff8bacf88fd6a1d\">En bref&#8230;<\/h2>\n\n\n\n<p><strong>OPAIR est l\u2019un des dispositifs de l\u2019association.<\/strong> Il s\u2019appuie sur la <em>pair-aidance<\/em> : un accompagnement assur\u00e9 par des personnes ayant v\u00e9cu des situations similaires et form\u00e9es pour partager leurs savoirs exp\u00e9rientiels (sant\u00e9 mentale, addictions, maladies chroniques, handicap, grande pr\u00e9carit\u00e9). Leur <strong>exp\u00e9rience v\u00e9cue<\/strong>, mise en mots et en comp\u00e9tences, permet d\u2019offrir un <strong>soutien concret, cr\u00e9dible et motivant<\/strong> aux personnes suivies, en compl\u00e9ment des professionnels.<\/p>\n\n\n\n<p>La pair aidance repose sur l&rsquo;entr&rsquo;aide mutuelle. <\/p>\n\n\n\n<p>Un pair aidant est une personne qui a surmont\u00e9 des difficult\u00e9s similaires aux v\u00f4tres et qui utilise son exp\u00e9rience pour vous aider.<br>L&rsquo;association aux quatre coins des mots vous propose un accompagnement en pair-aidance.<\/p>\n\n\n\n<p class=\"has-primary-color has-text-color has-link-color wp-elements-415ae233e0a6cff0a128b1be8e4f4cbb\"><strong>INTERVENANT(S)<\/strong><\/p>\n\n\n\n<ul class=\"wp-block-list\">\n<li>Chercheur ind\u00e9pendant en S.H.S, Docteur en Philosophie (Epist\u00e9mologie, Histoire des sciences et des techniques), titulaire d&rsquo;un DOCTORAT de Philosophie (<strong>Universit\u00e9 Lyon 3<\/strong>)<\/li>\n\n\n\n<li>Pair aidant en formation (Dipl\u00f4me Universitaite <strong>D.U. \u201cPair-Aidance &amp; Savoirs Exp\u00e9rientiels\u201d \u2013 Universit\u00e9 Rennes 2<\/strong>) (r\u00e9unions, co-construction des parcours, actions de sensibilisation).<\/li>\n\n\n\n<li>Psychologue, psychoth\u00e9rapeute, Titulaire d&rsquo;un MASTER Mention <em>Psychologie clinique et psychopathologie<\/em> et\/ou <em>Etudes psychanalytiques<\/em>. (inscrit au RPPS, ARS Occitanie)<\/li>\n<\/ul>\n\n\n\n<p><strong>Pour qui ?<\/strong> Toute personne qui souhaite \u00eatre accompagn\u00e9e.<br><strong>Comment ?<\/strong> Des rencontres individuelles et\/ou de groupe en lien avec l\u2019\u00e9quipe.<br><strong>Nos engagements :<\/strong> respect, confidentialit\u00e9, non-jugement, et articulation avec les soignants et travailleurs sociaux (cadre sanitaire, social ou m\u00e9dico-social).<\/p>\n\n\n\n<details class=\"wp-block-details is-layout-flow wp-block-details-is-layout-flow\"><summary><strong>La pair-aidance? (Lire la suite&#8230;)<\/strong><\/summary>\n<p>La pair-aidance repose sur l&rsquo;entraide entre personnes souffrant ou ayant souffert d&rsquo;une m\u00eame maladie, qu&rsquo;elle soit somatique ou psychique. Plus largement, la pair-aidance favorise le r\u00e9tablissement, redonne de l&rsquo;espoir aux personnes accompagn\u00e9es et les soutient dans leur projet de vie.<br>Les pair-aidants enrichissent les prises en charge gr\u00e2ce \u00e0 leur v\u00e9cu, apportant une approche plus humaine, empathique et personnalis\u00e9e. Ils participent \u00e0 am\u00e9liorer la qualit\u00e9 des soins et des accompagnements et la qualit\u00e9 de vie des usagers dans leur environnement. (HAS, janvier 2025)<br>La pair-aidance r\u00e9pond aux priorit\u00e9s de sant\u00e9 publique, notamment pour les pathologies chroniques. Elle vise le r\u00e9tablissement psychosocial en particulier dans les situations de handicap, de perte d&rsquo;autonomie ou de grande pr\u00e9carit\u00e9.<\/p>\n<\/details>\n\n\n\n<details class=\"wp-block-details is-layout-flow wp-block-details-is-layout-flow\"><summary><strong>Finalit\u00e9s et p\u00e9rim\u00e8tre <strong>(Lire la suite&#8230;)<\/strong><\/strong><br><\/summary>\n<p>OPAIR d\u00e9ploie de la pair-aidance <strong>professionnelle<\/strong> au sein de dispositifs sanitaires, sociaux et m\u00e9dico-sociaux. La pair-aidance s\u2019appuie sur les <strong>savoirs exp\u00e9rientiels<\/strong> transform\u00e9s en comp\u00e9tences, pour <strong>soutenir le r\u00e9tablissement, l\u2019autod\u00e9termination et l\u2019acc\u00e8s aux droits<\/strong>. La Haute Autorit\u00e9 de Sant\u00e9 (HAS) a engag\u00e9 en 2025 un travail national de cadrage et de recommandations pour structurer ces pratiques dans cinq domaines (sant\u00e9 mentale\/psychiatrie, addictions, maladies chroniques-canc\u00e9rologie, handicap-inclusion, pr\u00e9carit\u00e9s).<\/p>\n<\/details>\n\n\n\n<details class=\"wp-block-details is-layout-flow wp-block-details-is-layout-flow\"><summary><strong>R\u00e9f\u00e9rentiel de formation <strong>(Lire la suite&#8230;)<\/strong><\/strong><\/summary>\n<p>Nos intervenants s\u2019appuient sur le Dipl\u00f4me Universitaire \u201c<strong><em>Pair-Aidance &amp; Savoirs Exp\u00e9rientiels<\/em><\/strong>\u201d (Universit\u00e9 Rennes 2) :<br><strong>Tronc commun<\/strong> : relation d\u2019aide entre pairs, \u00e9thique, posture, travail en \u00e9quipe et en partenariat.<br><strong>Sp\u00e9cialisations<\/strong> : <strong>handicap, maladies chroniques, sant\u00e9 mentale, addictions, grande pauvret\u00e9<\/strong>.<br><strong>P\u00e9dagogie<\/strong> : cours, analyse des pratiques, stage.<\/p>\n<\/details>\n\n\n\n<details class=\"wp-block-details is-layout-flow wp-block-details-is-layout-flow\"><summary><strong>Cadre l\u00e9gal &amp; institutionnel <strong>(Lire la suite&#8230;)<\/strong><\/strong><\/summary>\n<p><strong>Statut \/ Titres<\/strong> : \u00e0 ce jour, la fonction de pair-aidant <strong>n\u2019est pas r\u00e9f\u00e9renc\u00e9e au RNCP<\/strong> et <strong>il n\u2019existe pas de statut unique<\/strong> national (la pair-aidance s\u2019exerce sous divers contrats\/fonctions au sein d\u2019\u00e9quipes).<br><strong>Reconnaissances et politiques publiques<\/strong> : le <strong>M\u00e9diateur de sant\u00e9-pair (MSP)<\/strong> constitue une modalit\u00e9 sp\u00e9cifique de pair-aidance professionnelle en sant\u00e9 mentale, soutenue par les ARS et le CCOMS.<br><strong>R\u00e9f\u00e9rences minist\u00e9rielles<\/strong> : la <strong>fiche de poste \u201cM\u00e9diateur de sant\u00e9-pair\u201d<\/strong> (Minist\u00e8re de la Sant\u00e9) d\u00e9taille missions et activit\u00e9s (alliance th\u00e9rapeutique, acc\u00e8s aux soins, soutien par les pairs, empowerment, participation aux r\u00e9unions d\u2019\u00e9quipe).<\/p>\n<\/details>\n\n\n\n<details class=\"wp-block-details is-layout-flow wp-block-details-is-layout-flow\"><summary><strong>En pratique chez OPAIR <strong>(Lire la suite&#8230;)<\/strong><br><\/strong><\/summary>\n<p>Soutenir les personnes<br>Accompagnement physique, VAD et en distanciel.<br>Animer un r\u00e9seau local de pair aidants en sant\u00e9 mentale.<br>Sensibiliser les \u00e9quipes \u00e0 l&rsquo;int\u00e9gration des pairs-aidants professionnels.<br>Former les pair-aidants.<br>Analyser les pratiques professionnelles.<br>Elaborer \u00e0 partir des savoirs exp\u00e9rientiels (rares).<br>Travailler en \u00e9quipe. Avec les psychologues, psychoth\u00e9rapeutes de l&rsquo;association.<\/p>\n\n\n\n<p><strong>D\u00e9ontologie<\/strong> : <strong>confidentialit\u00e9<\/strong> et <strong>respect du cadre institutionnel<\/strong> (secret professionnel\/partage d\u2019informations limit\u00e9 au strict n\u00e9cessaire, selon le droit applicable et les proc\u00e9dures internes).<strong><br>Accompagnements individuels<\/strong> centr\u00e9s sur les objectifs de la personne (adh\u00e9rence au soin, acc\u00e8s aux droits, vie sociale, logement\/emploi\/formation).<br><strong>Ateliers de pair-\u00e0-pair<\/strong> (entraide, auto-support).<br><strong>Sensibilisations<\/strong> aupr\u00e8s des \u00e9quipes et des partenaires (culture du r\u00e9tablissement, lutte contre la stigmatisation).<br><strong>Participation usagers<\/strong> : implication dans la co-conception des actions.<\/p>\n<\/details>\n\n\n\n<details class=\"wp-block-details is-layout-flow wp-block-details-is-layout-flow\"><summary><strong>Objectifs <strong>(Lire la suite&#8230;)<\/strong><\/strong><\/summary>\n<p>L&rsquo;objectif principal de la pair-aidance est le r\u00e9tablissement psychosocial de la personne, en donnant un nouveau sens, de nouveaux buts \u00e0 la personne pair-aid\u00e9e dans la perspective du d\u00e9veloppement de l&rsquo;autonomie. Le r\u00e9tablissement est un processus qui n&rsquo;est pas la gu\u00e9rison mais permet \u00e0 chacun de cr\u00e9er de nouvelles normes de vie \u00e0 partir des savoirs exp\u00e9rientiels (rares) v\u00e9cus au cours de la maladie. Par ailleurs, la pair-aidance est \u00e9galement une position transversale avec d&rsquo;autres acteurs m\u00e9dicaux (\u00e9quipes soignantes, psychologues, travailleurs sociaux).<br>La philosophie du r\u00e9tablissement, quant \u00e0 elle, propose une autre approche qui encourage et soutient les choix de vie des personnes accompagn\u00e9es. En d&rsquo;autres termes, la gu\u00e9rison concerne le devenir de la maladie, le r\u00e9tablissement le devenir de la personne.<br>L&rsquo;\u00e9laboration et la transmission des savoirs exp\u00e9rientiels constitue la reconnaissance du sujet dans sa sp\u00e9cificit\u00e9 propre et de ses nouages relationnels. En m\u00eame temps les savoirs exp\u00e9rientiels peuvent \u00eatre transmis et constituent autant de solutions ou d&rsquo;outils disponibles dans la relation de pair-aidance.<\/p>\n<\/details>\n\n\n\n<h5 class=\"wp-block-heading has-text-align-center\"><strong><br><\/strong>Vous souhaitez en savoir plus, orienter une personne, ou rejoindre le dispositif comme pair-aidant ?<\/h5>\n\n\n\n<h4 class=\"wp-block-heading\"><br><strong>Contact OPAIR \u2014 Aux Quatre Coins des Mots (N\u00eemes)<\/strong> : <a href=\"https:\/\/aux-4-coins-des-mots.fr\/index.php\/contacts\/\" data-type=\"page\" data-id=\"100\" target=\"_blank\" rel=\"noreferrer noopener\">CONTACT<\/a> par MAIL.<\/h4>\n\n\n\n<h5 class=\"wp-block-heading\">SERVEUR INTERACTIF : <strong>09 72 177 199<\/strong> (Choix 3)<\/h5>\n\n\n\n<p><\/p>\n<div class=\"pvc_clear\"><\/div><p id=\"pvc_stats_2742\" class=\"pvc_stats all  \" data-element-id=\"2742\" style=\"\"><i class=\"pvc-stats-icon medium\" aria-hidden=\"true\"><svg aria-hidden=\"true\" focusable=\"false\" data-prefix=\"far\" data-icon=\"chart-bar\" role=\"img\" xmlns=\"http:\/\/www.w3.org\/2000\/svg\" viewBox=\"0 0 512 512\" class=\"svg-inline--fa fa-chart-bar fa-w-16 fa-2x\"><path fill=\"currentColor\" d=\"M396.8 352h22.4c6.4 0 12.8-6.4 12.8-12.8V108.8c0-6.4-6.4-12.8-12.8-12.8h-22.4c-6.4 0-12.8 6.4-12.8 12.8v230.4c0 6.4 6.4 12.8 12.8 12.8zm-192 0h22.4c6.4 0 12.8-6.4 12.8-12.8V140.8c0-6.4-6.4-12.8-12.8-12.8h-22.4c-6.4 0-12.8 6.4-12.8 12.8v198.4c0 6.4 6.4 12.8 12.8 12.8zm96 0h22.4c6.4 0 12.8-6.4 12.8-12.8V204.8c0-6.4-6.4-12.8-12.8-12.8h-22.4c-6.4 0-12.8 6.4-12.8 12.8v134.4c0 6.4 6.4 12.8 12.8 12.8zM496 400H48V80c0-8.84-7.16-16-16-16H16C7.16 64 0 71.16 0 80v336c0 17.67 14.33 32 32 32h464c8.84 0 16-7.16 16-16v-16c0-8.84-7.16-16-16-16zm-387.2-48h22.4c6.4 0 12.8-6.4 12.8-12.8v-70.4c0-6.4-6.4-12.8-12.8-12.8h-22.4c-6.4 0-12.8 6.4-12.8 12.8v70.4c0 6.4 6.4 12.8 12.8 12.8z\" class=\"\"><\/path><\/svg><\/i> <img loading=\"lazy\" decoding=\"async\" width=\"16\" height=\"16\" alt=\"Loading\" src=\"https:\/\/aux-4-coins-des-mots.fr\/wp-content\/plugins\/page-views-count\/ajax-loader-2x.gif\" border=0 \/><\/p><div class=\"pvc_clear\"><\/div>","protected":false},"excerpt":{"rendered":"<p>OPAIR : ESPACE DE PAIR AIDANCE en SANTE MENTALE En bref&#8230; OPAIR est l\u2019un des dispositifs de l\u2019association. Il s\u2019appuie sur la pair-aidance : un accompagnement assur\u00e9 par des personnes ayant v\u00e9cu des situations similaires et form\u00e9es pour partager leurs savoirs exp\u00e9rientiels (sant\u00e9 mentale, addictions, maladies chroniques, handicap, grande pr\u00e9carit\u00e9). Leur exp\u00e9rience v\u00e9cue, mise en [&hellip;]<\/p>\n<div class=\"pvc_clear\"><\/div>\n<p id=\"pvc_stats_2742\" class=\"pvc_stats all  \" data-element-id=\"2742\" style=\"\"><i class=\"pvc-stats-icon medium\" aria-hidden=\"true\"><svg aria-hidden=\"true\" focusable=\"false\" data-prefix=\"far\" data-icon=\"chart-bar\" role=\"img\" xmlns=\"http:\/\/www.w3.org\/2000\/svg\" viewBox=\"0 0 512 512\" class=\"svg-inline--fa fa-chart-bar fa-w-16 fa-2x\"><path fill=\"currentColor\" d=\"M396.8 352h22.4c6.4 0 12.8-6.4 12.8-12.8V108.8c0-6.4-6.4-12.8-12.8-12.8h-22.4c-6.4 0-12.8 6.4-12.8 12.8v230.4c0 6.4 6.4 12.8 12.8 12.8zm-192 0h22.4c6.4 0 12.8-6.4 12.8-12.8V140.8c0-6.4-6.4-12.8-12.8-12.8h-22.4c-6.4 0-12.8 6.4-12.8 12.8v198.4c0 6.4 6.4 12.8 12.8 12.8zm96 0h22.4c6.4 0 12.8-6.4 12.8-12.8V204.8c0-6.4-6.4-12.8-12.8-12.8h-22.4c-6.4 0-12.8 6.4-12.8 12.8v134.4c0 6.4 6.4 12.8 12.8 12.8zM496 400H48V80c0-8.84-7.16-16-16-16H16C7.16 64 0 71.16 0 80v336c0 17.67 14.33 32 32 32h464c8.84 0 16-7.16 16-16v-16c0-8.84-7.16-16-16-16zm-387.2-48h22.4c6.4 0 12.8-6.4 12.8-12.8v-70.4c0-6.4-6.4-12.8-12.8-12.8h-22.4c-6.4 0-12.8 6.4-12.8 12.8v70.4c0 6.4 6.4 12.8 12.8 12.8z\" class=\"\"><\/path><\/svg><\/i> <img loading=\"lazy\" decoding=\"async\" width=\"16\" height=\"16\" alt=\"Loading\" src=\"https:\/\/aux-4-coins-des-mots.fr\/wp-content\/plugins\/page-views-count\/ajax-loader-2x.gif\" border=0 \/><\/p>\n<div class=\"pvc_clear\"><\/div>\n","protected":false},"author":1,"featured_media":0,"parent":0,"menu_order":0,"comment_status":"closed","ping_status":"closed","template":"","meta":{"iawp_total_views":9,"footnotes":""},"class_list":["post-2742","page","type-page","status-publish","hentry"],"a3_pvc":{"activated":true,"total_views":98,"today_views":0},"jetpack_sharing_enabled":true,"_links":{"self":[{"href":"https:\/\/aux-4-coins-des-mots.fr\/index.php\/wp-json\/wp\/v2\/pages\/2742","targetHints":{"allow":["GET"]}}],"collection":[{"href":"https:\/\/aux-4-coins-des-mots.fr\/index.php\/wp-json\/wp\/v2\/pages"}],"about":[{"href":"https:\/\/aux-4-coins-des-mots.fr\/index.php\/wp-json\/wp\/v2\/types\/page"}],"author":[{"embeddable":true,"href":"https:\/\/aux-4-coins-des-mots.fr\/index.php\/wp-json\/wp\/v2\/users\/1"}],"replies":[{"embeddable":true,"href":"https:\/\/aux-4-coins-des-mots.fr\/index.php\/wp-json\/wp\/v2\/comments?post=2742"}],"version-history":[{"count":26,"href":"https:\/\/aux-4-coins-des-mots.fr\/index.php\/wp-json\/wp\/v2\/pages\/2742\/revisions"}],"predecessor-version":[{"id":3867,"href":"https:\/\/aux-4-coins-des-mots.fr\/index.php\/wp-json\/wp\/v2\/pages\/2742\/revisions\/3867"}],"wp:attachment":[{"href":"https:\/\/aux-4-coins-des-mots.fr\/index.php\/wp-json\/wp\/v2\/media?parent=2742"}],"curies":[{"name":"wp","href":"https:\/\/api.w.org\/{rel}","templated":true}]}}