{"id":2100,"date":"2025-01-24T20:56:51","date_gmt":"2025-01-24T19:56:51","guid":{"rendered":"https:\/\/aux-4-coins-des-mots.fr\/?page_id=2100"},"modified":"2026-04-18T13:02:51","modified_gmt":"2026-04-18T11:02:51","slug":"cite-educative","status":"publish","type":"page","link":"https:\/\/aux-4-coins-des-mots.fr\/index.php\/cite-educative\/","title":{"rendered":"ESPACE JEUNES MixCit\u00e9"},"content":{"rendered":"\n<h2 class=\"wp-block-heading has-text-align-left has-inter-font-family\">ESPACE JEUNES MixCit\u00e9<\/h2>\n\n\n\n<h3 class=\"wp-block-heading has-text-align-center\"><strong>Entretien Psychologique pour les jeunes scolaris\u00e9s<\/strong><\/h3>\n\n\n\n<p><\/p>\n\n\n\n<div class=\"wp-block-jetpack-tiled-gallery aligncenter is-style-rectangular\"><div class=\"\"><div class=\"tiled-gallery__gallery\"><div class=\"tiled-gallery__row\"><div class=\"tiled-gallery__col\" style=\"flex-basis:33.33333%\"><figure class=\"tiled-gallery__item\"><img decoding=\"async\" srcset=\"https:\/\/i1.wp.com\/aux-4-coins-des-mots.fr\/wp-content\/uploads\/2026\/02\/ado-groupe.png?strip=info&#038;w=600&#038;ssl=1 600w,https:\/\/i1.wp.com\/aux-4-coins-des-mots.fr\/wp-content\/uploads\/2026\/02\/ado-groupe.png?strip=info&#038;w=900&#038;ssl=1 900w,https:\/\/i1.wp.com\/aux-4-coins-des-mots.fr\/wp-content\/uploads\/2026\/02\/ado-groupe.png?strip=info&#038;w=1024&#038;ssl=1 1024w\" alt=\"\" data-height=\"1536\" data-id=\"3667\" data-link=\"https:\/\/aux-4-coins-des-mots.fr\/index.php\/cite-educative\/ado-groupe\/\" data-url=\"https:\/\/aux-4-coins-des-mots.fr\/wp-content\/uploads\/2026\/02\/ado-groupe.png\" data-width=\"1024\" src=\"https:\/\/i1.wp.com\/aux-4-coins-des-mots.fr\/wp-content\/uploads\/2026\/02\/ado-groupe.png?ssl=1\" data-amp-layout=\"responsive\" tabindex=\"0\" role=\"button\" aria-label=\"Ouvrir l\u2019image 1 sur 3 en plein \u00e9cran\"\/><\/figure><\/div><div class=\"tiled-gallery__col\" style=\"flex-basis:33.33333%\"><figure class=\"tiled-gallery__item\"><img decoding=\"async\" srcset=\"https:\/\/i1.wp.com\/aux-4-coins-des-mots.fr\/wp-content\/uploads\/2026\/02\/ado-groupe-2.png?strip=info&#038;w=600&#038;ssl=1 600w,https:\/\/i1.wp.com\/aux-4-coins-des-mots.fr\/wp-content\/uploads\/2026\/02\/ado-groupe-2.png?strip=info&#038;w=900&#038;ssl=1 900w,https:\/\/i1.wp.com\/aux-4-coins-des-mots.fr\/wp-content\/uploads\/2026\/02\/ado-groupe-2.png?strip=info&#038;w=1024&#038;ssl=1 1024w\" alt=\"\" data-height=\"1536\" data-id=\"3669\" data-link=\"https:\/\/aux-4-coins-des-mots.fr\/index.php\/cite-educative\/ado-groupe-2\/\" data-url=\"https:\/\/aux-4-coins-des-mots.fr\/wp-content\/uploads\/2026\/02\/ado-groupe-2.png\" data-width=\"1024\" src=\"https:\/\/i1.wp.com\/aux-4-coins-des-mots.fr\/wp-content\/uploads\/2026\/02\/ado-groupe-2.png?ssl=1\" data-amp-layout=\"responsive\" tabindex=\"0\" role=\"button\" aria-label=\"Ouvrir l\u2019image 1 sur 3 en plein \u00e9cran\"\/><\/figure><\/div><div class=\"tiled-gallery__col\" style=\"flex-basis:33.33333%\"><figure class=\"tiled-gallery__item\"><img decoding=\"async\" srcset=\"https:\/\/i0.wp.com\/aux-4-coins-des-mots.fr\/wp-content\/uploads\/2026\/02\/ado-seule.png?strip=info&#038;w=600&#038;ssl=1 600w,https:\/\/i0.wp.com\/aux-4-coins-des-mots.fr\/wp-content\/uploads\/2026\/02\/ado-seule.png?strip=info&#038;w=900&#038;ssl=1 900w,https:\/\/i0.wp.com\/aux-4-coins-des-mots.fr\/wp-content\/uploads\/2026\/02\/ado-seule.png?strip=info&#038;w=1024&#038;ssl=1 1024w\" alt=\"\" data-height=\"1536\" data-id=\"3670\" data-link=\"https:\/\/aux-4-coins-des-mots.fr\/index.php\/cite-educative\/ado-seule\/\" data-url=\"https:\/\/aux-4-coins-des-mots.fr\/wp-content\/uploads\/2026\/02\/ado-seule.png\" data-width=\"1024\" src=\"https:\/\/i0.wp.com\/aux-4-coins-des-mots.fr\/wp-content\/uploads\/2026\/02\/ado-seule.png?ssl=1\" data-amp-layout=\"responsive\" tabindex=\"0\" role=\"button\" aria-label=\"Ouvrir l\u2019image 1 sur 3 en plein \u00e9cran\"\/><\/figure><\/div><\/div><\/div><\/div><\/div>\n\n\n\n<hr class=\"wp-block-separator has-alpha-channel-opacity\"\/>\n\n\n\n<h3 class=\"wp-block-heading\"><strong>ESPACE JEUNES \u2013 MixCit\u00e9<\/strong><\/h3>\n\n\n\n<p>Dans le cadre des actions port\u00e9es par l\u2019association Aux Quatre Coins des Mots, l\u2019<strong>ESPACE JEUNES &#8211; MixCit\u00e9<\/strong> vise \u00e0 r\u00e9pondre aux besoins des jeunes \u00e2g\u00e9s de 0 \u00e0 25 ans dans les quartiers prioritaires (QPV).<br>Cette initiative s\u2019inscrit dans une logique de continuit\u00e9 des accompagnements \u00e9ducatifs et sociaux, en proposant un soutien sp\u00e9cifique autour des enjeux de <strong>sant\u00e9 mentale, de parcours scolaire<\/strong>.<\/p>\n\n\n\n<p>L\u2019action contribue directement au bien-\u00eatre psychique des jeunes, ainsi qu\u2019\u00e0 leur maintien ou retour dans des dynamiques scolaires, formatives et sociales, conform\u00e9ment aux statuts et aux missions associatives.<\/p>\n\n\n\n<hr class=\"wp-block-separator has-alpha-channel-opacity\"\/>\n\n\n\n<h3 class=\"wp-block-heading\"><strong>PUBLIC<\/strong><\/h3>\n\n\n\n<p>Jeunes scolaris\u00e9s les plus vuln\u00e9rables, en situation de fragilit\u00e9, de d\u00e9crochage scolaire ou sans formation, r\u00e9sidant en quartiers prioritaires.<\/p>\n\n\n\n<p><em>La pr\u00e9vention des troubles psychiques permet de r\u00e9duire, \u00e0 moyen et long terme, les risques de chronicit\u00e9, d\u2019hospitalisation, d\u2019\u00e9chec scolaire et de rupture de parcours.<\/em><\/p>\n\n\n\n<hr class=\"wp-block-separator has-alpha-channel-opacity\"\/>\n\n\n\n<p>Notre proposition de permanence psychologique s\u2019inscrit dans une approche globale de la sant\u00e9 mentale, en articulation avec les acteurs \u00e9ducatifs, sociaux et m\u00e9dico-sociaux du territoire.<\/p>\n\n\n\n<p>Ainsi, l\u2019<strong>ESPACE JEUNES \u2013 MixCit\u00e9<\/strong> propose :<\/p>\n\n\n\n<ul class=\"wp-block-list\">\n<li>De renforcer la coh\u00e9rence des actions \u00e9ducatives en offrant un soutien compl\u00e9mentaire aux dispositifs existants<\/li>\n\n\n\n<li>De favoriser l\u2019\u00e9galit\u00e9 des chances en proposant un acc\u00e8s facilit\u00e9 \u00e0 un accompagnement psychologique pour les jeunes des quartiers prioritaires<\/li>\n\n\n\n<li>De contribuer \u00e0 la r\u00e9ussite scolaire et personnelle en levant les freins li\u00e9s aux difficult\u00e9s psychiques<\/li>\n<\/ul>\n\n\n\n<hr class=\"wp-block-separator has-alpha-channel-opacity\"\/>\n\n\n\n<p>Nos actions s\u2019inscrivent dans une dynamique de partenariat et de coordination territoriale :<\/p>\n\n\n\n<ul class=\"wp-block-list\">\n<li><strong>Soutenir le r\u00f4le de l\u2019\u00e9cole<\/strong> : en proposant un espace d\u2019\u00e9coute, la permanence contribue \u00e0 un climat scolaire plus apais\u00e9, favorable aux apprentissages et \u00e0 l\u2019\u00e9panouissement des jeunes<\/li>\n\n\n\n<li><strong>Renforcer la coordination<\/strong> entre les acteurs \u00e9ducatifs et sociaux (enseignants, CPE, infirmi\u00e8res scolaires, travailleurs sociaux), afin d\u2019assurer un suivi coh\u00e9rent des situations<\/li>\n\n\n\n<li><strong>Ouvrir un espace de parole<\/strong> : permettre aux jeunes d\u2019exprimer leurs difficult\u00e9s et de les accompagner dans la compr\u00e9hension et la gestion de leurs enjeux psychiques, scolaires et personnels<\/li>\n<\/ul>\n\n\n\n<hr class=\"wp-block-separator has-alpha-channel-opacity\"\/>\n\n\n\n<h3 class=\"wp-block-heading\"><strong>OBJECTIFS &amp; PERSPECTIVES<\/strong><\/h3>\n\n\n\n<ul class=\"wp-block-list\">\n<li>Proposer un accompagnement psychologique r\u00e9gulier (hebdomadaire) pour les jeunes en difficult\u00e9 (0\u201325 ans), sous forme d\u2019entretiens individuels<\/li>\n\n\n\n<li>Coordonner les demandes en lien avec les professionnels de terrain : assistantes sociales scolaires, psychologues, infirmi\u00e8res scolaires, CPE, enseignants<\/li>\n\n\n\n<li>Renforcer le lien avec les \u00e9tablissements scolaires afin d\u2019identifier pr\u00e9cocement les situations n\u00e9cessitant un soutien\n<ul class=\"wp-block-list\">\n<li>Coordonner les demandes<\/li>\n\n\n\n<li>Communiquer avec les familles<\/li>\n\n\n\n<li>Orienter les jeunes vers les dispositifs adapt\u00e9s<\/li>\n<\/ul>\n<\/li>\n\n\n\n<li>Sensibiliser les acteurs \u00e9ducatifs :\n<ul class=\"wp-block-list\">\n<li>Organisation de sessions d\u2019information pour les enseignants, CPE, infirmi\u00e8res scolaires et partenaires associatifs sur les signaux de d\u00e9tresse psychique chez les jeunes<\/li>\n\n\n\n<li>Diffusion d\u2019informations sur les permanences et les ressources en sant\u00e9 mentale aupr\u00e8s des \u00e9l\u00e8ves et des familles<\/li>\n<\/ul>\n<\/li>\n<\/ul>\n\n\n\n<hr class=\"wp-block-separator has-alpha-channel-opacity\"\/>\n\n\n\n<p><strong>Une Participation Forfaitaire aux Frais de Fonctionnement (P3F) est demand\u00e9e aux b\u00e9n\u00e9ficiaires non-membres pour la mise \u00e0 disposition des locaux, la coordination et le soutien logistique des permanences ou activit\u00e9s propos\u00e9es.<\/strong><\/p>\n\n\n\n<h3 class=\"wp-block-heading has-text-align-center\">PAYER sa PARTICIPATION<\/h3>\n\n\n\n<iframe id=\"haWidget\" allowtransparency=\"true\" src=\"https:\/\/www.helloasso.com\/associations\/aux-quatre-coins-des-mots\/adhesions\/beneficiaire-non-membre-2026\/widget\" style=\"width: 100%; border: none;\" onload=\"window.addEventListener( 'message', function(e) { const dataHeight = e.data.height; const haWidgetElement = document.getElementById('haWidget'); haWidgetElement.height = dataHeight + 'px'; } )\" ><\/iframe>\n\n\n\n<p class=\"has-text-align-left\"><strong>Si vous ne disposez pas d&rsquo;une Carte Bancaire, vous pouvez payer votre P3F en Esp\u00e8ces directement aupr\u00e8s du praticien lors de votre premier rendez-vous. Un re\u00e7u vous sera d\u00e9livr\u00e9.<\/strong><\/p>\n\n\n\n<hr class=\"wp-block-separator has-alpha-channel-opacity\"\/>\n\n\n\n<h3 class=\"wp-block-heading has-text-align-center\">FICHE d&rsquo;ORIENTATION<\/h3>\n\n\n\n<div class=\"wp-block-buttons is-content-justification-center is-layout-flex wp-container-core-buttons-is-layout-a89b3969 wp-block-buttons-is-layout-flex\">\n<div class=\"wp-block-button\"><a class=\"wp-block-button__link wp-element-button\" href=\"https:\/\/aux-4-coins-des-mots.fr\/wp-content\/uploads\/2026\/04\/00-fiche-orientation-O4CDM-COLOR-2026.pdf\" target=\"_blank\" rel=\"noreferrer noopener\"><strong>A TELECHARGER<\/strong><\/a><\/div>\n<\/div>\n\n\n\n<div class=\"wp-block-group has-global-padding is-layout-constrained wp-block-group-is-layout-constrained\">\n<div class=\"wp-block-query is-layout-flow wp-block-query-is-layout-flow\"><ul class=\"columns-3 wp-block-post-template is-layout-grid wp-container-core-post-template-is-layout-6d3fbd8f wp-block-post-template-is-layout-grid\"><li class=\"wp-block-post post-3824 post type-post status-publish format-standard has-post-thumbnail hentry category-psychanalyse\">\n\n<div class=\"wp-block-columns are-vertically-aligned-center is-layout-flex wp-container-core-columns-is-layout-28f84493 wp-block-columns-is-layout-flex\">\n<div class=\"wp-block-column is-vertically-aligned-center is-layout-flow wp-block-column-is-layout-flow\" style=\"flex-basis:25%\"><\/div>\n\n\n\n<div class=\"wp-block-column is-vertically-aligned-center is-layout-flow wp-block-column-is-layout-flow\" style=\"flex-basis:75%\"><\/div>\n<\/div>\n\n\n\n<figure class=\"wp-block-image size-full is-resized\"><a href=\"https:\/\/www.gard.fr\/\" target=\"_blank\" rel=\" noreferrer noopener\"><img loading=\"lazy\" decoding=\"async\" width=\"102\" height=\"102\" src=\"https:\/\/aux-4-coins-des-mots.fr\/wp-content\/uploads\/2025\/05\/cd30-1.png\" alt=\"\" class=\"wp-image-2398\" style=\"width:80px;height:auto\"\/><\/a><\/figure>\n\n<\/li><li class=\"wp-block-post post-3819 post type-post status-publish format-standard has-post-thumbnail hentry category-psychanalyse\">\n\n<div class=\"wp-block-columns are-vertically-aligned-center is-layout-flex wp-container-core-columns-is-layout-28f84493 wp-block-columns-is-layout-flex\">\n<div class=\"wp-block-column is-vertically-aligned-center is-layout-flow wp-block-column-is-layout-flow\" style=\"flex-basis:25%\"><\/div>\n\n\n\n<div class=\"wp-block-column is-vertically-aligned-center is-layout-flow wp-block-column-is-layout-flow\" style=\"flex-basis:75%\"><\/div>\n<\/div>\n\n\n\n<figure class=\"wp-block-image size-full is-resized\"><a href=\"https:\/\/www.gard.fr\/\" target=\"_blank\" rel=\" noreferrer noopener\"><img loading=\"lazy\" decoding=\"async\" width=\"102\" height=\"102\" src=\"https:\/\/aux-4-coins-des-mots.fr\/wp-content\/uploads\/2025\/05\/cd30-1.png\" alt=\"\" class=\"wp-image-2398\" style=\"width:80px;height:auto\"\/><\/a><\/figure>\n\n<\/li><li class=\"wp-block-post post-3756 post type-post status-publish format-standard has-post-thumbnail hentry category-psychanalyse\">\n\n<div class=\"wp-block-columns are-vertically-aligned-center is-layout-flex wp-container-core-columns-is-layout-28f84493 wp-block-columns-is-layout-flex\">\n<div class=\"wp-block-column is-vertically-aligned-center is-layout-flow wp-block-column-is-layout-flow\" style=\"flex-basis:25%\"><\/div>\n\n\n\n<div class=\"wp-block-column is-vertically-aligned-center is-layout-flow wp-block-column-is-layout-flow\" style=\"flex-basis:75%\"><\/div>\n<\/div>\n\n\n\n<figure class=\"wp-block-image size-full is-resized\"><a href=\"https:\/\/www.gard.fr\/\" target=\"_blank\" rel=\" noreferrer noopener\"><img loading=\"lazy\" decoding=\"async\" width=\"102\" height=\"102\" src=\"https:\/\/aux-4-coins-des-mots.fr\/wp-content\/uploads\/2025\/05\/cd30-1.png\" alt=\"\" class=\"wp-image-2398\" style=\"width:80px;height:auto\"\/><\/a><\/figure>\n\n<\/li><\/ul><\/div>\n<\/div>\n\n\n\n<p><\/p>\n<div class=\"pvc_clear\"><\/div><p id=\"pvc_stats_2100\" class=\"pvc_stats all  \" data-element-id=\"2100\" style=\"\"><i class=\"pvc-stats-icon medium\" aria-hidden=\"true\"><svg aria-hidden=\"true\" focusable=\"false\" data-prefix=\"far\" data-icon=\"chart-bar\" role=\"img\" xmlns=\"http:\/\/www.w3.org\/2000\/svg\" viewBox=\"0 0 512 512\" class=\"svg-inline--fa fa-chart-bar fa-w-16 fa-2x\"><path fill=\"currentColor\" d=\"M396.8 352h22.4c6.4 0 12.8-6.4 12.8-12.8V108.8c0-6.4-6.4-12.8-12.8-12.8h-22.4c-6.4 0-12.8 6.4-12.8 12.8v230.4c0 6.4 6.4 12.8 12.8 12.8zm-192 0h22.4c6.4 0 12.8-6.4 12.8-12.8V140.8c0-6.4-6.4-12.8-12.8-12.8h-22.4c-6.4 0-12.8 6.4-12.8 12.8v198.4c0 6.4 6.4 12.8 12.8 12.8zm96 0h22.4c6.4 0 12.8-6.4 12.8-12.8V204.8c0-6.4-6.4-12.8-12.8-12.8h-22.4c-6.4 0-12.8 6.4-12.8 12.8v134.4c0 6.4 6.4 12.8 12.8 12.8zM496 400H48V80c0-8.84-7.16-16-16-16H16C7.16 64 0 71.16 0 80v336c0 17.67 14.33 32 32 32h464c8.84 0 16-7.16 16-16v-16c0-8.84-7.16-16-16-16zm-387.2-48h22.4c6.4 0 12.8-6.4 12.8-12.8v-70.4c0-6.4-6.4-12.8-12.8-12.8h-22.4c-6.4 0-12.8 6.4-12.8 12.8v70.4c0 6.4 6.4 12.8 12.8 12.8z\" class=\"\"><\/path><\/svg><\/i> <img loading=\"lazy\" decoding=\"async\" width=\"16\" height=\"16\" alt=\"Loading\" src=\"https:\/\/aux-4-coins-des-mots.fr\/wp-content\/plugins\/page-views-count\/ajax-loader-2x.gif\" border=0 \/><\/p><div class=\"pvc_clear\"><\/div>","protected":false},"excerpt":{"rendered":"<p>ESPACE JEUNES MixCit\u00e9 Entretien Psychologique pour les jeunes scolaris\u00e9s ESPACE JEUNES \u2013 MixCit\u00e9 Dans le cadre des actions port\u00e9es par l\u2019association Aux Quatre Coins des Mots, l\u2019ESPACE JEUNES &#8211; MixCit\u00e9 vise \u00e0 r\u00e9pondre aux besoins des jeunes \u00e2g\u00e9s de 0 \u00e0 25 ans dans les quartiers prioritaires (QPV).Cette initiative s\u2019inscrit dans une logique de continuit\u00e9 [&hellip;]<\/p>\n<div class=\"pvc_clear\"><\/div>\n<p id=\"pvc_stats_2100\" class=\"pvc_stats all  \" data-element-id=\"2100\" style=\"\"><i class=\"pvc-stats-icon medium\" aria-hidden=\"true\"><svg aria-hidden=\"true\" focusable=\"false\" data-prefix=\"far\" data-icon=\"chart-bar\" role=\"img\" xmlns=\"http:\/\/www.w3.org\/2000\/svg\" viewBox=\"0 0 512 512\" class=\"svg-inline--fa fa-chart-bar fa-w-16 fa-2x\"><path fill=\"currentColor\" d=\"M396.8 352h22.4c6.4 0 12.8-6.4 12.8-12.8V108.8c0-6.4-6.4-12.8-12.8-12.8h-22.4c-6.4 0-12.8 6.4-12.8 12.8v230.4c0 6.4 6.4 12.8 12.8 12.8zm-192 0h22.4c6.4 0 12.8-6.4 12.8-12.8V140.8c0-6.4-6.4-12.8-12.8-12.8h-22.4c-6.4 0-12.8 6.4-12.8 12.8v198.4c0 6.4 6.4 12.8 12.8 12.8zm96 0h22.4c6.4 0 12.8-6.4 12.8-12.8V204.8c0-6.4-6.4-12.8-12.8-12.8h-22.4c-6.4 0-12.8 6.4-12.8 12.8v134.4c0 6.4 6.4 12.8 12.8 12.8zM496 400H48V80c0-8.84-7.16-16-16-16H16C7.16 64 0 71.16 0 80v336c0 17.67 14.33 32 32 32h464c8.84 0 16-7.16 16-16v-16c0-8.84-7.16-16-16-16zm-387.2-48h22.4c6.4 0 12.8-6.4 12.8-12.8v-70.4c0-6.4-6.4-12.8-12.8-12.8h-22.4c-6.4 0-12.8 6.4-12.8 12.8v70.4c0 6.4 6.4 12.8 12.8 12.8z\" class=\"\"><\/path><\/svg><\/i> <img loading=\"lazy\" decoding=\"async\" width=\"16\" height=\"16\" alt=\"Loading\" src=\"https:\/\/aux-4-coins-des-mots.fr\/wp-content\/plugins\/page-views-count\/ajax-loader-2x.gif\" border=0 \/><\/p>\n<div class=\"pvc_clear\"><\/div>\n","protected":false},"author":1,"featured_media":0,"parent":0,"menu_order":0,"comment_status":"closed","ping_status":"closed","template":"","meta":{"iawp_total_views":7,"footnotes":""},"class_list":["post-2100","page","type-page","status-publish","hentry"],"a3_pvc":{"activated":true,"total_views":159,"today_views":0},"jetpack_sharing_enabled":true,"_links":{"self":[{"href":"https:\/\/aux-4-coins-des-mots.fr\/index.php\/wp-json\/wp\/v2\/pages\/2100","targetHints":{"allow":["GET"]}}],"collection":[{"href":"https:\/\/aux-4-coins-des-mots.fr\/index.php\/wp-json\/wp\/v2\/pages"}],"about":[{"href":"https:\/\/aux-4-coins-des-mots.fr\/index.php\/wp-json\/wp\/v2\/types\/page"}],"author":[{"embeddable":true,"href":"https:\/\/aux-4-coins-des-mots.fr\/index.php\/wp-json\/wp\/v2\/users\/1"}],"replies":[{"embeddable":true,"href":"https:\/\/aux-4-coins-des-mots.fr\/index.php\/wp-json\/wp\/v2\/comments?post=2100"}],"version-history":[{"count":30,"href":"https:\/\/aux-4-coins-des-mots.fr\/index.php\/wp-json\/wp\/v2\/pages\/2100\/revisions"}],"predecessor-version":[{"id":3864,"href":"https:\/\/aux-4-coins-des-mots.fr\/index.php\/wp-json\/wp\/v2\/pages\/2100\/revisions\/3864"}],"wp:attachment":[{"href":"https:\/\/aux-4-coins-des-mots.fr\/index.php\/wp-json\/wp\/v2\/media?parent=2100"}],"curies":[{"name":"wp","href":"https:\/\/api.w.org\/{rel}","templated":true}]}}