{"id":21,"date":"2018-06-16T13:39:44","date_gmt":"2018-06-16T11:39:44","guid":{"rendered":"http:\/\/aux-4-coins-des-mots.fr\/?page_id=21"},"modified":"2026-02-13T17:06:00","modified_gmt":"2026-02-13T16:06:00","slug":"actions","status":"publish","type":"page","link":"https:\/\/aux-4-coins-des-mots.fr\/index.php\/actions\/","title":{"rendered":"ACTIONS &#038;  DISPOSITIFS"},"content":{"rendered":"\n<h2 class=\"wp-block-heading\">&nbsp;<\/h2>\n\n\n\n<figure class=\"wp-block-image size-large is-resized\"><img loading=\"lazy\" decoding=\"async\" width=\"1024\" height=\"506\" src=\"https:\/\/aux-4-coins-des-mots.fr\/wp-content\/uploads\/2026\/01\/logo-o4cdm-texte-2-1024x506.png\" alt=\"\" class=\"wp-image-3488\" style=\"width:585px;height:auto\" srcset=\"https:\/\/aux-4-coins-des-mots.fr\/wp-content\/uploads\/2026\/01\/logo-o4cdm-texte-2-1024x506.png 1024w, https:\/\/aux-4-coins-des-mots.fr\/wp-content\/uploads\/2026\/01\/logo-o4cdm-texte-2-300x148.png 300w, https:\/\/aux-4-coins-des-mots.fr\/wp-content\/uploads\/2026\/01\/logo-o4cdm-texte-2-768x380.png 768w, https:\/\/aux-4-coins-des-mots.fr\/wp-content\/uploads\/2026\/01\/logo-o4cdm-texte-2.png 1202w\" sizes=\"auto, (max-width: 1024px) 100vw, 1024px\" \/><\/figure>\n\n\n\n<h2 class=\"wp-block-heading has-inter-font-family\">NOS ACTIONS &amp; DISPOSITIFS&#8230;<\/h2>\n\n\n\n<p><strong>Une <a href=\"https:\/\/aux-4-coins-des-mots.fr\/index.php\/participations-forfaitaires-p3f\/\" target=\"_blank\" rel=\"noreferrer noopener\">Participation Forfaitaire aux Frais de Fonctionnement (P3F)<\/a> est demand\u00e9e aux b\u00e9n\u00e9ficiaires non-membres pour la mise \u00e0 disposition des locaux, la coordination et le soutien logistique des permanences ou activit\u00e9s propos\u00e9es.<\/strong><\/p>\n\n\n\n<div class=\"mixcite-actions\">\n\n  <!-- Tuile 1 : MixCit\u00e9 L.A.C.An. \u2013 Entretiens individuels -->\n  <div class=\"mixcite-card\">\n    <h3>MixCit\u00e9 L.A.C.An. \u2013 Entretiens individuels<\/h3>\n    <p>\n      Lieu d\u2019Accueil et de Consultation Analytique (L.A.C.An.) : \n      consultations de premi\u00e8re intention pour enfants, adolescents et adultes.\n    <\/p>\n    <p>\n      Soutien psychique, familial, social et professionnel \u2013 \u00e0 N\u00eemes.\n    <\/p>\n<a href=\"https:\/\/aux-4-coins-des-mots.fr\/index.php\/mixcite\/\" \n   class=\"mixcite-btn mixcite-btn-lacan\">\n  D\u00e9couvrir MixCit\u00e9 L.A.C.An.\n<\/a>\n<a href=\"https:\/\/aux-4-coins-des-mots.fr\/index.php\/rendez-vous\/\" \n   class=\"mixcite-btn mixcite-btn-lacan\">\n  Prendre rendez-vous\n<\/a>\n    <div class=\"mixcite-contact\">\n      \ud83d\udcde Secr\u00e9tariat : <a href=\"tel:0971559598\">09 71 55 95 98<\/a><br>\n      \ud83d\udcde Infos \/ RDV : <a href=\"tel:0972177199\">09 72 177 199<\/a>\n    <\/div>\n  <\/div>\n\n  <!-- Tuile 2 : MixCit\u00e9 \u2013 Ateliers collectifs -->\n  <div class=\"mixcite-card\">\n    <h3>MixCit\u00e9 \u2013 Ateliers collectifs<\/h3>\n    <p>\n      Ateliers th\u00e9matiques sur la souffrance, les troubles psychiques et la sant\u00e9 mentale \n      (mixit\u00e9 sociale, culturelle et familiale).\n    <\/p>\n    <p>\n      Pour les habitants des quartiers de N\u00eemes et du Gard, en lien avec nos partenaires.\n    <\/p>\n<a href=\"https:\/\/aux-4-coins-des-mots.fr\/index.php\/atelier-mixcite\/\" \n   class=\"mixcite-btn mixcite-btn-ateliers\">\n  D\u00e9couvrir les ateliers MixCit\u00e9\n<\/a>\n    <a href=\"https:\/\/aux-4-coins-des-mots.fr\/index.php\/contacts\/\" class=\"mixcite-btn mixcite-btn-outline\">\n      \u00catre contact\u00e9(e) pour un atelier MixCit\u00e9\n    <\/a>\n  <\/div>\n\n  <!-- Tuile 5 : Cit\u00e9 \u00c9ducative -->\n  <div class=\"mixcite-card\">\n    <h3>Cit\u00e9 \u00c9ducative<\/h3>\n    <p>\n      Interventions en sant\u00e9 mentale et accompagnement des jeunes \n      pour renforcer le lien entre l\u2019\u00e9cole, les familles et les institutions \n      dans les quartiers prioritaires de N\u00eemes.\n    <\/p>\n    <p>\n      Travail en partenariat avec les acteurs \u00e9ducatifs et sociaux du territoire.\n    <\/p>\n<a href=\"https:\/\/aux-4-coins-des-mots.fr\/index.php\/cite-educative\/\" \n   class=\"mixcite-btn mixcite-btn-cite\">\n  D\u00e9couvrir Cit\u00e9 \u00c9ducative\n<\/a>\n<a href=\"https:\/\/aux-4-coins-des-mots.fr\/index.php\/documentations\/\" \n   class=\"mixcite-btn mixcite-btn-cite\">\n  Fiche d&rsquo;orientation\n<\/a>\n  <\/div>\n\n  <!-- Tuile 6 : PANDA \u2013 CMS -->\n  <div class=\"mixcite-card\">\n    <h3>PANDA \u2013 CMS<\/h3>\n    <p>\n      Dispositif de pr\u00e9vention et d\u2019accompagnement psychique, \n      en lien avec les Centres M\u00e9dico-Sociaux (CMS) de N\u00eemes.\n    <\/p>\n    <p>\n      Consultations et suivis pour les personnes accompagn\u00e9es par les CMS de N\u00eemes.\n    <\/p>\n<a href=\"https:\/\/aux-4-coins-des-mots.fr\/index.php\/p-a-n-d-a-s\/\" \n   class=\"mixcite-btn mixcite-btn-panda\">\n  En savoir plus sur PANDA\n<\/a>\n<a href=\"https:\/\/aux-4-coins-des-mots.fr\/index.php\/documentations\/\" \n   class=\"mixcite-btn mixcite-btn-panda\">\n  Fiche d&rsquo;orientation\n<\/a>\n  <\/div>\n\n  <!-- Tuile 7 : Passer\u2019Elles \u2013 Sant\u00e9 -->\n  <div class=\"mixcite-card\">\n    <h3>Passer\u2019Elles \u2013 Sant\u00e9<\/h3>\n    <p>\n      (Action mise en place en mai 2026)\n      Guichet langue-num\u00e9rique pour faciliter l\u2019acc\u00e8s aux soins et aux droits. \n      Ateliers pour comprendre les ordonnances, les courriers (CPAM, convocations) \n      et r\u00e9aliser ses d\u00e9marches de sant\u00e9 en ligne.\n    <\/p>\n    <p>\n      Pens\u00e9 pour les personnes ayant des difficult\u00e9s avec la langue fran\u00e7aise ou le num\u00e9rique.\n    <\/p>\n<a href=\"https:\/\/aux-4-coins-des-mots.fr\/index.php\/passer-elles-sante\/\" \n   class=\"mixcite-btn mixcite-btn-passerelles\">\n  D\u00e9couvrir Passer\u2019Elles \u2013 Sant\u00e9\n<\/a>\n<a href=\"https:\/\/aux-4-coins-des-mots.fr\/index.php\/passer-elles-sante\/\" \n   class=\"mixcite-btn mixcite-btn-passerelles\">\n  Demander un accompagnement Passer\u2019Elles\n<\/a>\n  <\/div>\n\n  <!-- Tuile 8 : OPAIR \u2013 Pair-Aidance -->\n  <div class=\"mixcite-card\">\n    <h3>OPAIR \u2013 Pair-Aidance<\/h3>\n    <p>\n      Accompagnement par des personnes ayant travers\u00e9 des situations similaires \n      (sant\u00e9 mentale, addictions, pr\u00e9carit\u00e9\u2026). \n      Une aide bas\u00e9e sur l\u2019exp\u00e9rience v\u00e9cue et la confiance mutuelle.\n    <\/p>\n    <p>\n      Travail en lien avec les professionnels, dans une d\u00e9marche de soutien et de r\u00e9assurance.\n    <\/p>\n<a href=\"https:\/\/aux-4-coins-des-mots.fr\/index.php\/opair\/\" \n   class=\"mixcite-btn mixcite-btn-opair\">\n  D\u00e9couvrir OPAIR\n<\/a>\n<a href=\"https:\/\/aux-4-coins-des-mots.fr\/index.php\/opair\/\" \n   class=\"mixcite-btn mixcite-btn-opair\">\n  Prendre contact\n<\/a>\n  <\/div>\n\n  <!-- Tuile 3 : Analyse des pratiques professionnelles -->\n  <div class=\"mixcite-card\">\n    <h3>Analyse des pratiques professionnelles (A.P.P.)<\/h3>\n    <p>\n      Pour travailleurs sociaux, enseignants, \u00e9ducateurs, psychologues, soignants\u2026 \n      Un espace pour d\u00e9poser la pratique, \u00e9laborer et prendre du recul.\n    <\/p>\n    <p>\n      S\u00e9ances individuelles (contr\u00f4le) ou collectives (groupe d\u2019A.P.P.).\n    <\/p>\n<a href=\"https:\/\/aux-4-coins-des-mots.fr\/index.php\/analyse-des-pratiques-professionnelles\/\" \n   class=\"mixcite-btn mixcite-btn-app\">\n  D\u00e9couvrir les A.P.P.\n<\/a>\n    <a href=\"https:\/\/aux-4-coins-des-mots.fr\/index.php\/contacts\/\" class=\"mixcite-btn mixcite-btn-pros\">\n      Demander une A.P.P.\n    <\/a>\n    <div class=\"mixcite-contact\">\n      \ud83d\udce7 \u00c9crire \u00e0 : \n      <a href=\"mailto:se*********@******************ts.fr\" data-original-string=\"OZEJySfpn5mL+lIcfeZ6tA==8b1Cgfzpj4wfZ8U52rCOi3q2UltroFH3+4o8MlIyB1YYF\/ivWZMFG0EKhSTB3MFme7u\" title=\"This contact has been encoded by Anti-Spam by CleanTalk. Click to decode. To finish the decoding make sure that JavaScript is enabled in your browser.\"><span \n                data-original-string='DlnDzGI5EJqoU7JUULXNVg==8b187o1U1SjBvRy9uwIhYG33BX3ZoGPB9uAUePpkWeTIICi0c5Y7m5hfSwJSLQDHbqt'\n                class='apbct-email-encoder'\n                title='This contact has been encoded by Anti-Spam by CleanTalk. Click to decode. To finish the decoding make sure that JavaScript is enabled in your browser.'>se<span class=\"apbct-blur\">*********<\/span>@<span class=\"apbct-blur\">******************<\/span>ts.fr<\/span><\/a>\n    <\/div>\n  <\/div>\n\n  <!-- Tuile 4 : Conf\u00e9rences, d\u00e9bats, interventions -->\n  <div class=\"mixcite-card\">\n    <h3>Conf\u00e9rences, d\u00e9bats et interventions<\/h3>\n    <p>\n      Interventions autour de la sant\u00e9 mentale, du lien social et de la vie dans les quartiers populaires.\n    <\/p>\n    <p>\n      Intervention possible en lien avec un psychanalyste, un psychologue clinicien, \n      un docteur en philosophie, des \u00e9ducateurs sp\u00e9cialis\u00e9s ou des b\u00e9n\u00e9voles.\n    <\/p>\n<a href=\"https:\/\/aux-4-coins-des-mots.fr\/index.php\/cycle-des-rencontres-debats\/\" \n   class=\"mixcite-btn mixcite-btn-conferences\">\n  Cycle-des-rencontres-d\u00e9bats\n<\/a>\n<a href=\"https:\/\/aux-4-coins-des-mots.fr\/index.php\/contacts\/\" \n   class=\"mixcite-btn mixcite-btn-conferences\">\n  Proposer une intervention\n<\/a>\n    <div class=\"mixcite-contact\">\n      \ud83d\udce7 Nous \u00e9crire pour construire votre projet : \n      <a href=\"mailto:se*********@******************ts.fr\" data-original-string=\"QKIkb1Yixp0YPJXXhS\/+Uw==8b1BeWFRHALuCc3qE80bcWTufuG5DBpyCj5PkEXVUMPQotRf1XMlrI7OBfa+uB+cXyf\" title=\"This contact has been encoded by Anti-Spam by CleanTalk. Click to decode. To finish the decoding make sure that JavaScript is enabled in your browser.\"><span \n                data-original-string='sChP7ItHIZGmlpFVVoSs0Q==8b15JkUYqLqk8YSu7YpnE380RqbyYece0jXLEAqCyzK+Fl+H2Ozj3N6aoMl3dbHrHP7'\n                class='apbct-email-encoder'\n                title='This contact has been encoded by Anti-Spam by CleanTalk. Click to decode. To finish the decoding make sure that JavaScript is enabled in your browser.'>se<span class=\"apbct-blur\">*********<\/span>@<span class=\"apbct-blur\">******************<\/span>ts.fr<\/span><\/a>\n    <\/div>\n  <\/div>\n<\/div>\n\n\n\n<h2 class=\"wp-block-heading has-inter-font-family\">POLES<\/h2>\n\n\n\n<p>L\u2019association Aux Quatre Coins des Mots d\u00e9ploie ses actions autour de plusieurs p\u00f4les d\u2019intervention compl\u00e9mentaires.<br>Chaque p\u00f4le qualifie un champ sp\u00e9cifique d\u2019action et regroupe des dispositifs, des pratiques et des projets r\u00e9pondant \u00e0 des objectifs distincts mais articul\u00e9s.<br>Cette organisation permet de garantir la lisibilit\u00e9 des actions, le respect des cadres d\u2019intervention et la coh\u00e9rence des parcours propos\u00e9s aux personnes comme aux partenaires.<\/p>\n\n\n\n<figure data-wp-context=\"{&quot;imageId&quot;:&quot;69e1c53eba4de&quot;}\" data-wp-interactive=\"core\/image\" data-wp-key=\"69e1c53eba4de\" class=\"wp-block-image aligncenter size-full is-resized wp-lightbox-container\"><img loading=\"lazy\" decoding=\"async\" width=\"1819\" height=\"1307\" data-wp-class--hide=\"state.isContentHidden\" data-wp-class--show=\"state.isContentVisible\" data-wp-init=\"callbacks.setButtonStyles\" data-wp-on--click=\"actions.showLightbox\" data-wp-on--load=\"callbacks.setButtonStyles\" data-wp-on-window--resize=\"callbacks.setButtonStyles\" src=\"https:\/\/aux-4-coins-des-mots.fr\/wp-content\/uploads\/2026\/01\/poles-o4cdm-JPG.jpg\" alt=\"\" class=\"wp-image-3578\" style=\"width:860px;height:auto\" srcset=\"https:\/\/aux-4-coins-des-mots.fr\/wp-content\/uploads\/2026\/01\/poles-o4cdm-JPG.jpg 1819w, https:\/\/aux-4-coins-des-mots.fr\/wp-content\/uploads\/2026\/01\/poles-o4cdm-JPG-300x216.jpg 300w, https:\/\/aux-4-coins-des-mots.fr\/wp-content\/uploads\/2026\/01\/poles-o4cdm-JPG-1024x736.jpg 1024w, https:\/\/aux-4-coins-des-mots.fr\/wp-content\/uploads\/2026\/01\/poles-o4cdm-JPG-768x552.jpg 768w, https:\/\/aux-4-coins-des-mots.fr\/wp-content\/uploads\/2026\/01\/poles-o4cdm-JPG-1536x1104.jpg 1536w\" sizes=\"auto, (max-width: 1819px) 100vw, 1819px\" \/><button\n\t\t\tclass=\"lightbox-trigger\"\n\t\t\ttype=\"button\"\n\t\t\taria-haspopup=\"dialog\"\n\t\t\taria-label=\"Agrandir\"\n\t\t\tdata-wp-init=\"callbacks.initTriggerButton\"\n\t\t\tdata-wp-on--click=\"actions.showLightbox\"\n\t\t\tdata-wp-style--right=\"state.imageButtonRight\"\n\t\t\tdata-wp-style--top=\"state.imageButtonTop\"\n\t\t>\n\t\t\t<svg xmlns=\"http:\/\/www.w3.org\/2000\/svg\" width=\"12\" height=\"12\" fill=\"none\" viewBox=\"0 0 12 12\">\n\t\t\t\t<path fill=\"#fff\" d=\"M2 0a2 2 0 0 0-2 2v2h1.5V2a.5.5 0 0 1 .5-.5h2V0H2Zm2 10.5H2a.5.5 0 0 1-.5-.5V8H0v2a2 2 0 0 0 2 2h2v-1.5ZM8 12v-1.5h2a.5.5 0 0 0 .5-.5V8H12v2a2 2 0 0 1-2 2H8Zm2-12a2 2 0 0 1 2 2v2h-1.5V2a.5.5 0 0 0-.5-.5H8V0h2Z\" \/>\n\t\t\t<\/svg>\n\t\t<\/button><figcaption class=\"wp-element-caption\">(Cliquez sur l&rsquo;image pour agrandir)<\/figcaption><\/figure>\n\n\n\n<h2 class=\"wp-block-heading has-inter-font-family\">ILS &amp; ELLES PARLENT DE L&rsquo;ASSOCIATION&#8230;<\/h2>\n\n\n\n<div class=\"temoignages-section\">\n  <h2>Quelques paroles de personnes que nous accompagnons et de b\u00e9n\u00e9voles. Les pr\u00e9noms et certains d\u00e9tails ont \u00e9t\u00e9 chang\u00e9s pour pr\u00e9server l\u2019anonymat.<\/h2>\n  <p class=\"temoignages-intro\">\n \n  <\/p>\n\n  <div class=\"temoignages-track\">\n    <div class=\"temoignage-card\">\n      <p class=\"temoignage-texte\">\n        Je savais pas vers qui me tourner. Ici, j\u2019ai trouv\u00e9 un endroit o\u00f9 je peux parler sans jugement, avec quelqu\u2019un qui prend le temps d\u2019\u00e9couter. \u00c7a m\u2019aide \u00e0 tenir tous les jours.\n      <\/p>\n      <p class=\"temoignage-auteur\">\n        \u2014 A., 42 ans, habitante du Chemin Bas d&rsquo;Avignon (N\u00eemes)\n      <\/p>\n    <\/div>\n\n    <div class=\"temoignage-card\">\n      <p class=\"temoignage-texte\">\n        Les ateliers m\u2019ont aid\u00e9e \u00e0 voir que j\u2019\u00e9tais pas toute seule dans ma gal\u00e8re. J\u2019ai pu parler de ce que je ressentais, des probl\u00e8mes avec mon fils et de la violence dans le quartier.\n      <\/p>\n      <p class=\"temoignage-auteur\">\n        \u2014 M., 37 ans, participante aux ateliers MixCit\u00e9\n      <\/p>\n    <\/div>\n<div class=\"temoignage-card\">\n  <p class=\"temoignage-texte\">\n    Je faisais du piano sur la table, comme si c\u2019\u00e9tait un vrai clavier. Chez moi il n\u2019y a pas de piano, alors je tapais les touches dans ma t\u00eate. Avec le psy, il m\u2019a fait beaucoup parl\u00e9 de \u00e7a. Au d\u00e9but j\u2019osais pas trop. Maintenant je prends des cours, je travaille mes morceaux et \u00e7a me calme quand j\u2019ai la t\u00eate trop pleine.\n  <\/p>\n  <p class=\"temoignage-auteur\">\n    \u2014 K., 15 ans, habitant du Chemin BAs d&rsquo;Avignon (N\u00eemes)\n  <\/p>\n<\/div>\n\n    <div class=\"temoignage-card\">\n      <p class=\"temoignage-texte\">\n        Franchement, c\u2019est pas facile de demander de l\u2019aide. Mais une fois que c\u2019est fait, on peut dire ce qui fait mal. Il n\u2019y a pas que la douleur physique, et nous on peut pas se payer les psychologues en ville. Ici, m\u00eame s\u2019il faut donner un peu pour ce qu\u2019ils font, c\u2019est pas beaucoup et \u00e7a aide vraiment.\n      <\/p>\n      <p class=\"temoignage-auteur\">\n        \u2014 C., 38 ans, habitante du Mas de Mingue (N\u00eemes)\n      <\/p>\n    <\/div>\n\n    <div class=\"temoignage-card\">\n      <p class=\"temoignage-texte\">\n        Au d\u00e9but, c\u2019\u00e9tait dur de parler dans les ateliers avec les voisines du quartier. Apr\u00e8s, \u00e7a va mieux&nbsp;: on prend confiance, on apprend \u00e0 faire confiance. Ici, personne nous juge, et souvent on repart avec le sourire.\n      <\/p>\n      <p class=\"temoignage-auteur\">\n        \u2014 R., 35 ans, participante aux ateliers MixCit\u00e9\n      <\/p>\n    <\/div>\n\n    <div class=\"temoignage-card\">\n      <p class=\"temoignage-texte\">\n        Mon fils avait beaucoup de mal \u00e0 l\u2019\u00e9cole et \u00e0 la maison. Je suis all\u00e9e dans un atelier avec d\u2019autres parents, puis en entretien avec un psychologue. \u00c7a nous a aid\u00e9 \u00e0 poser des mots, \u00e0 mieux comprendre ce qui se passait et \u00e0 trouver d\u2019autres fa\u00e7ons de faire. Petit \u00e0 petit, \u00e7a va mieux, il y a moins de stress \u00e0 la maison.\n      <\/p>\n      <p class=\"temoignage-auteur\">\n        \u2014 D., 32 ans, M\u00e8re accompagn\u00e9e dans le cadre des concultations MixCit\u00e9-L.A.C.An. \n      <\/p>\n    <\/div>\n\n<div class=\"temoignage-card\">\n  <p class=\"temoignage-texte\">\n    J\u2019\u00e9crivais des textes de RAP en cachette sur mon t\u00e9l\u00e9phone, je les montrais \u00e0 personne, que \u00e0 mon fr\u00e8re. Ici ils m\u2019ont dit que \u00e7a comptait, que c\u2019\u00e9tait important ce que j\u2019\u00e9crivais. J\u2019ai commenc\u00e9 \u00e0 les lire, \u00e0 les retravailler. Avec les rendez-vous j&rsquo;ai appris \u00e0 m&rsquo;exprimer et maintenant j\u2019\u00e9cris plus librement, je cr\u00e9e des sons et je me sens plus s\u00fbr de moi. J&rsquo;ai la confiance. je suis plus vu comme une racaille \u00e0 cause de mon physique.\n  <\/p>\n  <p class=\"temoignage-auteur\">\n    \u2014 L., 17 ans, habitant du Clos d&rsquo;Orville (N\u00eemes)\n  <\/p>\n<\/div>\n\n    <div class=\"temoignage-card\">\n      <p class=\"temoignage-texte\">\n        Je suis un papa seul avec mes fils et je n&rsquo;en pouvais plus. Alors l&rsquo;assistante sociale m&rsquo;a envoy\u00e9 voir un psy de l&rsquo;association. Un bon accueil et beaucoup d&rsquo;\u00e9coute \u00e7a fait du bien. Maintenant, je m&rsquo;en sors et je sais que je peux parler \u00e0 quelqu&rsquo;un de neutre et de professionnel sans \u00eatre g\u00ean\u00e9. \n      <\/p>\n      <p class=\"temoignage-auteur\">\n        \u2014 M., 49 ans, P\u00e8re accompagn\u00e9 dans le cadre des concultations MixCit\u00e9-L.A.C.An. \n      <\/p>\n    <\/div>\n \n    <div class=\"temoignage-card\">\n      <p class=\"temoignage-texte\">\n        Ma fille ain\u00e9e avait des probl\u00e8mes au coll\u00e8ge. Les entretiens avec le psychologue m\u2019ont permis de parler, de mieux comprendre ce qui se passait et de trouver d\u2019autres fa\u00e7ons de faire.\n      <\/p>\n      <p class=\"temoignage-auteur\">\n        \u2014 Z., 35 ans, M\u00e8re accompagn\u00e9e dans le cadre des concultations MixCit\u00e9-L.A.C.An.\n      <\/p>\n    <\/div>\n<div class=\"temoignage-card\">\n  <p class=\"temoignage-texte\">\n    J\u2019ai vu en classe de terminale que la psychanalyse \u00e7a pouvait aider \u00e0 comprendre les causes de ses conflits. J&rsquo;ai lu des textes mais \u00e7a ne suffisait pas. Alors j&rsquo;ai voulu voir et comprendre. J&rsquo;ai contact\u00e9 l&rsquo;association pour prendre un rendez-vous. J&rsquo;ai dit enfin au psychanalyste les troubles que j&rsquo;avais avec la sexualit\u00e9 et ma vie sentimentale. Je comprends mieux. Apr\u00e8s les 12 s\u00e9ances avec lui, j&rsquo;ai continu\u00e9 mon analyse chez un autre psychanalyste. C&rsquo;est en bonne voie. Je remercie l&rsquo;association d&rsquo;avoir \u00e9t\u00e9 disponible. Un petit tremplin&#8230;\n  <\/p>\n  <p class=\"temoignage-auteur\">\n    \u2014 V., 18 ans, Lyc\u00e9en, habitant de la Route de Beaucaire (N\u00eemes)\n  <\/p>\n<\/div>\n    <div class=\"temoignage-card\">\n      <p class=\"temoignage-texte\">\n        En tant que b\u00e9n\u00e9vole, je peux mettre \u00e0 profit mes comp\u00e9tences et apprendre des autres. On travaille ensemble pour que les personnes soient mieux accueillies et mieux orient\u00e9es. C\u2019est tr\u00e8s riche humainement. c&rsquo;\u00e9tait court mais intense !\n      <\/p>\n      <p class=\"temoignage-auteur\">\n        \u2014 B., 51 ans, b\u00e9n\u00e9vole \u00e0 l\u2019association\n      <\/p>\n    <\/div>\n  <\/div>\n<\/div>\n\n\n\n<p class=\"has-text-align-center\"><strong>Action subventionn\u00e9e par<\/strong><\/p>\n\n\n\n<figure class=\"wp-block-image aligncenter size-full is-resized\"><img loading=\"lazy\" decoding=\"async\" width=\"1000\" height=\"1000\" src=\"https:\/\/aux-4-coins-des-mots.fr\/wp-content\/uploads\/2022\/03\/logo-gard-2021-cmjn-1000x1000-1.jpg\" alt=\"\" class=\"wp-image-1153\" style=\"width:122px;height:auto\" srcset=\"https:\/\/aux-4-coins-des-mots.fr\/wp-content\/uploads\/2022\/03\/logo-gard-2021-cmjn-1000x1000-1.jpg 1000w, https:\/\/aux-4-coins-des-mots.fr\/wp-content\/uploads\/2022\/03\/logo-gard-2021-cmjn-1000x1000-1-300x300.jpg 300w, https:\/\/aux-4-coins-des-mots.fr\/wp-content\/uploads\/2022\/03\/logo-gard-2021-cmjn-1000x1000-1-150x150.jpg 150w, https:\/\/aux-4-coins-des-mots.fr\/wp-content\/uploads\/2022\/03\/logo-gard-2021-cmjn-1000x1000-1-768x768.jpg 768w\" sizes=\"auto, (max-width: 1000px) 100vw, 1000px\" \/><figcaption class=\"wp-element-caption\">CONSEIL DEPARTEMENTAL DU GARD<\/figcaption><\/figure>\n<div class=\"pvc_clear\"><\/div><p id=\"pvc_stats_21\" class=\"pvc_stats all  \" data-element-id=\"21\" style=\"\"><i class=\"pvc-stats-icon medium\" aria-hidden=\"true\"><svg aria-hidden=\"true\" focusable=\"false\" data-prefix=\"far\" data-icon=\"chart-bar\" role=\"img\" xmlns=\"http:\/\/www.w3.org\/2000\/svg\" viewBox=\"0 0 512 512\" class=\"svg-inline--fa fa-chart-bar fa-w-16 fa-2x\"><path fill=\"currentColor\" d=\"M396.8 352h22.4c6.4 0 12.8-6.4 12.8-12.8V108.8c0-6.4-6.4-12.8-12.8-12.8h-22.4c-6.4 0-12.8 6.4-12.8 12.8v230.4c0 6.4 6.4 12.8 12.8 12.8zm-192 0h22.4c6.4 0 12.8-6.4 12.8-12.8V140.8c0-6.4-6.4-12.8-12.8-12.8h-22.4c-6.4 0-12.8 6.4-12.8 12.8v198.4c0 6.4 6.4 12.8 12.8 12.8zm96 0h22.4c6.4 0 12.8-6.4 12.8-12.8V204.8c0-6.4-6.4-12.8-12.8-12.8h-22.4c-6.4 0-12.8 6.4-12.8 12.8v134.4c0 6.4 6.4 12.8 12.8 12.8zM496 400H48V80c0-8.84-7.16-16-16-16H16C7.16 64 0 71.16 0 80v336c0 17.67 14.33 32 32 32h464c8.84 0 16-7.16 16-16v-16c0-8.84-7.16-16-16-16zm-387.2-48h22.4c6.4 0 12.8-6.4 12.8-12.8v-70.4c0-6.4-6.4-12.8-12.8-12.8h-22.4c-6.4 0-12.8 6.4-12.8 12.8v70.4c0 6.4 6.4 12.8 12.8 12.8z\" class=\"\"><\/path><\/svg><\/i> <img loading=\"lazy\" decoding=\"async\" width=\"16\" height=\"16\" alt=\"Loading\" src=\"https:\/\/aux-4-coins-des-mots.fr\/wp-content\/plugins\/page-views-count\/ajax-loader-2x.gif\" border=0 \/><\/p><div class=\"pvc_clear\"><\/div>","protected":false},"excerpt":{"rendered":"<p>&nbsp; NOS ACTIONS &amp; DISPOSITIFS&#8230; Une Participation Forfaitaire aux Frais de Fonctionnement (P3F) est demand\u00e9e aux b\u00e9n\u00e9ficiaires non-membres pour la mise \u00e0 disposition des locaux, la coordination et le soutien logistique des permanences ou activit\u00e9s propos\u00e9es. MixCit\u00e9 L.A.C.An. \u2013 Entretiens individuels Lieu d\u2019Accueil et de Consultation Analytique (L.A.C.An.) : consultations de premi\u00e8re intention pour enfants, [&hellip;]<\/p>\n<div class=\"pvc_clear\"><\/div>\n<p id=\"pvc_stats_21\" class=\"pvc_stats all  \" data-element-id=\"21\" style=\"\"><i class=\"pvc-stats-icon medium\" aria-hidden=\"true\"><svg aria-hidden=\"true\" focusable=\"false\" data-prefix=\"far\" data-icon=\"chart-bar\" role=\"img\" xmlns=\"http:\/\/www.w3.org\/2000\/svg\" viewBox=\"0 0 512 512\" class=\"svg-inline--fa fa-chart-bar fa-w-16 fa-2x\"><path fill=\"currentColor\" d=\"M396.8 352h22.4c6.4 0 12.8-6.4 12.8-12.8V108.8c0-6.4-6.4-12.8-12.8-12.8h-22.4c-6.4 0-12.8 6.4-12.8 12.8v230.4c0 6.4 6.4 12.8 12.8 12.8zm-192 0h22.4c6.4 0 12.8-6.4 12.8-12.8V140.8c0-6.4-6.4-12.8-12.8-12.8h-22.4c-6.4 0-12.8 6.4-12.8 12.8v198.4c0 6.4 6.4 12.8 12.8 12.8zm96 0h22.4c6.4 0 12.8-6.4 12.8-12.8V204.8c0-6.4-6.4-12.8-12.8-12.8h-22.4c-6.4 0-12.8 6.4-12.8 12.8v134.4c0 6.4 6.4 12.8 12.8 12.8zM496 400H48V80c0-8.84-7.16-16-16-16H16C7.16 64 0 71.16 0 80v336c0 17.67 14.33 32 32 32h464c8.84 0 16-7.16 16-16v-16c0-8.84-7.16-16-16-16zm-387.2-48h22.4c6.4 0 12.8-6.4 12.8-12.8v-70.4c0-6.4-6.4-12.8-12.8-12.8h-22.4c-6.4 0-12.8 6.4-12.8 12.8v70.4c0 6.4 6.4 12.8 12.8 12.8z\" class=\"\"><\/path><\/svg><\/i> <img loading=\"lazy\" decoding=\"async\" width=\"16\" height=\"16\" alt=\"Loading\" src=\"https:\/\/aux-4-coins-des-mots.fr\/wp-content\/plugins\/page-views-count\/ajax-loader-2x.gif\" border=0 \/><\/p>\n<div class=\"pvc_clear\"><\/div>\n","protected":false},"author":1,"featured_media":0,"parent":0,"menu_order":0,"comment_status":"closed","ping_status":"closed","template":"","meta":{"iawp_total_views":113,"footnotes":""},"class_list":["post-21","page","type-page","status-publish","hentry"],"a3_pvc":{"activated":true,"total_views":466,"today_views":0},"jetpack_sharing_enabled":true,"_links":{"self":[{"href":"https:\/\/aux-4-coins-des-mots.fr\/index.php\/wp-json\/wp\/v2\/pages\/21","targetHints":{"allow":["GET"]}}],"collection":[{"href":"https:\/\/aux-4-coins-des-mots.fr\/index.php\/wp-json\/wp\/v2\/pages"}],"about":[{"href":"https:\/\/aux-4-coins-des-mots.fr\/index.php\/wp-json\/wp\/v2\/types\/page"}],"author":[{"embeddable":true,"href":"https:\/\/aux-4-coins-des-mots.fr\/index.php\/wp-json\/wp\/v2\/users\/1"}],"replies":[{"embeddable":true,"href":"https:\/\/aux-4-coins-des-mots.fr\/index.php\/wp-json\/wp\/v2\/comments?post=21"}],"version-history":[{"count":126,"href":"https:\/\/aux-4-coins-des-mots.fr\/index.php\/wp-json\/wp\/v2\/pages\/21\/revisions"}],"predecessor-version":[{"id":3722,"href":"https:\/\/aux-4-coins-des-mots.fr\/index.php\/wp-json\/wp\/v2\/pages\/21\/revisions\/3722"}],"wp:attachment":[{"href":"https:\/\/aux-4-coins-des-mots.fr\/index.php\/wp-json\/wp\/v2\/media?parent=21"}],"curies":[{"name":"wp","href":"https:\/\/api.w.org\/{rel}","templated":true}]}}