{"id":1909,"date":"2024-12-07T14:03:33","date_gmt":"2024-12-07T13:03:33","guid":{"rendered":"https:\/\/aux-4-coins-des-mots.fr\/?page_id=1909"},"modified":"2025-08-08T01:57:09","modified_gmt":"2025-08-07T23:57:09","slug":"la-musique-de-linconscient","status":"publish","type":"page","link":"https:\/\/aux-4-coins-des-mots.fr\/index.php\/la-musique-de-linconscient\/","title":{"rendered":"LA MUSIQUE DE L&rsquo;INCONSCIENT"},"content":{"rendered":"\n<div class=\"wp-block-columns are-vertically-aligned-center is-layout-flex wp-container-core-columns-is-layout-28f84493 wp-block-columns-is-layout-flex\">\n<div class=\"wp-block-column is-vertically-aligned-center is-layout-flow wp-block-column-is-layout-flow\" style=\"flex-basis:100%\">\n<p>Nous vous proposons de d\u00e9couvrir de courtes vid\u00e9os sur quelques concepts cl\u00e9s de la psychanalyse lacanienne rassembl\u00e9es autour de \u00ab\u00a0<strong><em>La musique de l&rsquo;inconscient<\/em><\/strong>\u00ab\u00a0. La notion de \u00ab\u00a0musique de l&rsquo;inconscient\u00a0\u00bb est une m\u00e9taphore puissante qui illustre comment le <strong>langage<\/strong>, dans sa dimension inconsciente, fonctionne de mani\u00e8re <strong>rythmique <\/strong>et <strong>structurelle<\/strong>, proche de celle de la <strong>musique<\/strong>. <\/p>\n\n\n\n<p>Cette id\u00e9e repose sur plusieurs concepts fondamentaux de la pens\u00e9e lacanienne, notamment l&rsquo;articulation entre le langage, l&rsquo;inconscient, et le r\u00e9el.<\/p>\n\n\n\n<h4 class=\"wp-block-heading\">L&rsquo;inconscient structur\u00e9 comme un langage<\/h4>\n\n\n\n<p>Pour Lacan, l&rsquo;inconscient est structur\u00e9 comme un langage. Cela signifie que l&rsquo;inconscient n&rsquo;est pas une sorte de chaos d&rsquo;id\u00e9es ou d&rsquo;images, mais un syst\u00e8me organis\u00e9, ob\u00e9issant \u00e0 des lois, notamment celles du langage : les associations, les m\u00e9taphores et les m\u00e9tonymies. Cependant, ce langage n&rsquo;est pas n\u00e9cessairement \u00ab\u00a0logique\u00a0\u00bb au sens rationnel. Il est marqu\u00e9 par des ruptures, des glissements et des rythmes.<\/p>\n\n\n\n<h4 class=\"wp-block-heading\">La dimension rythmique et musicale<\/h4>\n\n\n\n<p>Dans cette perspective, tentons de faire un rapprochement entre le fonctionnement de l&rsquo;inconscient et celui de la musique.<\/p>\n\n\n\n<h4 class=\"wp-block-heading\">Rythme et R\u00e9p\u00e9tition<\/h4>\n\n\n\n<p>L&rsquo;inconscient est souvent associ\u00e9 \u00e0 une r\u00e9p\u00e9tition signifiante (les lapsus, les actes manqu\u00e9s, les r\u00eaves), qui peut \u00eatre compar\u00e9e \u00e0 la r\u00e9p\u00e9tition dans la musique.<\/p>\n\n\n\n<h4 class=\"wp-block-heading\">La Sonorit\u00e9<\/h4>\n\n\n\n<p>Le langage inconscient ne s&rsquo;attache pas toujours au sens strict des mots, mais \u00e0 leur sonorit\u00e9, leurs jeux phon\u00e9tiques, leurs r\u00e9sonances. Ce fonctionnement \u00e9voque une sorte de \u00ab\u00a0musicalit\u00e9\u00a0\u00bb, o\u00f9 ce qui importe n&rsquo;est pas uniquement le contenu s\u00e9mantique, mais aussi la mani\u00e8re dont les mots r\u00e9sonnent et se lient entre eux.<\/p>\n\n\n\n<h4 class=\"wp-block-heading\">Coupure et Silence<\/h4>\n\n\n\n<p>Les coupures, les scansions, les pauses, le silence, tout comme dans la musique, sont autant de moments de suspension cr\u00e9ateurs de, ou plut\u00f4t r\u00e9v\u00e9lateurs de l&rsquo;absence de sens. Ce n&rsquo;est pas sans lien avec le r\u00e9el \u2013 ce qui \u00e9chappe toujours au symbolique.<\/p>\n\n\n\n<h4 class=\"wp-block-heading\">Le rapport au R\u00e9el<\/h4>\n\n\n\n<p>La musique de l&rsquo;inconscient serait donc une approche de ce qui \u00e9chappe au sens. Elle \u00e9voque quelque chose du r\u00e9el, cette dimension hors langage qui se manifeste dans les failles du discours. La musique touche aux \u00e9motions. La musique affecte et touche \u00e0 des exp\u00e9riences que les signifiants eux-m\u00eames ne parviennent pas \u00e0 exprimer.<\/p>\n\n\n\n<p><br>La \u00ab\u00a0<strong><em>musique de l&rsquo;inconscient<\/em><\/strong>\u00a0\u00bb renvoie donc \u00e0 l&rsquo;id\u00e9e que l&rsquo;inconscient, comme la musique, est un agencement de rythmes, de sons, de coupures, et de silences. Elle d\u00e9passe la logique et le sens explicite pour acc\u00e9der \u00e0 une autre forme de compr\u00e9hension, qui engage \u00e0 la fois le symbolique (langage), l&rsquo;imaginaire et le r\u00e9el (ce qui r\u00e9siste au langage).<\/p>\n\n\n\n<p>Ce concept, bien que m\u00e9taphorique, souligne le caract\u00e8re profond\u00e9ment artistique et cr\u00e9atif de l&rsquo;inconscient, tout en mettant en avant les limites du langage pour saisir ce qui nous \u00e9chappe<\/p>\n\n\n\n<h3 class=\"wp-block-heading has-text-align-center\"><strong>Une tr\u00e8s belle \u00e9coute \u00e0 vous tous. <\/strong><br><strong>\u00c0 bient\u00f4t.<\/strong><\/h3>\n<\/div>\n<\/div>\n\n\n\n<p class=\"has-text-align-left\"><sup>Difficile * * *<\/sup><\/p>\n\n\n\n<p class=\"has-text-align-center\"><sup>Interm\u00e9diaire * *<\/sup><\/p>\n\n\n\n<p class=\"has-text-align-right\"><sup>Tout public *<\/sup><\/p>\n\n\n\n<h4 class=\"wp-block-heading\">L&rsquo;INCONSCIENT<\/h4>\n\n\n\n<div style=\"margin: 0 auto; max-width: 640px; width: 100%;\">\n  <iframe loading=\"lazy\"\n    width=\"100%\"\n    height=\"360\"\n    src=\"https:\/\/www.youtube.com\/embed\/ACnz3RXEtPA?autoplay=0&#038;loop=1&#038;playlist=ACnz3RXEtPA&#038;controls=1\"\n    frameborder=\"0\"\n    allow=\"autoplay; encrypted-media\"\n    allowfullscreen\n  ><\/iframe>\n  <figcaption style=\"text-align: center; font-style: italic; margin-top: 0.5em;\">\n    L&rsquo;INCONSCIENT *\n  <\/figcaption>\n<\/div>\n\n\n\n<h4 class=\"wp-block-heading\">LA JOUISSANCE<\/h4>\n\n\n\n<div style=\"margin: 0 auto; max-width: 640px; width: 100%;\">\n  <iframe loading=\"lazy\"\n    width=\"100%\"\n    height=\"360\"\n    src=\"https:\/\/www.youtube.com\/embed\/GpsRoOQYi6c?autoplay=0&#038;loop=1&#038;playlist=GpsRoOQYi6c&#038;controls=1\"\n    frameborder=\"0\"\n    allow=\"autoplay; encrypted-media\"\n    allowfullscreen\n  ><\/iframe>\n  <figcaption style=\"text-align: center; font-style: italic; margin-top: 0.5em;\">\n    LA JOUISSANCE * *\n  <\/figcaption>\n<\/div>\n\n\n\n<h4 class=\"wp-block-heading\">TREBUCHEMENTS &amp; RESONANCES<\/h4>\n\n\n\n<div style=\"margin: 0 auto; max-width: 640px; width: 100%;\">\n  <iframe loading=\"lazy\"\n    width=\"100%\"\n    height=\"480\"\n    src=\"https:\/\/www.youtube.com\/embed\/Y9fS6LBww9w?autoplay=0&#038;loop=1&#038;playlist=Y9fS6LBww9w&#038;controls=1\"\n    frameborder=\"0\"\n    allow=\"autoplay; encrypted-media\"\n    allowfullscreen\n  ><\/iframe>\n  <figcaption style=\"text-align: center; font-style: italic; margin-top: 0.5em;\">\n    SE FORMER A L&rsquo;HERESIE : SIGNES DISCRETS * * *\n  <\/figcaption>\n<\/div>\n\n\n\n<h4 class=\"wp-block-heading\">LE PHALLUS en PSYCHANALYSE<\/h4>\n\n\n\n<div style=\"margin: 0 auto; max-width: 640px; width: 100%;\">\n  <iframe loading=\"lazy\"\n    width=\"100%\"\n    height=\"360\"\n    src=\"https:\/\/www.youtube.com\/embed\/zHMcLzhiH5Y?autoplay=0&#038;loop=1&#038;playlist=zHMcLzhiH5Y&#038;controls=1\"\n    frameborder=\"0\"\n    allow=\"autoplay; encrypted-media\"\n    allowfullscreen\n  ><\/iframe>\n  <figcaption style=\"text-align: center; font-style: italic; margin-top: 0.5em;\">\n    LE PHALLUS * *\n  <\/figcaption>\n<\/div>\n\n\n\n<h4 class=\"wp-block-heading\">RAINER MARIA RILKE &amp; LACAN<\/h4>\n\n\n\n<div style=\"margin: 0 auto; max-width: 640px; width: 100%;\">\n  <iframe loading=\"lazy\"\n    width=\"100%\"\n    height=\"360\"\n    src=\"https:\/\/www.youtube.com\/embed\/TJ8aqXcJp-A?autoplay=0&#038;loop=1&#038;playlist=TJ8aqXcJp-A&#038;controls=1\"\n    frameborder=\"0\"\n    allow=\"autoplay; encrypted-media\"\n    allowfullscreen\n  ><\/iframe>\n  <figcaption style=\"text-align: center; font-style: italic; margin-top: 0.5em;\">\n    RILKE &amp; LACAN : CE QUI S\u2019ECRIT*\n  <\/figcaption>\n<\/div>\n<div class=\"pvc_clear\"><\/div><p id=\"pvc_stats_1909\" class=\"pvc_stats all  \" data-element-id=\"1909\" style=\"\"><i class=\"pvc-stats-icon medium\" aria-hidden=\"true\"><svg aria-hidden=\"true\" focusable=\"false\" data-prefix=\"far\" data-icon=\"chart-bar\" role=\"img\" xmlns=\"http:\/\/www.w3.org\/2000\/svg\" viewBox=\"0 0 512 512\" class=\"svg-inline--fa fa-chart-bar fa-w-16 fa-2x\"><path fill=\"currentColor\" d=\"M396.8 352h22.4c6.4 0 12.8-6.4 12.8-12.8V108.8c0-6.4-6.4-12.8-12.8-12.8h-22.4c-6.4 0-12.8 6.4-12.8 12.8v230.4c0 6.4 6.4 12.8 12.8 12.8zm-192 0h22.4c6.4 0 12.8-6.4 12.8-12.8V140.8c0-6.4-6.4-12.8-12.8-12.8h-22.4c-6.4 0-12.8 6.4-12.8 12.8v198.4c0 6.4 6.4 12.8 12.8 12.8zm96 0h22.4c6.4 0 12.8-6.4 12.8-12.8V204.8c0-6.4-6.4-12.8-12.8-12.8h-22.4c-6.4 0-12.8 6.4-12.8 12.8v134.4c0 6.4 6.4 12.8 12.8 12.8zM496 400H48V80c0-8.84-7.16-16-16-16H16C7.16 64 0 71.16 0 80v336c0 17.67 14.33 32 32 32h464c8.84 0 16-7.16 16-16v-16c0-8.84-7.16-16-16-16zm-387.2-48h22.4c6.4 0 12.8-6.4 12.8-12.8v-70.4c0-6.4-6.4-12.8-12.8-12.8h-22.4c-6.4 0-12.8 6.4-12.8 12.8v70.4c0 6.4 6.4 12.8 12.8 12.8z\" class=\"\"><\/path><\/svg><\/i> <img loading=\"lazy\" decoding=\"async\" width=\"16\" height=\"16\" alt=\"Loading\" src=\"https:\/\/aux-4-coins-des-mots.fr\/wp-content\/plugins\/page-views-count\/ajax-loader-2x.gif\" border=0 \/><\/p><div class=\"pvc_clear\"><\/div>","protected":false},"excerpt":{"rendered":"<p>Nous vous proposons de d\u00e9couvrir de courtes vid\u00e9os sur quelques concepts cl\u00e9s de la psychanalyse lacanienne rassembl\u00e9es autour de \u00ab\u00a0La musique de l&rsquo;inconscient\u00ab\u00a0. La notion de \u00ab\u00a0musique de l&rsquo;inconscient\u00a0\u00bb est une m\u00e9taphore puissante qui illustre comment le langage, dans sa dimension inconsciente, fonctionne de mani\u00e8re rythmique et structurelle, proche de celle de la musique. Cette [&hellip;]<\/p>\n<div class=\"pvc_clear\"><\/div>\n<p id=\"pvc_stats_1909\" class=\"pvc_stats all  \" data-element-id=\"1909\" style=\"\"><i class=\"pvc-stats-icon medium\" aria-hidden=\"true\"><svg aria-hidden=\"true\" focusable=\"false\" data-prefix=\"far\" data-icon=\"chart-bar\" role=\"img\" xmlns=\"http:\/\/www.w3.org\/2000\/svg\" viewBox=\"0 0 512 512\" class=\"svg-inline--fa fa-chart-bar fa-w-16 fa-2x\"><path fill=\"currentColor\" d=\"M396.8 352h22.4c6.4 0 12.8-6.4 12.8-12.8V108.8c0-6.4-6.4-12.8-12.8-12.8h-22.4c-6.4 0-12.8 6.4-12.8 12.8v230.4c0 6.4 6.4 12.8 12.8 12.8zm-192 0h22.4c6.4 0 12.8-6.4 12.8-12.8V140.8c0-6.4-6.4-12.8-12.8-12.8h-22.4c-6.4 0-12.8 6.4-12.8 12.8v198.4c0 6.4 6.4 12.8 12.8 12.8zm96 0h22.4c6.4 0 12.8-6.4 12.8-12.8V204.8c0-6.4-6.4-12.8-12.8-12.8h-22.4c-6.4 0-12.8 6.4-12.8 12.8v134.4c0 6.4 6.4 12.8 12.8 12.8zM496 400H48V80c0-8.84-7.16-16-16-16H16C7.16 64 0 71.16 0 80v336c0 17.67 14.33 32 32 32h464c8.84 0 16-7.16 16-16v-16c0-8.84-7.16-16-16-16zm-387.2-48h22.4c6.4 0 12.8-6.4 12.8-12.8v-70.4c0-6.4-6.4-12.8-12.8-12.8h-22.4c-6.4 0-12.8 6.4-12.8 12.8v70.4c0 6.4 6.4 12.8 12.8 12.8z\" class=\"\"><\/path><\/svg><\/i> <img loading=\"lazy\" decoding=\"async\" width=\"16\" height=\"16\" alt=\"Loading\" src=\"https:\/\/aux-4-coins-des-mots.fr\/wp-content\/plugins\/page-views-count\/ajax-loader-2x.gif\" border=0 \/><\/p>\n<div class=\"pvc_clear\"><\/div>\n","protected":false},"author":1,"featured_media":0,"parent":0,"menu_order":0,"comment_status":"closed","ping_status":"closed","template":"","meta":{"iawp_total_views":13,"footnotes":""},"class_list":["post-1909","page","type-page","status-publish","hentry"],"a3_pvc":{"activated":true,"total_views":98,"today_views":0},"jetpack_sharing_enabled":true,"_links":{"self":[{"href":"https:\/\/aux-4-coins-des-mots.fr\/index.php\/wp-json\/wp\/v2\/pages\/1909","targetHints":{"allow":["GET"]}}],"collection":[{"href":"https:\/\/aux-4-coins-des-mots.fr\/index.php\/wp-json\/wp\/v2\/pages"}],"about":[{"href":"https:\/\/aux-4-coins-des-mots.fr\/index.php\/wp-json\/wp\/v2\/types\/page"}],"author":[{"embeddable":true,"href":"https:\/\/aux-4-coins-des-mots.fr\/index.php\/wp-json\/wp\/v2\/users\/1"}],"replies":[{"embeddable":true,"href":"https:\/\/aux-4-coins-des-mots.fr\/index.php\/wp-json\/wp\/v2\/comments?post=1909"}],"version-history":[{"count":24,"href":"https:\/\/aux-4-coins-des-mots.fr\/index.php\/wp-json\/wp\/v2\/pages\/1909\/revisions"}],"predecessor-version":[{"id":2619,"href":"https:\/\/aux-4-coins-des-mots.fr\/index.php\/wp-json\/wp\/v2\/pages\/1909\/revisions\/2619"}],"wp:attachment":[{"href":"https:\/\/aux-4-coins-des-mots.fr\/index.php\/wp-json\/wp\/v2\/media?parent=1909"}],"curies":[{"name":"wp","href":"https:\/\/api.w.org\/{rel}","templated":true}]}}