{"id":1868,"date":"2024-09-06T18:19:16","date_gmt":"2024-09-06T16:19:16","guid":{"rendered":"https:\/\/aux-4-coins-des-mots.fr\/?page_id=1868"},"modified":"2026-04-18T12:50:25","modified_gmt":"2026-04-18T10:50:25","slug":"documentations","status":"publish","type":"page","link":"https:\/\/aux-4-coins-des-mots.fr\/index.php\/documentations\/","title":{"rendered":"DOCUMENTATIONS"},"content":{"rendered":"\n<h2 class=\"wp-block-heading has-inter-font-family\">PLAQUETTE MixCit\u00e9<\/h2>\n\n\n\n<div class=\"wp-block-buttons is-content-justification-center is-layout-flex wp-container-core-buttons-is-layout-a89b3969 wp-block-buttons-is-layout-flex\">\n<div class=\"wp-block-button\"><a class=\"wp-block-button__link wp-element-button\" href=\"https:\/\/aux-4-coins-des-mots.fr\/wp-content\/uploads\/2026\/01\/001-PLAQUETTE-MIXCITE-INDIV-PUBLIC-2025.pdf\" target=\"_blank\" rel=\"noreferrer noopener\"><strong>NOTRE PLAQUETTE<\/strong><\/a><\/div>\n<\/div>\n\n\n\n<h2 class=\"wp-block-heading has-inter-font-family\">FICHE d&rsquo;ORIENTATION<\/h2>\n\n\n\n<h4 class=\"wp-block-heading\">\u00e0 l&rsquo;usage des Professionnels : Centre M\u00e9dico-Sociaux, Services Educatifs, Enseignants, Param\u00e9dicaux, Sant\u00e9,&#8230;)<\/h4>\n\n\n\n<p class=\"has-black-color has-text-color has-link-color wp-elements-8ff7d163c78fd058115b0e8332c2d519\"><strong>FICHE TELECHARGEABLE<\/strong> (Formulaire PDF remplissable et enregistrable)<strong> <\/strong>:<\/p>\n\n\n\n<p class=\"has-text-color has-link-color wp-elements-070110fa58c1a6102385210e846cbe91\" style=\"color:#3a54c8\">=&gt; <strong>ENVOYER <\/strong>par mail \u00e0 <a href=\"mailto:co***********@******************ts.fr\" data-original-string=\"4YJMzoAbr7L8Z60LRg33yA==8b1TIZPKhUJKoiW1822nHP9mVDvJBBFLOEG2Oz0uxYhc1a7Ru9y9etScCCNgRAleE+A\" title=\"This contact has been encoded by Anti-Spam by CleanTalk. Click to decode. To finish the decoding make sure that JavaScript is enabled in your browser.\"><strong><span \n                data-original-string='SBYNvUEp1OO9kXCNAe37qA==8b1ljvW7wSLpKy3WUjCNhYB1YISXQTlJq0VmGW00gpp4SvphWysoXdKXQarbwvk0D5A'\n                class='apbct-email-encoder'\n                title='This contact has been encoded by Anti-Spam by CleanTalk. Click to decode. To finish the decoding make sure that JavaScript is enabled in your browser.'>co<span class=\"apbct-blur\">***********<\/span>@<span class=\"apbct-blur\">******************<\/span>ts.fr<\/span><\/strong><\/a><\/p>\n\n\n\n<div class=\"wp-block-buttons is-content-justification-center is-layout-flex wp-container-core-buttons-is-layout-a89b3969 wp-block-buttons-is-layout-flex\">\n<div class=\"wp-block-button\"><a class=\"wp-block-button__link wp-element-button\" href=\"https:\/\/aux-4-coins-des-mots.fr\/wp-content\/uploads\/2026\/04\/00-fiche-orientation-O4CDM-COLOR-2026.pdf\" target=\"_blank\" rel=\"noreferrer noopener\"><strong>FICHE d&rsquo;ORIENTATION<\/strong><\/a><\/div>\n<\/div>\n\n\n\n<figure data-wp-context=\"{&quot;imageId&quot;:&quot;69f5279dc5e50&quot;}\" data-wp-interactive=\"core\/image\" data-wp-key=\"69f5279dc5e50\" class=\"wp-block-image aligncenter size-large is-resized wp-lightbox-container\"><img loading=\"lazy\" decoding=\"async\" width=\"716\" height=\"1024\" data-wp-class--hide=\"state.isContentHidden\" data-wp-class--show=\"state.isContentVisible\" data-wp-init=\"callbacks.setButtonStyles\" data-wp-on--click=\"actions.showLightbox\" data-wp-on--load=\"callbacks.setButtonStyles\" data-wp-on-window--resize=\"callbacks.setButtonStyles\" src=\"https:\/\/aux-4-coins-des-mots.fr\/wp-content\/uploads\/2026\/04\/00-fiche-orientation-O4CDM-COLOR-2026_Page_1-716x1024.jpg\" alt=\"\" class=\"wp-image-3853\" style=\"aspect-ratio:0.6992053635625111;width:442px;height:auto\" srcset=\"https:\/\/aux-4-coins-des-mots.fr\/wp-content\/uploads\/2026\/04\/00-fiche-orientation-O4CDM-COLOR-2026_Page_1-716x1024.jpg 716w, https:\/\/aux-4-coins-des-mots.fr\/wp-content\/uploads\/2026\/04\/00-fiche-orientation-O4CDM-COLOR-2026_Page_1-210x300.jpg 210w, https:\/\/aux-4-coins-des-mots.fr\/wp-content\/uploads\/2026\/04\/00-fiche-orientation-O4CDM-COLOR-2026_Page_1-768x1098.jpg 768w, https:\/\/aux-4-coins-des-mots.fr\/wp-content\/uploads\/2026\/04\/00-fiche-orientation-O4CDM-COLOR-2026_Page_1-1074x1536.jpg 1074w, https:\/\/aux-4-coins-des-mots.fr\/wp-content\/uploads\/2026\/04\/00-fiche-orientation-O4CDM-COLOR-2026_Page_1-1432x2048.jpg 1432w, https:\/\/aux-4-coins-des-mots.fr\/wp-content\/uploads\/2026\/04\/00-fiche-orientation-O4CDM-COLOR-2026_Page_1-scaled.jpg 1790w\" sizes=\"auto, (max-width: 716px) 100vw, 716px\" \/><button\n\t\t\tclass=\"lightbox-trigger\"\n\t\t\ttype=\"button\"\n\t\t\taria-haspopup=\"dialog\"\n\t\t\taria-label=\"Agrandir\"\n\t\t\tdata-wp-init=\"callbacks.initTriggerButton\"\n\t\t\tdata-wp-on--click=\"actions.showLightbox\"\n\t\t\tdata-wp-style--right=\"state.imageButtonRight\"\n\t\t\tdata-wp-style--top=\"state.imageButtonTop\"\n\t\t>\n\t\t\t<svg xmlns=\"http:\/\/www.w3.org\/2000\/svg\" width=\"12\" height=\"12\" fill=\"none\" viewBox=\"0 0 12 12\">\n\t\t\t\t<path fill=\"#fff\" d=\"M2 0a2 2 0 0 0-2 2v2h1.5V2a.5.5 0 0 1 .5-.5h2V0H2Zm2 10.5H2a.5.5 0 0 1-.5-.5V8H0v2a2 2 0 0 0 2 2h2v-1.5ZM8 12v-1.5h2a.5.5 0 0 0 .5-.5V8H12v2a2 2 0 0 1-2 2H8Zm2-12a2 2 0 0 1 2 2v2h-1.5V2a.5.5 0 0 0-.5-.5H8V0h2Z\" \/>\n\t\t\t<\/svg>\n\t\t<\/button><figcaption class=\"wp-element-caption\">(Cliquez pour agrandir)<\/figcaption><\/figure>\n\n\n\n<figure data-wp-context=\"{&quot;imageId&quot;:&quot;69f5279dc654e&quot;}\" data-wp-interactive=\"core\/image\" data-wp-key=\"69f5279dc654e\" class=\"wp-block-image aligncenter size-large is-resized wp-lightbox-container\"><img loading=\"lazy\" decoding=\"async\" width=\"716\" height=\"1024\" data-wp-class--hide=\"state.isContentHidden\" data-wp-class--show=\"state.isContentVisible\" data-wp-init=\"callbacks.setButtonStyles\" data-wp-on--click=\"actions.showLightbox\" data-wp-on--load=\"callbacks.setButtonStyles\" data-wp-on-window--resize=\"callbacks.setButtonStyles\" src=\"https:\/\/aux-4-coins-des-mots.fr\/wp-content\/uploads\/2026\/04\/00-fiche-orientation-O4CDM-COLOR-2026_Page_2-716x1024.jpg\" alt=\"\" class=\"wp-image-3854\" style=\"aspect-ratio:0.699375157611589;width:446px;height:auto\" srcset=\"https:\/\/aux-4-coins-des-mots.fr\/wp-content\/uploads\/2026\/04\/00-fiche-orientation-O4CDM-COLOR-2026_Page_2-716x1024.jpg 716w, https:\/\/aux-4-coins-des-mots.fr\/wp-content\/uploads\/2026\/04\/00-fiche-orientation-O4CDM-COLOR-2026_Page_2-210x300.jpg 210w, https:\/\/aux-4-coins-des-mots.fr\/wp-content\/uploads\/2026\/04\/00-fiche-orientation-O4CDM-COLOR-2026_Page_2-768x1098.jpg 768w, https:\/\/aux-4-coins-des-mots.fr\/wp-content\/uploads\/2026\/04\/00-fiche-orientation-O4CDM-COLOR-2026_Page_2-1074x1536.jpg 1074w, https:\/\/aux-4-coins-des-mots.fr\/wp-content\/uploads\/2026\/04\/00-fiche-orientation-O4CDM-COLOR-2026_Page_2-1432x2048.jpg 1432w, https:\/\/aux-4-coins-des-mots.fr\/wp-content\/uploads\/2026\/04\/00-fiche-orientation-O4CDM-COLOR-2026_Page_2-scaled.jpg 1790w\" sizes=\"auto, (max-width: 716px) 100vw, 716px\" \/><button\n\t\t\tclass=\"lightbox-trigger\"\n\t\t\ttype=\"button\"\n\t\t\taria-haspopup=\"dialog\"\n\t\t\taria-label=\"Agrandir\"\n\t\t\tdata-wp-init=\"callbacks.initTriggerButton\"\n\t\t\tdata-wp-on--click=\"actions.showLightbox\"\n\t\t\tdata-wp-style--right=\"state.imageButtonRight\"\n\t\t\tdata-wp-style--top=\"state.imageButtonTop\"\n\t\t>\n\t\t\t<svg xmlns=\"http:\/\/www.w3.org\/2000\/svg\" width=\"12\" height=\"12\" fill=\"none\" viewBox=\"0 0 12 12\">\n\t\t\t\t<path fill=\"#fff\" d=\"M2 0a2 2 0 0 0-2 2v2h1.5V2a.5.5 0 0 1 .5-.5h2V0H2Zm2 10.5H2a.5.5 0 0 1-.5-.5V8H0v2a2 2 0 0 0 2 2h2v-1.5ZM8 12v-1.5h2a.5.5 0 0 0 .5-.5V8H12v2a2 2 0 0 1-2 2H8Zm2-12a2 2 0 0 1 2 2v2h-1.5V2a.5.5 0 0 0-.5-.5H8V0h2Z\" \/>\n\t\t\t<\/svg>\n\t\t<\/button><figcaption class=\"wp-element-caption\">(Cliquez pour agrandir)<\/figcaption><\/figure>\n\n\n\n<h2 class=\"wp-block-heading has-inter-font-family\">REGLEMENT (B\u00e9n\u00e9ficiaires non-membres)<\/h2>\n\n\n\n<div class=\"wp-block-buttons is-content-justification-center is-layout-flex wp-container-core-buttons-is-layout-098cc607 wp-block-buttons-is-layout-flex\">\n<div class=\"wp-block-button\"><a class=\"wp-block-button__link has-text-align-center wp-element-button\" href=\"https:\/\/aux-4-coins-des-mots.fr\/wp-content\/uploads\/2025\/10\/Reglement_beneficiaires_OQCDM.pdf\" target=\"_blank\" rel=\"noreferrer noopener\"><strong>REGLEMENT BENEFICIAIRES<\/strong><\/a><\/div>\n<\/div>\n\n\n\n<p><\/p>\n\n\n\n<h4 class=\"wp-block-heading has-text-align-center has-vivid-cyan-blue-color has-text-color has-link-color wp-elements-af77dd032363f90860607def88ed1a73\">Aux Quatre Coins des Mots est un lieu d\u2019\u00e9coute, d\u2019accompagnement et d\u2019orientation. \u00c0 ce titre, l\u2019association <strong>n\u2019intervient pas dans les proc\u00e9dures judiciaires<\/strong> et <strong>ne d\u00e9livre pas d\u2019expertises m\u00e9dico-psychologiques<\/strong>. Nous <strong>n\u2019effectuons pas<\/strong> non plus de <strong>tests psychotechniques\/psychom\u00e9triques<\/strong>, de <strong>bilans<\/strong> ou d&rsquo;<strong>\u00e9valuations<\/strong>, ni de certificats m\u00e9dicaux.<br>Sur demande, il est uniquement possible d\u2019obtenir une <strong><em>attestation de pr\u00e9sence<\/em><\/strong>.<\/h4>\n\n\n\n<h2 class=\"wp-block-heading has-inter-font-family\">PRENDRE le BUS<\/h2>\n\n\n\n<figure data-wp-context=\"{&quot;imageId&quot;:&quot;69f5279dc700c&quot;}\" data-wp-interactive=\"core\/image\" data-wp-key=\"69f5279dc700c\" class=\"wp-block-image aligncenter size-large is-resized wp-lightbox-container\"><img loading=\"lazy\" decoding=\"async\" width=\"683\" height=\"1024\" data-wp-class--hide=\"state.isContentHidden\" data-wp-class--show=\"state.isContentVisible\" data-wp-init=\"callbacks.setButtonStyles\" data-wp-on--click=\"actions.showLightbox\" data-wp-on--load=\"callbacks.setButtonStyles\" data-wp-on-window--resize=\"callbacks.setButtonStyles\" src=\"https:\/\/aux-4-coins-des-mots.fr\/wp-content\/uploads\/2026\/02\/plan-bus-tango-o4cdm-1-683x1024.jpeg\" alt=\"\" class=\"wp-image-3679\" style=\"aspect-ratio:0.6670093084346982;width:455px;height:auto\" srcset=\"https:\/\/aux-4-coins-des-mots.fr\/wp-content\/uploads\/2026\/02\/plan-bus-tango-o4cdm-1-683x1024.jpeg 683w, https:\/\/aux-4-coins-des-mots.fr\/wp-content\/uploads\/2026\/02\/plan-bus-tango-o4cdm-1-200x300.jpeg 200w, https:\/\/aux-4-coins-des-mots.fr\/wp-content\/uploads\/2026\/02\/plan-bus-tango-o4cdm-1-768x1152.jpeg 768w, https:\/\/aux-4-coins-des-mots.fr\/wp-content\/uploads\/2026\/02\/plan-bus-tango-o4cdm-1.jpeg 1024w\" sizes=\"auto, (max-width: 683px) 100vw, 683px\" \/><button\n\t\t\tclass=\"lightbox-trigger\"\n\t\t\ttype=\"button\"\n\t\t\taria-haspopup=\"dialog\"\n\t\t\taria-label=\"Agrandir\"\n\t\t\tdata-wp-init=\"callbacks.initTriggerButton\"\n\t\t\tdata-wp-on--click=\"actions.showLightbox\"\n\t\t\tdata-wp-style--right=\"state.imageButtonRight\"\n\t\t\tdata-wp-style--top=\"state.imageButtonTop\"\n\t\t>\n\t\t\t<svg xmlns=\"http:\/\/www.w3.org\/2000\/svg\" width=\"12\" height=\"12\" fill=\"none\" viewBox=\"0 0 12 12\">\n\t\t\t\t<path fill=\"#fff\" d=\"M2 0a2 2 0 0 0-2 2v2h1.5V2a.5.5 0 0 1 .5-.5h2V0H2Zm2 10.5H2a.5.5 0 0 1-.5-.5V8H0v2a2 2 0 0 0 2 2h2v-1.5ZM8 12v-1.5h2a.5.5 0 0 0 .5-.5V8H12v2a2 2 0 0 1-2 2H8Zm2-12a2 2 0 0 1 2 2v2h-1.5V2a.5.5 0 0 0-.5-.5H8V0h2Z\" \/>\n\t\t\t<\/svg>\n\t\t<\/button><figcaption class=\"wp-element-caption\">LIGNE 14 &#8211; PONT DE JUSTICE &#8211; Arr\u00eat \u00ab\u00a0BEAUCAIRE\u00a0\u00bb<\/figcaption><\/figure>\n<div class=\"pvc_clear\"><\/div><p id=\"pvc_stats_1868\" class=\"pvc_stats all  \" data-element-id=\"1868\" style=\"\"><i class=\"pvc-stats-icon medium\" aria-hidden=\"true\"><svg aria-hidden=\"true\" focusable=\"false\" data-prefix=\"far\" data-icon=\"chart-bar\" role=\"img\" xmlns=\"http:\/\/www.w3.org\/2000\/svg\" viewBox=\"0 0 512 512\" class=\"svg-inline--fa fa-chart-bar fa-w-16 fa-2x\"><path fill=\"currentColor\" d=\"M396.8 352h22.4c6.4 0 12.8-6.4 12.8-12.8V108.8c0-6.4-6.4-12.8-12.8-12.8h-22.4c-6.4 0-12.8 6.4-12.8 12.8v230.4c0 6.4 6.4 12.8 12.8 12.8zm-192 0h22.4c6.4 0 12.8-6.4 12.8-12.8V140.8c0-6.4-6.4-12.8-12.8-12.8h-22.4c-6.4 0-12.8 6.4-12.8 12.8v198.4c0 6.4 6.4 12.8 12.8 12.8zm96 0h22.4c6.4 0 12.8-6.4 12.8-12.8V204.8c0-6.4-6.4-12.8-12.8-12.8h-22.4c-6.4 0-12.8 6.4-12.8 12.8v134.4c0 6.4 6.4 12.8 12.8 12.8zM496 400H48V80c0-8.84-7.16-16-16-16H16C7.16 64 0 71.16 0 80v336c0 17.67 14.33 32 32 32h464c8.84 0 16-7.16 16-16v-16c0-8.84-7.16-16-16-16zm-387.2-48h22.4c6.4 0 12.8-6.4 12.8-12.8v-70.4c0-6.4-6.4-12.8-12.8-12.8h-22.4c-6.4 0-12.8 6.4-12.8 12.8v70.4c0 6.4 6.4 12.8 12.8 12.8z\" class=\"\"><\/path><\/svg><\/i> <img loading=\"lazy\" decoding=\"async\" width=\"16\" height=\"16\" alt=\"Loading\" src=\"https:\/\/aux-4-coins-des-mots.fr\/wp-content\/plugins\/page-views-count\/ajax-loader-2x.gif\" border=0 \/><\/p><div class=\"pvc_clear\"><\/div>","protected":false},"excerpt":{"rendered":"<p>PLAQUETTE MixCit\u00e9 FICHE d&rsquo;ORIENTATION \u00e0 l&rsquo;usage des Professionnels : Centre M\u00e9dico-Sociaux, Services Educatifs, Enseignants, Param\u00e9dicaux, Sant\u00e9,&#8230;) FICHE TELECHARGEABLE (Formulaire PDF remplissable et enregistrable) : =&gt; ENVOYER par mail \u00e0 co***********@******************ts.fr REGLEMENT (B\u00e9n\u00e9ficiaires non-membres) Aux Quatre Coins des Mots est un lieu d\u2019\u00e9coute, d\u2019accompagnement et d\u2019orientation. \u00c0 ce titre, l\u2019association n\u2019intervient pas dans les proc\u00e9dures judiciaires [&hellip;]<\/p>\n<div class=\"pvc_clear\"><\/div>\n<p id=\"pvc_stats_1868\" class=\"pvc_stats all  \" data-element-id=\"1868\" style=\"\"><i class=\"pvc-stats-icon medium\" aria-hidden=\"true\"><svg aria-hidden=\"true\" focusable=\"false\" data-prefix=\"far\" data-icon=\"chart-bar\" role=\"img\" xmlns=\"http:\/\/www.w3.org\/2000\/svg\" viewBox=\"0 0 512 512\" class=\"svg-inline--fa fa-chart-bar fa-w-16 fa-2x\"><path fill=\"currentColor\" d=\"M396.8 352h22.4c6.4 0 12.8-6.4 12.8-12.8V108.8c0-6.4-6.4-12.8-12.8-12.8h-22.4c-6.4 0-12.8 6.4-12.8 12.8v230.4c0 6.4 6.4 12.8 12.8 12.8zm-192 0h22.4c6.4 0 12.8-6.4 12.8-12.8V140.8c0-6.4-6.4-12.8-12.8-12.8h-22.4c-6.4 0-12.8 6.4-12.8 12.8v198.4c0 6.4 6.4 12.8 12.8 12.8zm96 0h22.4c6.4 0 12.8-6.4 12.8-12.8V204.8c0-6.4-6.4-12.8-12.8-12.8h-22.4c-6.4 0-12.8 6.4-12.8 12.8v134.4c0 6.4 6.4 12.8 12.8 12.8zM496 400H48V80c0-8.84-7.16-16-16-16H16C7.16 64 0 71.16 0 80v336c0 17.67 14.33 32 32 32h464c8.84 0 16-7.16 16-16v-16c0-8.84-7.16-16-16-16zm-387.2-48h22.4c6.4 0 12.8-6.4 12.8-12.8v-70.4c0-6.4-6.4-12.8-12.8-12.8h-22.4c-6.4 0-12.8 6.4-12.8 12.8v70.4c0 6.4 6.4 12.8 12.8 12.8z\" class=\"\"><\/path><\/svg><\/i> <img loading=\"lazy\" decoding=\"async\" width=\"16\" height=\"16\" alt=\"Loading\" src=\"https:\/\/aux-4-coins-des-mots.fr\/wp-content\/plugins\/page-views-count\/ajax-loader-2x.gif\" border=0 \/><\/p>\n<div class=\"pvc_clear\"><\/div>\n","protected":false},"author":1,"featured_media":0,"parent":0,"menu_order":0,"comment_status":"closed","ping_status":"closed","template":"","meta":{"iawp_total_views":40,"footnotes":""},"class_list":["post-1868","page","type-page","status-publish","hentry"],"a3_pvc":{"activated":true,"total_views":345,"today_views":0},"jetpack_sharing_enabled":true,"_links":{"self":[{"href":"https:\/\/aux-4-coins-des-mots.fr\/index.php\/wp-json\/wp\/v2\/pages\/1868","targetHints":{"allow":["GET"]}}],"collection":[{"href":"https:\/\/aux-4-coins-des-mots.fr\/index.php\/wp-json\/wp\/v2\/pages"}],"about":[{"href":"https:\/\/aux-4-coins-des-mots.fr\/index.php\/wp-json\/wp\/v2\/types\/page"}],"author":[{"embeddable":true,"href":"https:\/\/aux-4-coins-des-mots.fr\/index.php\/wp-json\/wp\/v2\/users\/1"}],"replies":[{"embeddable":true,"href":"https:\/\/aux-4-coins-des-mots.fr\/index.php\/wp-json\/wp\/v2\/comments?post=1868"}],"version-history":[{"count":53,"href":"https:\/\/aux-4-coins-des-mots.fr\/index.php\/wp-json\/wp\/v2\/pages\/1868\/revisions"}],"predecessor-version":[{"id":3858,"href":"https:\/\/aux-4-coins-des-mots.fr\/index.php\/wp-json\/wp\/v2\/pages\/1868\/revisions\/3858"}],"wp:attachment":[{"href":"https:\/\/aux-4-coins-des-mots.fr\/index.php\/wp-json\/wp\/v2\/media?parent=1868"}],"curies":[{"name":"wp","href":"https:\/\/api.w.org\/{rel}","templated":true}]}}