{"id":1666,"date":"2024-06-07T20:38:16","date_gmt":"2024-06-07T18:38:16","guid":{"rendered":"https:\/\/aux-4-coins-des-mots.fr\/?page_id=1666"},"modified":"2025-06-21T23:37:49","modified_gmt":"2025-06-21T21:37:49","slug":"faites-un-don","status":"publish","type":"page","link":"https:\/\/aux-4-coins-des-mots.fr\/index.php\/faites-un-don\/","title":{"rendered":"SOUTENIR L&rsquo;ASSOCIATION"},"content":{"rendered":"\n<div class=\"wp-block-buttons is-content-justification-center is-layout-flex wp-container-core-buttons-is-layout-a89b3969 wp-block-buttons-is-layout-flex\">\n<div class=\"wp-block-button has-custom-width wp-block-button__width-100 is-style-fill\"><a class=\"wp-block-button__link has-vivid-cyan-blue-background-color has-background has-large-font-size has-custom-font-size wp-element-button\" href=\"https:\/\/www.helloasso.com\/associations\/aux-quatre-coins-des-mots\/formulaires\/1\" style=\"border-radius:100px\" target=\"_blank\" rel=\"noreferrer noopener\">FAITES UN DON DEDUCTIBLE DES IMP\u00d4TS<\/a><\/div>\n<\/div>\n\n\n\n<p><\/p>\n\n\n\n<figure class=\"wp-block-image aligncenter\"><img loading=\"lazy\" decoding=\"async\" width=\"300\" height=\"253\" src=\"https:\/\/aux-4-coins-des-mots.fr\/wp-content\/uploads\/2024\/03\/interet-general-300x253.png\" alt=\"\" class=\"wp-image-1288\" srcset=\"https:\/\/aux-4-coins-des-mots.fr\/wp-content\/uploads\/2024\/03\/interet-general-300x253.png 300w, https:\/\/aux-4-coins-des-mots.fr\/wp-content\/uploads\/2024\/03\/interet-general.png 425w\" sizes=\"auto, (max-width: 300px) 100vw, 300px\" \/><\/figure>\n\n\n\n<p><\/p>\n\n\n\n<p>L\u2019association AUX QUATRE COINS DES MOTS est&nbsp;<strong><em>reconnue d\u2019int\u00e9r\u00eat g\u00e9n\u00e9ral<\/em><\/strong>&nbsp;depuis le&nbsp;<strong>23\/12\/2022<\/strong>&nbsp;par le service des affaires juridiques de la DGFP du Gard&nbsp;;<\/p>\n\n\n\n<p>\u00ab&nbsp;L\u2019association AUX QUATRE COINS DES MOTS est un organisme qui&nbsp;<strong>concoure \u00e0 la protection de la sant\u00e9 publique sur le plan de la prophylaxie ou de la th\u00e9rapeutique<\/strong>&nbsp;;<\/p>\n\n\n\n<p>L\u2019association AUX QUATRE COINS DES MOTS, d\u00e9clar\u00e9e \u00e0&nbsp;<strong>but non lucratif, contribue \u00e0 la lutte contre les maladies mentales<\/strong>.&nbsp;\u00bb<\/p>\n\n\n\n<p>L\u2019administration a donc reconnu l\u2019association AUX QUATRE COINS DES MOTS avoir&nbsp;:<\/p>\n\n\n\n<ul class=\"wp-block-list\">\n<li>une activit\u00e9 non lucrative<\/li>\n\n\n\n<li>une gestion d\u00e9sint\u00e9ress\u00e9e<\/li>\n\n\n\n<li>un cercle \u00e9tendu de b\u00e9n\u00e9ficiaires<\/li>\n<\/ul>\n\n\n\n<p><strong>\u00ab&nbsp;En premier lieu<\/strong>, la&nbsp;<strong>gestion<\/strong>&nbsp;de l\u2019association peut en cons\u00e9quence \u00eatre consid\u00e9r\u00e9e comme \u00e9tant&nbsp;<strong>d\u00e9sint\u00e9ress\u00e9e<\/strong>.&nbsp;\u00bb<\/p>\n\n\n\n<p><strong>\u00ab&nbsp;En deuxi\u00e8me lieu<\/strong>, l\u2019association est consid\u00e9r\u00e9e comme&nbsp;<strong>ne fonctionnant pas au profit d\u2019un cercle restreint de personnes<\/strong>.&nbsp;\u00bb<\/p>\n\n\n\n<p><strong>\u00ab&nbsp;En troisi\u00e8me lieu<\/strong>, l\u2019association s\u2019adresse de fa\u00e7on privil\u00e9gi\u00e9e aux habitants des quartiers prioritaires de la ville. Au regard des tarifs indiqu\u00e9s, il peut \u00eatre consid\u00e9r\u00e9 que les prix de l\u2019association sont significativement inf\u00e9rieurs \u00e0 ceux pratiqu\u00e9s par des psychologues professionnels et les services ne le sont pas dans les m\u00eames conditions.&nbsp;\u00bb<\/p>\n\n\n\n<p>\u00ab&nbsp;Au regard des tarifs pratiques, du public pr\u00e9caris\u00e9 concern\u00e9, et du produit sp\u00e9cifique propos\u00e9,&nbsp;<strong>l\u2019association ne concurrence pas d\u2019entreprises commerciales pratiquant le m\u00eame type d\u2019activit\u00e9<\/strong>.&nbsp;\u00bb<\/p>\n\n\n\n<p><strong>\u00ab&nbsp;En quatri\u00e8me lieu<\/strong>, ouvrent droit \u00e0 r\u00e9duction d\u2019imp\u00f4t sur le revenu les dons et versements effectu\u00e9s au profit d\u2019\u0153uvres ou d\u2019organismes d\u2019int\u00e9r\u00eat g\u00e9n\u00e9ral ayant un caract\u00e8re philanthropique, \u00e9ducatif, scientifique, social, humanitaire, sportif, familial, culturel, ou concourant \u00e0 la mise en valeur du patrimoine artistique, \u00e0 la d\u00e9fense de l\u2019environnement naturel ou \u00e0 la diffusion de la culture, de la langue et des connaissances scientifiques fran\u00e7aises (article 200.1.b du code g\u00e9n\u00e9ral des imp\u00f4ts).&nbsp;\u00bb<\/p>\n\n\n\n<p>\u00ab&nbsp;Est consid\u00e9r\u00e9 comme une action sociale celle d\u2019un organisme dont l\u2019objet est de venir en aide \u00e0 des personnes en situation de difficult\u00e9 du fait de la r\u00e9alisation d\u2019un risque social (ch\u00f4mage, pauvret\u00e9, vieillesse, exclusion\u2026) ou non maladie.&nbsp;\u00bb<\/p>\n\n\n\n<p>\u00ab&nbsp;Dans le m\u00eame sens peuvent \u00eatre qualifies de&nbsp;<strong>sociaux<\/strong>, les organismes qui&nbsp;<strong>concourent \u00e0 la protection de la sante publique sur le plan de la prophylaxie ou de la th\u00e9rapeutique<\/strong>.&nbsp;\u00bb<\/p>\n\n\n\n<p>\u00ab&nbsp;En proposant parall\u00e8lement aux dispositifs th\u00e9rapeutiques traditionnels, un premier niveau de prise en charge psychologique dans les quartiers prioritaires de la ville, il peut \u00eatre consid\u00e9r\u00e9 que&nbsp;<strong>l\u2019association pr\u00e9sente un caract\u00e8re social<\/strong>&nbsp;tel que celui-ci est d\u00e9fini ci-dessus.&nbsp;\u00bb<\/p>\n\n\n\n<p>\u00ab&nbsp;\u00c0 ce titre, l\u2019association AUX QUATRE COINS DES MOTS peut&nbsp;<strong>d\u00e9livrer des re\u00e7us fiscaux<\/strong>&nbsp;\u00e0 ses donateurs et membres afin qu\u2019ils puissent b\u00e9n\u00e9ficier d\u2019une r\u00e9duction d\u2019imp\u00f4t.&nbsp;\u00bb<\/p>\n\n\n\n<p>\u00ab&nbsp;L\u2019Association&nbsp;<strong>\u00ab&nbsp;Aux Quatre Coins des Mots&nbsp;\u00bb r<\/strong>especte des conditions pos\u00e9es par<strong>&nbsp;l\u2019administration fiscale&nbsp;<\/strong>et peut ainsi&nbsp;<strong>d\u00e9livrer des re\u00e7us fiscaux&nbsp;<\/strong>ouvrant<strong>&nbsp;droit \u00e0 r\u00e9duction d\u2019imp\u00f4t.&nbsp;\u00bb<\/strong><\/p>\n\n\n\n<figure class=\"wp-block-image aligncenter\"><a href=\"https:\/\/www.helloasso.com\/associations\/aux-quatre-coins-des-mots\/formulaires\/1\" target=\"_blank\" rel=\"noreferrer noopener\"><img loading=\"lazy\" decoding=\"async\" width=\"300\" height=\"300\" src=\"https:\/\/aux-4-coins-des-mots.fr\/wp-content\/uploads\/2023\/04\/qrcode-1-300x300.png\" alt=\"\" class=\"wp-image-1274\" srcset=\"https:\/\/aux-4-coins-des-mots.fr\/wp-content\/uploads\/2023\/04\/qrcode-1-300x300.png 300w, https:\/\/aux-4-coins-des-mots.fr\/wp-content\/uploads\/2023\/04\/qrcode-1-150x150.png 150w, https:\/\/aux-4-coins-des-mots.fr\/wp-content\/uploads\/2023\/04\/qrcode-1.png 600w\" sizes=\"auto, (max-width: 300px) 100vw, 300px\" \/><\/a><\/figure>\n\n\n\n<p class=\"has-text-align-center has-vivid-cyan-blue-color has-text-color has-link-color wp-elements-8be5b4b83cc3d269837c60a4a81e9eff\"><strong>Cliquez sur le QR CODE ou flashez le avec votre t\u00e9l\u00e9phone<\/strong><\/p>\n\n\n<p><script async src=\"https:\/\/pagead2.googlesyndication.com\/pagead\/js\/adsbygoogle.js?client=ca-pub-3922634643491293\"\n     crossorigin=\"anonymous\"><\/script><\/p>\n<div class=\"pvc_clear\"><\/div><p id=\"pvc_stats_1666\" class=\"pvc_stats all  \" data-element-id=\"1666\" style=\"\"><i class=\"pvc-stats-icon medium\" aria-hidden=\"true\"><svg aria-hidden=\"true\" focusable=\"false\" data-prefix=\"far\" data-icon=\"chart-bar\" role=\"img\" xmlns=\"http:\/\/www.w3.org\/2000\/svg\" viewBox=\"0 0 512 512\" class=\"svg-inline--fa fa-chart-bar fa-w-16 fa-2x\"><path fill=\"currentColor\" d=\"M396.8 352h22.4c6.4 0 12.8-6.4 12.8-12.8V108.8c0-6.4-6.4-12.8-12.8-12.8h-22.4c-6.4 0-12.8 6.4-12.8 12.8v230.4c0 6.4 6.4 12.8 12.8 12.8zm-192 0h22.4c6.4 0 12.8-6.4 12.8-12.8V140.8c0-6.4-6.4-12.8-12.8-12.8h-22.4c-6.4 0-12.8 6.4-12.8 12.8v198.4c0 6.4 6.4 12.8 12.8 12.8zm96 0h22.4c6.4 0 12.8-6.4 12.8-12.8V204.8c0-6.4-6.4-12.8-12.8-12.8h-22.4c-6.4 0-12.8 6.4-12.8 12.8v134.4c0 6.4 6.4 12.8 12.8 12.8zM496 400H48V80c0-8.84-7.16-16-16-16H16C7.16 64 0 71.16 0 80v336c0 17.67 14.33 32 32 32h464c8.84 0 16-7.16 16-16v-16c0-8.84-7.16-16-16-16zm-387.2-48h22.4c6.4 0 12.8-6.4 12.8-12.8v-70.4c0-6.4-6.4-12.8-12.8-12.8h-22.4c-6.4 0-12.8 6.4-12.8 12.8v70.4c0 6.4 6.4 12.8 12.8 12.8z\" class=\"\"><\/path><\/svg><\/i> <img loading=\"lazy\" decoding=\"async\" width=\"16\" height=\"16\" alt=\"Loading\" src=\"https:\/\/aux-4-coins-des-mots.fr\/wp-content\/plugins\/page-views-count\/ajax-loader-2x.gif\" border=0 \/><\/p><div class=\"pvc_clear\"><\/div>","protected":false},"excerpt":{"rendered":"<p>L\u2019association AUX QUATRE COINS DES MOTS est&nbsp;reconnue d\u2019int\u00e9r\u00eat g\u00e9n\u00e9ral&nbsp;depuis le&nbsp;23\/12\/2022&nbsp;par le service des affaires juridiques de la DGFP du Gard&nbsp;; \u00ab&nbsp;L\u2019association AUX QUATRE COINS DES MOTS est un organisme qui&nbsp;concoure \u00e0 la protection de la sant\u00e9 publique sur le plan de la prophylaxie ou de la th\u00e9rapeutique&nbsp;; L\u2019association AUX QUATRE COINS DES MOTS, d\u00e9clar\u00e9e \u00e0&nbsp;but [&hellip;]<\/p>\n<div class=\"pvc_clear\"><\/div>\n<p id=\"pvc_stats_1666\" class=\"pvc_stats all  \" data-element-id=\"1666\" style=\"\"><i class=\"pvc-stats-icon medium\" aria-hidden=\"true\"><svg aria-hidden=\"true\" focusable=\"false\" data-prefix=\"far\" data-icon=\"chart-bar\" role=\"img\" xmlns=\"http:\/\/www.w3.org\/2000\/svg\" viewBox=\"0 0 512 512\" class=\"svg-inline--fa fa-chart-bar fa-w-16 fa-2x\"><path fill=\"currentColor\" d=\"M396.8 352h22.4c6.4 0 12.8-6.4 12.8-12.8V108.8c0-6.4-6.4-12.8-12.8-12.8h-22.4c-6.4 0-12.8 6.4-12.8 12.8v230.4c0 6.4 6.4 12.8 12.8 12.8zm-192 0h22.4c6.4 0 12.8-6.4 12.8-12.8V140.8c0-6.4-6.4-12.8-12.8-12.8h-22.4c-6.4 0-12.8 6.4-12.8 12.8v198.4c0 6.4 6.4 12.8 12.8 12.8zm96 0h22.4c6.4 0 12.8-6.4 12.8-12.8V204.8c0-6.4-6.4-12.8-12.8-12.8h-22.4c-6.4 0-12.8 6.4-12.8 12.8v134.4c0 6.4 6.4 12.8 12.8 12.8zM496 400H48V80c0-8.84-7.16-16-16-16H16C7.16 64 0 71.16 0 80v336c0 17.67 14.33 32 32 32h464c8.84 0 16-7.16 16-16v-16c0-8.84-7.16-16-16-16zm-387.2-48h22.4c6.4 0 12.8-6.4 12.8-12.8v-70.4c0-6.4-6.4-12.8-12.8-12.8h-22.4c-6.4 0-12.8 6.4-12.8 12.8v70.4c0 6.4 6.4 12.8 12.8 12.8z\" class=\"\"><\/path><\/svg><\/i> <img loading=\"lazy\" decoding=\"async\" width=\"16\" height=\"16\" alt=\"Loading\" src=\"https:\/\/aux-4-coins-des-mots.fr\/wp-content\/plugins\/page-views-count\/ajax-loader-2x.gif\" border=0 \/><\/p>\n<div class=\"pvc_clear\"><\/div>\n","protected":false},"author":1,"featured_media":0,"parent":0,"menu_order":0,"comment_status":"closed","ping_status":"closed","template":"","meta":{"iawp_total_views":3,"footnotes":""},"class_list":["post-1666","page","type-page","status-publish","hentry"],"a3_pvc":{"activated":true,"total_views":104,"today_views":0},"jetpack_sharing_enabled":true,"_links":{"self":[{"href":"https:\/\/aux-4-coins-des-mots.fr\/index.php\/wp-json\/wp\/v2\/pages\/1666","targetHints":{"allow":["GET"]}}],"collection":[{"href":"https:\/\/aux-4-coins-des-mots.fr\/index.php\/wp-json\/wp\/v2\/pages"}],"about":[{"href":"https:\/\/aux-4-coins-des-mots.fr\/index.php\/wp-json\/wp\/v2\/types\/page"}],"author":[{"embeddable":true,"href":"https:\/\/aux-4-coins-des-mots.fr\/index.php\/wp-json\/wp\/v2\/users\/1"}],"replies":[{"embeddable":true,"href":"https:\/\/aux-4-coins-des-mots.fr\/index.php\/wp-json\/wp\/v2\/comments?post=1666"}],"version-history":[{"count":9,"href":"https:\/\/aux-4-coins-des-mots.fr\/index.php\/wp-json\/wp\/v2\/pages\/1666\/revisions"}],"predecessor-version":[{"id":2472,"href":"https:\/\/aux-4-coins-des-mots.fr\/index.php\/wp-json\/wp\/v2\/pages\/1666\/revisions\/2472"}],"wp:attachment":[{"href":"https:\/\/aux-4-coins-des-mots.fr\/index.php\/wp-json\/wp\/v2\/media?parent=1666"}],"curies":[{"name":"wp","href":"https:\/\/api.w.org\/{rel}","templated":true}]}}