{"id":1638,"date":"2024-06-06T00:05:24","date_gmt":"2024-06-05T22:05:24","guid":{"rendered":"https:\/\/aux-4-coins-des-mots.fr\/?page_id=1638"},"modified":"2025-12-13T23:28:41","modified_gmt":"2025-12-13T22:28:41","slug":"jean-marie-tassel-2","status":"publish","type":"page","link":"https:\/\/aux-4-coins-des-mots.fr\/index.php\/jean-marie-tassel-2\/","title":{"rendered":"Jean Marie TASSEL"},"content":{"rendered":"\n<h2 class=\"wp-block-heading\">Psychoth\u00e9rapeute agr\u00e9\u00e9 ARS Occitanie<\/h2>\n\n\n\n<p class=\"has-text-align-right\"><strong>RPPS : 10010742038<\/strong><\/p>\n\n\n\n<h2 class=\"wp-block-heading\">Psychanalyste, membre de l&rsquo;<em>Association de la Cause freudienne<\/em><\/h2>\n\n\n\n<h2 class=\"wp-block-heading has-text-align-right\">Artiste plasticien<\/h2>\n\n\n\n<p><\/p>\n\n\n\n<h4 class=\"wp-block-heading\"> CURSUS &amp; FORMATIONS<\/h4>\n\n\n\n<ul class=\"wp-block-list\">\n<li><strong>Formation en psychopathologie clinique, pathologies psychiatriques et psychanalyse : <\/strong>\n<ul class=\"wp-block-list\">\n<li>Dipl\u00f4me Universitaire de 3\u00e8me cycle \n<ul class=\"wp-block-list\">\n<li>Psychoth\u00e9rapeute<\/li>\n<\/ul>\n<\/li>\n\n\n\n<li>Dipl\u00f4me Universitaire de 3\u00e8me cycle \n<ul class=\"wp-block-list\">\n<li>Art th\u00e9rapeute<\/li>\n<\/ul>\n<\/li>\n\n\n\n<li>DOCTORANT\n<ul class=\"wp-block-list\">\n<li>Etudes psychanalytiques<\/li>\n\n\n\n<li>Exp\u00e9rience professionnelle de recherche<\/li>\n<\/ul>\n<\/li>\n\n\n\n<li>MASTER 2\n<ul class=\"wp-block-list\">\n<li>Etudes psychanalytiques<\/li>\n<\/ul>\n<\/li>\n\n\n\n<li>Dipl\u00f4me d\u2019\u00c9tudes Approfondies (DEA)\n<ul class=\"wp-block-list\">\n<li>Liens sociaux, Liens symboliques : ETHNOLOGIE, PSYCHANALYSE, SOCIOLOGIE<\/li>\n<\/ul>\n<\/li>\n<\/ul>\n<\/li>\n<\/ul>\n\n\n\n<p><\/p>\n\n\n\n<ul class=\"wp-block-list\">\n<li><strong>Formation continue en Clinique analytique au Champ freudien<\/strong>\n<ul class=\"wp-block-list\">\n<li><strong>Ecole de la Cause freudienne<\/strong>\n<ul class=\"wp-block-list\">\n<li>Coll\u00e8ge clinique, Cartels, S\u00e9minaires<\/li>\n<\/ul>\n<\/li>\n<\/ul>\n<\/li>\n<\/ul>\n\n\n\n<p><\/p>\n\n\n\n<ul class=\"wp-block-list\">\n<li><strong>Formation Accueillant LAEP (Lieu d\u2019Accueil Enfant Parent)<\/strong><\/li>\n<\/ul>\n\n\n\n<h4 class=\"wp-block-heading\"><strong> <\/strong>PRATIQUES<\/h4>\n\n\n\n<ul class=\"wp-block-list\">\n<li><strong>Cabinet lib\u00e9ral<\/strong><\/li>\n\n\n\n<li><strong>Analyse des pratiques professionnelles<\/strong>\n<ul class=\"wp-block-list\">\n<li>MECS : Maison d&rsquo;Enfants \u00e0 Caract\u00e8re Social<\/li>\n\n\n\n<li>Service d\u2019Accompagnement M\u00e9dico-Social <\/li>\n\n\n\n<li>Accueils de Jour,&#8230;<\/li>\n\n\n\n<li>LAEP : Lieu d&rsquo;Accueil Enfant Parent<\/li>\n\n\n\n<li>RAM\/RPE : Relais Assistantes Maternelles\/Relais Petite Enfance <\/li>\n\n\n\n<li>Cr\u00e8ches&#8230;<\/li>\n<\/ul>\n<\/li>\n\n\n\n<li><strong>Groupe de parole<\/strong>\n<ul class=\"wp-block-list\">\n<li>P\u00f4le de pr\u00e9vention et de prise en charge des violences conjugales\n<ul class=\"wp-block-list\">\n<li>Tribunal judiciaire de N\u00eemes \/ Al\u00e8s<\/li>\n<\/ul>\n<\/li>\n<\/ul>\n<\/li>\n\n\n\n<li><strong>Accueillant LAEP<\/strong><\/li>\n\n\n\n<li><strong>E.S.A.T. S\u00e9same Autisme<\/strong><\/li>\n\n\n\n<li><strong>I.M.E. \/ I.M.Pro<\/strong><\/li>\n\n\n\n<li><strong>CHU La Colombi\u00e8re<\/strong>\n<ul class=\"wp-block-list\">\n<li>Unit\u00e9 Jeunes Adultes<\/li>\n<\/ul>\n<\/li>\n<\/ul>\n\n\n\n<h4 class=\"wp-block-heading\"><strong> <\/strong>ACTIVITES<\/h4>\n\n\n\n<ul class=\"wp-block-list\">\n<li>Enseignant associ\u00e9 au Programme Psychanalytique d&rsquo;Avignon<\/li>\n\n\n\n<li>Membre de l&rsquo;Association de la Cause freudienne<\/li>\n\n\n\n<li>Membre du Comit\u00e9 r\u00e9gional de l&rsquo;Association de la Cause freudienne Voie Domitienne\n<ul class=\"wp-block-list\">\n<li>Bureau de Ville N\u00eemes Avignon<\/li>\n<\/ul>\n<\/li>\n\n\n\n<li>Responsable du groupe CEREDA <em>Le petit Chose<\/em> &#8211; Montpellier\n<ul class=\"wp-block-list\">\n<li>Centre d&rsquo;\u00c9tude et de Recherche sur l&rsquo;Enfant dans le Discours Analytique&nbsp;<\/li>\n<\/ul>\n<\/li>\n\n\n\n<li>Co-organisateur du <em>Cycle Cin\u00e9ma Psychanalyse<\/em> &#8211; Le s\u00e9maphore N\u00eemes<\/li>\n<\/ul>\n\n\n\n<h4 class=\"wp-block-heading\">COLLOQUES et JOURNEES d\u2019ETUDES, EXPOSES de cas clinique, ARTICLES&#8230;<\/h4>\n\n\n\n<figure data-wp-context=\"{&quot;imageId&quot;:&quot;6a06abb47925e&quot;}\" data-wp-interactive=\"core\/image\" data-wp-key=\"6a06abb47925e\" class=\"wp-block-image aligncenter size-large is-resized wp-lightbox-container\"><img decoding=\"async\" data-wp-class--hide=\"state.isContentHidden\" data-wp-class--show=\"state.isContentVisible\" data-wp-init=\"callbacks.setButtonStyles\" data-wp-on--click=\"actions.showLightbox\" data-wp-on--load=\"callbacks.setButtonStyles\" data-wp-on-window--resize=\"callbacks.setButtonStyles\" src=\"https:\/\/aux-4-coins-des-mots.fr\/wp-content\/uploads\/2024\/07\/tabula-2016-1-scaled.jpg\" alt=\"\" style=\"aspect-ratio:0.6902400353969249;width:217px;height:auto\"\/><button\n\t\t\tclass=\"lightbox-trigger\"\n\t\t\ttype=\"button\"\n\t\t\taria-haspopup=\"dialog\"\n\t\t\taria-label=\"Agrandir\"\n\t\t\tdata-wp-init=\"callbacks.initTriggerButton\"\n\t\t\tdata-wp-on--click=\"actions.showLightbox\"\n\t\t\tdata-wp-style--right=\"state.imageButtonRight\"\n\t\t\tdata-wp-style--top=\"state.imageButtonTop\"\n\t\t>\n\t\t\t<svg xmlns=\"http:\/\/www.w3.org\/2000\/svg\" width=\"12\" height=\"12\" fill=\"none\" viewBox=\"0 0 12 12\">\n\t\t\t\t<path fill=\"#fff\" d=\"M2 0a2 2 0 0 0-2 2v2h1.5V2a.5.5 0 0 1 .5-.5h2V0H2Zm2 10.5H2a.5.5 0 0 1-.5-.5V8H0v2a2 2 0 0 0 2 2h2v-1.5ZM8 12v-1.5h2a.5.5 0 0 0 .5-.5V8H12v2a2 2 0 0 1-2 2H8Zm2-12a2 2 0 0 1 2 2v2h-1.5V2a.5.5 0 0 0-.5-.5H8V0h2Z\" \/>\n\t\t\t<\/svg>\n\t\t<\/button><\/figure>\n\n\n\n<figure data-wp-context=\"{&quot;imageId&quot;:&quot;6a06abb479486&quot;}\" data-wp-interactive=\"core\/image\" data-wp-key=\"6a06abb479486\" class=\"wp-block-image aligncenter size-large is-resized wp-lightbox-container\"><img decoding=\"async\" data-wp-class--hide=\"state.isContentHidden\" data-wp-class--show=\"state.isContentVisible\" data-wp-init=\"callbacks.setButtonStyles\" data-wp-on--click=\"actions.showLightbox\" data-wp-on--load=\"callbacks.setButtonStyles\" data-wp-on-window--resize=\"callbacks.setButtonStyles\" src=\"https:\/\/aux-4-coins-des-mots.fr\/wp-content\/uploads\/2024\/07\/COUVERTUREACF2-04_couv.jpg\" alt=\"\" style=\"aspect-ratio:0.7147524993903925;width:213px;height:auto\"\/><button\n\t\t\tclass=\"lightbox-trigger\"\n\t\t\ttype=\"button\"\n\t\t\taria-haspopup=\"dialog\"\n\t\t\taria-label=\"Agrandir\"\n\t\t\tdata-wp-init=\"callbacks.initTriggerButton\"\n\t\t\tdata-wp-on--click=\"actions.showLightbox\"\n\t\t\tdata-wp-style--right=\"state.imageButtonRight\"\n\t\t\tdata-wp-style--top=\"state.imageButtonTop\"\n\t\t>\n\t\t\t<svg xmlns=\"http:\/\/www.w3.org\/2000\/svg\" width=\"12\" height=\"12\" fill=\"none\" viewBox=\"0 0 12 12\">\n\t\t\t\t<path fill=\"#fff\" d=\"M2 0a2 2 0 0 0-2 2v2h1.5V2a.5.5 0 0 1 .5-.5h2V0H2Zm2 10.5H2a.5.5 0 0 1-.5-.5V8H0v2a2 2 0 0 0 2 2h2v-1.5ZM8 12v-1.5h2a.5.5 0 0 0 .5-.5V8H12v2a2 2 0 0 1-2 2H8Zm2-12a2 2 0 0 1 2 2v2h-1.5V2a.5.5 0 0 0-.5-.5H8V0h2Z\" \/>\n\t\t\t<\/svg>\n\t\t<\/button><\/figure>\n\n\n\n<figure data-wp-context=\"{&quot;imageId&quot;:&quot;6a06abb4795c7&quot;}\" data-wp-interactive=\"core\/image\" data-wp-key=\"6a06abb4795c7\" class=\"wp-block-image aligncenter size-large is-resized wp-lightbox-container\"><img decoding=\"async\" data-wp-class--hide=\"state.isContentHidden\" data-wp-class--show=\"state.isContentVisible\" data-wp-init=\"callbacks.setButtonStyles\" data-wp-on--click=\"actions.showLightbox\" data-wp-on--load=\"callbacks.setButtonStyles\" data-wp-on-window--resize=\"callbacks.setButtonStyles\" src=\"https:\/\/aux-4-coins-des-mots.fr\/wp-content\/uploads\/2024\/06\/harmattan-janicki.jpg\" alt=\"\" style=\"aspect-ratio:0.6278087061506472;width:214px;height:auto\"\/><button\n\t\t\tclass=\"lightbox-trigger\"\n\t\t\ttype=\"button\"\n\t\t\taria-haspopup=\"dialog\"\n\t\t\taria-label=\"Agrandir\"\n\t\t\tdata-wp-init=\"callbacks.initTriggerButton\"\n\t\t\tdata-wp-on--click=\"actions.showLightbox\"\n\t\t\tdata-wp-style--right=\"state.imageButtonRight\"\n\t\t\tdata-wp-style--top=\"state.imageButtonTop\"\n\t\t>\n\t\t\t<svg xmlns=\"http:\/\/www.w3.org\/2000\/svg\" width=\"12\" height=\"12\" fill=\"none\" viewBox=\"0 0 12 12\">\n\t\t\t\t<path fill=\"#fff\" d=\"M2 0a2 2 0 0 0-2 2v2h1.5V2a.5.5 0 0 1 .5-.5h2V0H2Zm2 10.5H2a.5.5 0 0 1-.5-.5V8H0v2a2 2 0 0 0 2 2h2v-1.5ZM8 12v-1.5h2a.5.5 0 0 0 .5-.5V8H12v2a2 2 0 0 1-2 2H8Zm2-12a2 2 0 0 1 2 2v2h-1.5V2a.5.5 0 0 0-.5-.5H8V0h2Z\" \/>\n\t\t\t<\/svg>\n\t\t<\/button><\/figure>\n\n\n\n<figure data-wp-context=\"{&quot;imageId&quot;:&quot;6a06abb479717&quot;}\" data-wp-interactive=\"core\/image\" data-wp-key=\"6a06abb479717\" class=\"wp-block-image aligncenter size-large is-resized wp-lightbox-container\"><img decoding=\"async\" data-wp-class--hide=\"state.isContentHidden\" data-wp-class--show=\"state.isContentVisible\" data-wp-init=\"callbacks.setButtonStyles\" data-wp-on--click=\"actions.showLightbox\" data-wp-on--load=\"callbacks.setButtonStyles\" data-wp-on-window--resize=\"callbacks.setButtonStyles\" src=\"https:\/\/aux-4-coins-des-mots.fr\/wp-content\/uploads\/2024\/07\/ethique-janicki-1-scaled.jpg\" alt=\"\" style=\"aspect-ratio:0.567582317627797;width:214px;height:auto\"\/><button\n\t\t\tclass=\"lightbox-trigger\"\n\t\t\ttype=\"button\"\n\t\t\taria-haspopup=\"dialog\"\n\t\t\taria-label=\"Agrandir\"\n\t\t\tdata-wp-init=\"callbacks.initTriggerButton\"\n\t\t\tdata-wp-on--click=\"actions.showLightbox\"\n\t\t\tdata-wp-style--right=\"state.imageButtonRight\"\n\t\t\tdata-wp-style--top=\"state.imageButtonTop\"\n\t\t>\n\t\t\t<svg xmlns=\"http:\/\/www.w3.org\/2000\/svg\" width=\"12\" height=\"12\" fill=\"none\" viewBox=\"0 0 12 12\">\n\t\t\t\t<path fill=\"#fff\" d=\"M2 0a2 2 0 0 0-2 2v2h1.5V2a.5.5 0 0 1 .5-.5h2V0H2Zm2 10.5H2a.5.5 0 0 1-.5-.5V8H0v2a2 2 0 0 0 2 2h2v-1.5ZM8 12v-1.5h2a.5.5 0 0 0 .5-.5V8H12v2a2 2 0 0 1-2 2H8Zm2-12a2 2 0 0 1 2 2v2h-1.5V2a.5.5 0 0 0-.5-.5H8V0h2Z\" \/>\n\t\t\t<\/svg>\n\t\t<\/button><\/figure>\n\n\n\n<p data-wp-context---core-fit-text=\"core\/fit-text::{&quot;fontSize&quot;:&quot;&quot;}\" data-wp-init---core-fit-text=\"core\/fit-text::callbacks.init\" data-wp-interactive data-wp-style--font-size=\"core\/fit-text::context.fontSize\" class=\"has-text-align-center has-fit-text\"><strong>Programme Psychanalytique d&rsquo;Avignon <\/strong>&#8211; <strong>Montfavet<\/strong><\/p>\n\n\n\n<div class=\"wp-block-buttons is-content-justification-center is-layout-flex wp-container-core-buttons-is-layout-a89b3969 wp-block-buttons-is-layout-flex\">\n<div class=\"wp-block-button\"><a class=\"wp-block-button__link wp-element-button\" href=\"https:\/\/aux-4-coins-des-mots.fr\/wp-content\/uploads\/2025\/12\/PPA-TASSEL-MARS-2025-vf.pdf\" target=\"_blank\" rel=\"noreferrer noopener\">09 Mars 2025 : <em>\u00ab Un d\u00e9connage orient\u00e9 \u00bb :<\/em> <em>S\u2019autoriser de son sinthome<\/em><\/a><\/div>\n<\/div>\n\n\n\n<div class=\"wp-block-buttons is-content-justification-center is-layout-flex wp-container-core-buttons-is-layout-a89b3969 wp-block-buttons-is-layout-flex\">\n<div class=\"wp-block-button\"><a class=\"wp-block-button__link wp-element-button\" href=\"https:\/\/aux-4-coins-des-mots.fr\/wp-content\/uploads\/2024\/03\/11-PPA-09-03-2024-Signes-discrets.pdf\" target=\"_blank\" rel=\"noreferrer noopener\">09 Mars 2024 : <em>Se former \u00e0 l\u2019H\u00e9r\u00e9sie (RSI)<\/em><\/a><\/div>\n<\/div>\n\n\n\n<div class=\"wp-block-buttons is-content-justification-center is-layout-flex wp-container-core-buttons-is-layout-a89b3969 wp-block-buttons-is-layout-flex\">\n<div class=\"wp-block-button\"><a class=\"wp-block-button__link wp-element-button\" href=\"https:\/\/aux-4-coins-des-mots.fr\/wp-content\/uploads\/2024\/03\/08-PPA-15-04-2023-Surprises.pdf\" target=\"_blank\" rel=\"noreferrer noopener\">15 Avril 2023 : <em>Surprise !?<\/em><\/a><\/div>\n<\/div>\n\n\n\n<div class=\"wp-block-buttons is-content-justification-center is-layout-flex wp-container-core-buttons-is-layout-a89b3969 wp-block-buttons-is-layout-flex\">\n<div class=\"wp-block-button\"><a class=\"wp-block-button__link wp-element-button\" href=\"https:\/\/aux-4-coins-des-mots.fr\/wp-content\/uploads\/2024\/03\/07-PPA-14-05-2022-Le-Mur.pdf\" target=\"_blank\" rel=\"noreferrer noopener\">15 Mai 2022 : <em>L\u2019\u00e2me erre ou L\u2019amur ?<\/em><\/a><\/div>\n<\/div>\n\n\n\n<div class=\"wp-block-buttons is-content-justification-center is-layout-flex wp-container-core-buttons-is-layout-a89b3969 wp-block-buttons-is-layout-flex\">\n<div class=\"wp-block-button\"><a class=\"wp-block-button__link wp-element-button\" href=\"https:\/\/aux-4-coins-des-mots.fr\/wp-content\/uploads\/2024\/03\/06-PPA-22-05-2021-Sans-Scrupules.pdf\" target=\"_blank\" rel=\"noreferrer noopener\">22 Mai 2021 : <em>Le sans scrupules<\/em><\/a><\/div>\n<\/div>\n\n\n\n<div class=\"wp-block-buttons is-content-justification-center is-layout-flex wp-container-core-buttons-is-layout-a89b3969 wp-block-buttons-is-layout-flex\">\n<div class=\"wp-block-button\"><a class=\"wp-block-button__link wp-element-button\" href=\"https:\/\/aux-4-coins-des-mots.fr\/wp-content\/uploads\/2024\/03\/05-PPA-16-01-2021-Violence.pdf\" target=\"_blank\" rel=\"noreferrer noopener\">13 Janvier 2021 : <em>Ce lien entre nous<\/em><\/a><\/div>\n<\/div>\n\n\n\n<p data-wp-context---core-fit-text=\"core\/fit-text::{&quot;fontSize&quot;:&quot;&quot;}\" data-wp-init---core-fit-text=\"core\/fit-text::callbacks.init\" data-wp-interactive data-wp-style--font-size=\"core\/fit-text::context.fontSize\" class=\"has-text-align-center has-fit-text\"><strong>Atelier clinique<\/strong> &#8211;\u00a0<em><strong>Le corps parlant \u00e0 l\u2019\u00e9poque contemporaine<\/strong><\/em>\u00a0&#8211;\u00a0<strong>Toulon<\/strong><\/p>\n\n\n\n<div class=\"wp-block-buttons is-content-justification-center is-layout-flex wp-container-core-buttons-is-layout-a89b3969 wp-block-buttons-is-layout-flex\">\n<div class=\"wp-block-button\"><a class=\"wp-block-button__link wp-element-button\" href=\"https:\/\/aux-4-coins-des-mots.fr\/wp-content\/uploads\/2024\/03\/10-TOULON-16-09-2023-Injure.pdf\" target=\"_blank\" rel=\"noreferrer noopener\">16 Septembre 2023 : <em>\u00catre \u00e0 soi-m\u00eame une injure<\/em><\/a><\/div>\n<\/div>\n\n\n\n<p data-wp-context---core-fit-text=\"core\/fit-text::{&quot;fontSize&quot;:&quot;&quot;}\" data-wp-init---core-fit-text=\"core\/fit-text::callbacks.init\" data-wp-interactive data-wp-style--font-size=\"core\/fit-text::context.fontSize\" class=\"has-text-align-center has-fit-text\"><strong>Tabula : Bulletin de l&rsquo;Association de la Cause freudienne<\/strong><strong>&nbsp;<\/strong>&#8211; <strong>Montpellier<\/strong><\/p>\n\n\n\n<div class=\"wp-block-buttons is-content-justification-center is-layout-flex wp-container-core-buttons-is-layout-a89b3969 wp-block-buttons-is-layout-flex\">\n<div class=\"wp-block-button\"><a class=\"wp-block-button__link wp-element-button\" href=\"https:\/\/aux-4-coins-des-mots.fr\/wp-content\/uploads\/2024\/03\/09-MENARD-15-06-2023-Logique-fantasme.pdf\" target=\"_blank\" rel=\"noreferrer noopener\">Juin 2024 : <em>Cet \u00e9cran devant l\u2019insoutenable du r\u00e9el<\/em><\/a><\/div>\n<\/div>\n\n\n\n<div class=\"wp-block-buttons is-content-justification-center is-layout-flex wp-container-core-buttons-is-layout-a89b3969 wp-block-buttons-is-layout-flex\">\n<div class=\"wp-block-button\"><a class=\"wp-block-button__link wp-element-button\" href=\"https:\/\/aux-4-coins-des-mots.fr\/wp-content\/uploads\/2024\/03\/001-SI-23-03-2019-TASSEL-Camember.pdf\" target=\"_blank\" rel=\"noreferrer noopener\">23 Mars 2019 : <em>Le sapeur Camember et son reste. Pr\u00e9tendre faire des v\u00e9rit\u00e9s, savoir<\/em><\/a><\/div>\n<\/div>\n\n\n\n<div class=\"wp-block-buttons is-content-justification-center is-layout-flex wp-container-core-buttons-is-layout-a89b3969 wp-block-buttons-is-layout-flex\">\n<div class=\"wp-block-button\"><a class=\"wp-block-button__link has-text-align-center wp-element-button\" href=\"https:\/\/aux-4-coins-des-mots.fr\/wp-content\/uploads\/2024\/03\/0000-SI-06-02-2016-TASSEL-SI-FORMATION-AN.-et-4-DISCOURS-TABULA.pdf\" target=\"_blank\" rel=\"noreferrer noopener\">F\u00e9vrier 2016 : <em>La formation de l&rsquo;analyste : une op\u00e9ration<\/em> <em>impossible<\/em><\/a><\/div>\n<\/div>\n\n\n\n<div class=\"wp-block-buttons is-content-justification-center is-layout-flex wp-container-core-buttons-is-layout-a89b3969 wp-block-buttons-is-layout-flex\">\n<div class=\"wp-block-button\"><a class=\"wp-block-button__link wp-element-button\" href=\"https:\/\/aux-4-coins-des-mots.fr\/wp-content\/uploads\/2024\/03\/0000-SI-09-02-2016-TASSEL-SI-FORMATION-interdite-ANALYSTE-TABULA.pdf\" target=\"_blank\" rel=\"noreferrer noopener\">D\u00e9cembre 2015 : <em>Une formation inter-dite<\/em><\/a><\/div>\n<\/div>\n\n\n\n<p data-wp-context---core-fit-text=\"core\/fit-text::{&quot;fontSize&quot;:&quot;&quot;}\" data-wp-init---core-fit-text=\"core\/fit-text::callbacks.init\" data-wp-interactive data-wp-style--font-size=\"core\/fit-text::context.fontSize\" class=\"has-text-align-center has-fit-text\"><strong>Autres interventions<\/strong>\u00a0&#8211; <strong>N\u00eemes<\/strong><\/p>\n\n\n\n<div class=\"wp-block-buttons is-content-justification-center is-layout-flex wp-container-core-buttons-is-layout-a89b3969 wp-block-buttons-is-layout-flex\">\n<div class=\"wp-block-button\"><a class=\"wp-block-button__link wp-element-button\" href=\"https:\/\/aux-4-coins-des-mots.fr\/wp-content\/uploads\/2024\/06\/DEVANT-INSOUTENABLE-REEL.pdf\" target=\"_blank\" rel=\"noreferrer noopener\">15 Juin 2023 : <em>Devant l\u2019insoutenable du r\u00e9el<\/em><\/a><\/div>\n<\/div>\n\n\n\n<div class=\"wp-block-buttons is-content-justification-center is-layout-flex wp-container-core-buttons-is-layout-a89b3969 wp-block-buttons-is-layout-flex\">\n<div class=\"wp-block-button\"><a class=\"wp-block-button__link wp-element-button\" href=\"https:\/\/aux-4-coins-des-mots.fr\/wp-content\/uploads\/2024\/03\/000-07-04-2018-Tacere-nest-pas-silere.pdf\" target=\"_blank\" rel=\"noreferrer noopener\">07 Avril 2018 : <em>Tacere n&rsquo;est pas silere<\/em> (Introduction au Colloque \u00ab\u00a0<em>Autour des Sujets autistes<\/em>\u00ab\u00a0, N\u00eemes)<\/a><\/div>\n<\/div>\n\n\n\n<div class=\"wp-block-buttons is-content-justification-center is-layout-flex wp-container-core-buttons-is-layout-a89b3969 wp-block-buttons-is-layout-flex\">\n<div class=\"wp-block-button\"><a class=\"wp-block-button__link wp-element-button\" href=\"https:\/\/aux-4-coins-des-mots.fr\/wp-content\/uploads\/2024\/03\/000-07-04-2018-argument-autisme.pdf\" target=\"_blank\" rel=\"noreferrer noopener\">07 Avril 2018 : Argument Colloque \u00ab\u00a0<em>Autour des Sujets autistes<\/em>\u00ab\u00a0, N\u00eemes<\/a><\/div>\n<\/div>\n\n\n\n<div class=\"wp-block-buttons is-content-justification-center is-layout-flex wp-container-core-buttons-is-layout-a89b3969 wp-block-buttons-is-layout-flex\">\n<div class=\"wp-block-button is-style-outline is-style-outline--1\"><a class=\"wp-block-button__link wp-element-button\" href=\"https:\/\/aux-4-coins-des-mots.fr\/index.php\/jean-marie-tassel\/\" target=\"_blank\" rel=\"noreferrer noopener\">LIRE LA SUITE&#8230;<\/a><\/div>\n<\/div>\n\n\n\n<p class=\"has-text-align-center\">(demander les autorisations d&rsquo;acc\u00e8s \u00e0 l&rsquo;auteur)<\/p>\n<div class=\"pvc_clear\"><\/div><p id=\"pvc_stats_1638\" class=\"pvc_stats all  \" data-element-id=\"1638\" style=\"\"><i class=\"pvc-stats-icon medium\" aria-hidden=\"true\"><svg aria-hidden=\"true\" focusable=\"false\" data-prefix=\"far\" data-icon=\"chart-bar\" role=\"img\" xmlns=\"http:\/\/www.w3.org\/2000\/svg\" viewBox=\"0 0 512 512\" class=\"svg-inline--fa fa-chart-bar fa-w-16 fa-2x\"><path fill=\"currentColor\" d=\"M396.8 352h22.4c6.4 0 12.8-6.4 12.8-12.8V108.8c0-6.4-6.4-12.8-12.8-12.8h-22.4c-6.4 0-12.8 6.4-12.8 12.8v230.4c0 6.4 6.4 12.8 12.8 12.8zm-192 0h22.4c6.4 0 12.8-6.4 12.8-12.8V140.8c0-6.4-6.4-12.8-12.8-12.8h-22.4c-6.4 0-12.8 6.4-12.8 12.8v198.4c0 6.4 6.4 12.8 12.8 12.8zm96 0h22.4c6.4 0 12.8-6.4 12.8-12.8V204.8c0-6.4-6.4-12.8-12.8-12.8h-22.4c-6.4 0-12.8 6.4-12.8 12.8v134.4c0 6.4 6.4 12.8 12.8 12.8zM496 400H48V80c0-8.84-7.16-16-16-16H16C7.16 64 0 71.16 0 80v336c0 17.67 14.33 32 32 32h464c8.84 0 16-7.16 16-16v-16c0-8.84-7.16-16-16-16zm-387.2-48h22.4c6.4 0 12.8-6.4 12.8-12.8v-70.4c0-6.4-6.4-12.8-12.8-12.8h-22.4c-6.4 0-12.8 6.4-12.8 12.8v70.4c0 6.4 6.4 12.8 12.8 12.8z\" class=\"\"><\/path><\/svg><\/i> <img loading=\"lazy\" decoding=\"async\" width=\"16\" height=\"16\" alt=\"Loading\" src=\"https:\/\/aux-4-coins-des-mots.fr\/wp-content\/plugins\/page-views-count\/ajax-loader-2x.gif\" border=0 \/><\/p><div class=\"pvc_clear\"><\/div>","protected":false},"excerpt":{"rendered":"<p>Psychoth\u00e9rapeute agr\u00e9\u00e9 ARS Occitanie RPPS : 10010742038 Psychanalyste, membre de l&rsquo;Association de la Cause freudienne Artiste plasticien CURSUS &amp; FORMATIONS PRATIQUES ACTIVITES COLLOQUES et JOURNEES d\u2019ETUDES, EXPOSES de cas clinique, ARTICLES&#8230; Programme Psychanalytique d&rsquo;Avignon &#8211; Montfavet Atelier clinique &#8211;\u00a0Le corps parlant \u00e0 l\u2019\u00e9poque contemporaine\u00a0&#8211;\u00a0Toulon Tabula : Bulletin de l&rsquo;Association de la Cause freudienne&nbsp;&#8211; Montpellier Autres [&hellip;]<\/p>\n<div class=\"pvc_clear\"><\/div>\n<p id=\"pvc_stats_1638\" class=\"pvc_stats all  \" data-element-id=\"1638\" style=\"\"><i class=\"pvc-stats-icon medium\" aria-hidden=\"true\"><svg aria-hidden=\"true\" focusable=\"false\" data-prefix=\"far\" data-icon=\"chart-bar\" role=\"img\" xmlns=\"http:\/\/www.w3.org\/2000\/svg\" viewBox=\"0 0 512 512\" class=\"svg-inline--fa fa-chart-bar fa-w-16 fa-2x\"><path fill=\"currentColor\" d=\"M396.8 352h22.4c6.4 0 12.8-6.4 12.8-12.8V108.8c0-6.4-6.4-12.8-12.8-12.8h-22.4c-6.4 0-12.8 6.4-12.8 12.8v230.4c0 6.4 6.4 12.8 12.8 12.8zm-192 0h22.4c6.4 0 12.8-6.4 12.8-12.8V140.8c0-6.4-6.4-12.8-12.8-12.8h-22.4c-6.4 0-12.8 6.4-12.8 12.8v198.4c0 6.4 6.4 12.8 12.8 12.8zm96 0h22.4c6.4 0 12.8-6.4 12.8-12.8V204.8c0-6.4-6.4-12.8-12.8-12.8h-22.4c-6.4 0-12.8 6.4-12.8 12.8v134.4c0 6.4 6.4 12.8 12.8 12.8zM496 400H48V80c0-8.84-7.16-16-16-16H16C7.16 64 0 71.16 0 80v336c0 17.67 14.33 32 32 32h464c8.84 0 16-7.16 16-16v-16c0-8.84-7.16-16-16-16zm-387.2-48h22.4c6.4 0 12.8-6.4 12.8-12.8v-70.4c0-6.4-6.4-12.8-12.8-12.8h-22.4c-6.4 0-12.8 6.4-12.8 12.8v70.4c0 6.4 6.4 12.8 12.8 12.8z\" class=\"\"><\/path><\/svg><\/i> <img loading=\"lazy\" decoding=\"async\" width=\"16\" height=\"16\" alt=\"Loading\" src=\"https:\/\/aux-4-coins-des-mots.fr\/wp-content\/plugins\/page-views-count\/ajax-loader-2x.gif\" border=0 \/><\/p>\n<div class=\"pvc_clear\"><\/div>\n","protected":false},"author":1,"featured_media":0,"parent":0,"menu_order":0,"comment_status":"closed","ping_status":"closed","template":"","meta":{"iawp_total_views":8,"footnotes":""},"class_list":["post-1638","page","type-page","status-publish","hentry"],"a3_pvc":{"activated":true,"total_views":122,"today_views":1},"jetpack_sharing_enabled":true,"_links":{"self":[{"href":"https:\/\/aux-4-coins-des-mots.fr\/index.php\/wp-json\/wp\/v2\/pages\/1638","targetHints":{"allow":["GET"]}}],"collection":[{"href":"https:\/\/aux-4-coins-des-mots.fr\/index.php\/wp-json\/wp\/v2\/pages"}],"about":[{"href":"https:\/\/aux-4-coins-des-mots.fr\/index.php\/wp-json\/wp\/v2\/types\/page"}],"author":[{"embeddable":true,"href":"https:\/\/aux-4-coins-des-mots.fr\/index.php\/wp-json\/wp\/v2\/users\/1"}],"replies":[{"embeddable":true,"href":"https:\/\/aux-4-coins-des-mots.fr\/index.php\/wp-json\/wp\/v2\/comments?post=1638"}],"version-history":[{"count":54,"href":"https:\/\/aux-4-coins-des-mots.fr\/index.php\/wp-json\/wp\/v2\/pages\/1638\/revisions"}],"predecessor-version":[{"id":3261,"href":"https:\/\/aux-4-coins-des-mots.fr\/index.php\/wp-json\/wp\/v2\/pages\/1638\/revisions\/3261"}],"wp:attachment":[{"href":"https:\/\/aux-4-coins-des-mots.fr\/index.php\/wp-json\/wp\/v2\/media?parent=1638"}],"curies":[{"name":"wp","href":"https:\/\/api.w.org\/{rel}","templated":true}]}}