{"id":1585,"date":"2024-06-02T18:35:55","date_gmt":"2024-06-02T16:35:55","guid":{"rendered":"https:\/\/aux-4-coins-des-mots.fr\/?page_id=1585"},"modified":"2025-08-08T01:59:25","modified_gmt":"2025-08-07T23:59:25","slug":"evenements","status":"publish","type":"page","link":"https:\/\/aux-4-coins-des-mots.fr\/index.php\/evenements\/","title":{"rendered":"EVENEMENTS"},"content":{"rendered":"\n<h4 class=\"wp-block-heading\"><strong>MixCit\u00e9 : PRESENTATION 2023<\/strong><\/h4>\n\n\n\n<div style=\"margin: 0 auto; max-width: 640px; width: 100%;\">\n  <iframe loading=\"lazy\"\n    width=\"100%\"\n    height=\"360\"\n    src=\"https:\/\/www.youtube.com\/embed\/BJkoiwbwreA?autoplay=0&#038;loop=1&#038;playlist=BJkoiwbwreA&#038;controls=1\"\n    frameborder=\"0\"\n    allow=\"autoplay; encrypted-media\"\n    allowfullscreen\n  ><\/iframe>\n<\/div>\n\n\n\n<h4 class=\"wp-block-heading\">PAROLES D&rsquo;ELU(E)S<\/h4>\n\n\n\n<div style=\"margin: 0 auto; max-width: 640px; width: 100%;\">\n  <iframe loading=\"lazy\"\n    width=\"100%\"\n    height=\"360\"\n    src=\"https:\/\/www.youtube.com\/embed\/poMgfrkQF2k?autoplay=0&#038;loop=1&#038;playlist=poMgfrkQF2k&#038;controls=1\"\n    frameborder=\"0\"\n    allow=\"autoplay; encrypted-media\"\n    allowfullscreen\n  ><\/iframe>\n  <figcaption style=\"text-align: center; font-style: italic; margin-top: 0.5em;\">\n    <em><strong>\u00ab Pr\u00e9carit\u00e9 et souffrance psychique \u00bb: Paroles d&rsquo;\u00e9lu(e)s et engagement associatif dans le d\u00e9partement du Gard.<\/strong><\/em>\n  <\/figcaption>\n<\/div>\n\n\n\n<h4 class=\"wp-block-heading\">AGENDA (Actualis\u00e9 r\u00e9guli\u00e8rement)<\/h4>\n\n\n\n<details class=\"wp-block-details is-layout-flow wp-block-details-is-layout-flow\"><summary>SEPTEMBRE 2024<\/summary>\n<ul class=\"wp-block-list\">\n<li>12\/09 : Rencontre avec Nadine ETIENNE, Sociologue :\n<ul class=\"wp-block-list\">\n<li>Transmission d&rsquo;une part du patrimoine associatif.<\/li>\n<\/ul>\n<\/li>\n\n\n\n<li>27\/09 : Rencontre partenariale &#8211; RESEDA, Al\u00e8s.<\/li>\n<\/ul>\n<\/details>\n\n\n\n<details class=\"wp-block-details is-layout-flow wp-block-details-is-layout-flow\"><summary>OCTOBRE 2024<\/summary>\n<ul class=\"wp-block-list\">\n<li>02\/10 : Rencontre partenariale SESAME AUTISME, Vauvert.<\/li>\n\n\n\n<li>17\/10 : Rencontre partenariale Conseil D\u00e9partemental du Gard : Bilan d&rsquo;\u00e9tape\/Politique de la ville.<\/li>\n<\/ul>\n<\/details>\n\n\n\n<details class=\"wp-block-details is-layout-flow wp-block-details-is-layout-flow\"><summary>NOVEMBRE 2024<\/summary>\n<ul class=\"wp-block-list\">\n<li>13\/11 : Rencontre partenariale Conseil D\u00e9partemental du Gard : C.M.S.\n<ul class=\"wp-block-list\">\n<li>Pr\u00e9sentation des actions de l&rsquo;association.<\/li>\n<\/ul>\n<\/li>\n\n\n\n<li>21\/11 : Cycle Rencontres-D\u00e9bats\n<ul class=\"wp-block-list\">\n<li>Sur la <em>Fin de vie<\/em>, Local associatif (O4CDM).<\/li>\n<\/ul>\n<\/li>\n\n\n\n<li>25\/11 : Lancement de l&rsquo;appel \u00e0 projet Contrat de ville N\u00eemes M\u00e9tropole 2025\n<ul class=\"wp-block-list\">\n<li>Politique de la Ville.<\/li>\n<\/ul>\n<\/li>\n<\/ul>\n<\/details>\n\n\n\n<details class=\"wp-block-details is-layout-flow wp-block-details-is-layout-flow\"><summary>DECEMBRE 2024<\/summary>\n<ul class=\"wp-block-list\">\n<li>12\/12 : Cycle Rencontres-D\u00e9bats : \n<ul class=\"wp-block-list\">\n<li>Sur <em>La fin du b\u00e9n\u00e9volat?<\/em>, Local associatif (O4CDM).<\/li>\n\n\n\n<li>REPORT au 23\/01\/2025<\/li>\n<\/ul>\n<\/li>\n<\/ul>\n<\/details>\n\n\n\n<details class=\"wp-block-details is-layout-flow wp-block-details-is-layout-flow\"><summary>JANVIER 2025<\/summary>\n<ul class=\"wp-block-list\">\n<li>12\/01 : Fin de l&rsquo;appel \u00e0 projet Contrat de ville N\u00eemes M\u00e9tropole 2025 :\n<ul class=\"wp-block-list\">\n<li>Politique de la Ville.<\/li>\n\n\n\n<li>Date limite de d\u00e9p\u00f4t des dossiers.<\/li>\n<\/ul>\n<\/li>\n\n\n\n<li>13\/01 : Rencontre partenariale Conseil D\u00e9partemental du Gard : A.S.E. :\n<ul class=\"wp-block-list\">\n<li>Pr\u00e9sentation Actions MixCit\u00e9.<\/li>\n<\/ul>\n<\/li>\n\n\n\n<li>23\/01 : Cycle Rencontres-D\u00e9bats :\n<ul class=\"wp-block-list\">\n<li><em>Le b\u00e9n\u00e9volat : hier, aujourd&rsquo;hui, demain ?<\/em>, Local associatif (O4CDM).<\/li>\n<\/ul>\n<\/li>\n<\/ul>\n<\/details>\n\n\n\n<details class=\"wp-block-details is-layout-flow wp-block-details-is-layout-flow\"><summary>FEVRIER 2025<\/summary>\n<ul class=\"wp-block-list\">\n<li>20\/02 : Assembl\u00e9e G\u00e9n\u00e9rale<\/li>\n<\/ul>\n<\/details>\n\n\n\n<details class=\"wp-block-details is-layout-flow wp-block-details-is-layout-flow\"><summary>MARS 2025<\/summary>\n<ul class=\"wp-block-list\">\n<li>[date] : [objet]<\/li>\n<\/ul>\n<\/details>\n\n\n\n<details class=\"wp-block-details is-layout-flow wp-block-details-is-layout-flow\"><summary>AVRIL 2025<\/summary>\n<ul class=\"wp-block-list\">\n<li>[date] : [objet]<\/li>\n<\/ul>\n<\/details>\n\n\n\n<details class=\"wp-block-details is-layout-flow wp-block-details-is-layout-flow\"><summary>MAI 2025<\/summary>\n<ul class=\"wp-block-list\">\n<li>23\/05 : Rencontre Ambassadeur Fondation d\u2019entreprise VINCI pour la Cit\u00e9<\/li>\n<\/ul>\n<\/details>\n\n\n\n<details class=\"wp-block-details is-layout-flow wp-block-details-is-layout-flow\"><summary>JUIN 2025<\/summary>\n<ul class=\"wp-block-list\">\n<li>20\/06 : Rencontre Marraine Fondation d\u2019entreprise VINCI pour la Cit\u00e9<\/li>\n<\/ul>\n<\/details>\n\n\n\n<details class=\"wp-block-details is-layout-flow wp-block-details-is-layout-flow\"><summary>JUILLET 2025<\/summary>\n<ul class=\"wp-block-list\">\n<li>[date] : [objet]<\/li>\n<\/ul>\n<\/details>\n\n\n\n<details class=\"wp-block-details is-layout-flow wp-block-details-is-layout-flow\"><summary>AOUT 2025<\/summary>\n<ul class=\"wp-block-list\">\n<li>[date] : [objet]<\/li>\n<\/ul>\n<\/details>\n\n\n\n<details class=\"wp-block-details is-layout-flow wp-block-details-is-layout-flow\"><summary>SEPTEMBRE 2025<\/summary>\n<ul class=\"wp-block-list\">\n<li>[date] : [objet]<\/li>\n<\/ul>\n<\/details>\n\n\n\n<details class=\"wp-block-details is-layout-flow wp-block-details-is-layout-flow\"><summary>OCTOBRE 2025<\/summary>\n<ul class=\"wp-block-list\">\n<li>[date] : [objet]<\/li>\n<\/ul>\n<\/details>\n\n\n\n<details class=\"wp-block-details is-layout-flow wp-block-details-is-layout-flow\"><summary>NOVEMBRE 2025<\/summary>\n<ul class=\"wp-block-list\">\n<li>[date] : [objet]<\/li>\n<\/ul>\n<\/details>\n\n\n\n<details class=\"wp-block-details is-layout-flow wp-block-details-is-layout-flow\"><summary>DECEMBRE 2025<\/summary>\n<ul class=\"wp-block-list\">\n<li>[date] : [objet]<\/li>\n<\/ul>\n<\/details>\n<div class=\"pvc_clear\"><\/div><p id=\"pvc_stats_1585\" class=\"pvc_stats all  \" data-element-id=\"1585\" style=\"\"><i class=\"pvc-stats-icon medium\" aria-hidden=\"true\"><svg aria-hidden=\"true\" focusable=\"false\" data-prefix=\"far\" data-icon=\"chart-bar\" role=\"img\" xmlns=\"http:\/\/www.w3.org\/2000\/svg\" viewBox=\"0 0 512 512\" class=\"svg-inline--fa fa-chart-bar fa-w-16 fa-2x\"><path fill=\"currentColor\" d=\"M396.8 352h22.4c6.4 0 12.8-6.4 12.8-12.8V108.8c0-6.4-6.4-12.8-12.8-12.8h-22.4c-6.4 0-12.8 6.4-12.8 12.8v230.4c0 6.4 6.4 12.8 12.8 12.8zm-192 0h22.4c6.4 0 12.8-6.4 12.8-12.8V140.8c0-6.4-6.4-12.8-12.8-12.8h-22.4c-6.4 0-12.8 6.4-12.8 12.8v198.4c0 6.4 6.4 12.8 12.8 12.8zm96 0h22.4c6.4 0 12.8-6.4 12.8-12.8V204.8c0-6.4-6.4-12.8-12.8-12.8h-22.4c-6.4 0-12.8 6.4-12.8 12.8v134.4c0 6.4 6.4 12.8 12.8 12.8zM496 400H48V80c0-8.84-7.16-16-16-16H16C7.16 64 0 71.16 0 80v336c0 17.67 14.33 32 32 32h464c8.84 0 16-7.16 16-16v-16c0-8.84-7.16-16-16-16zm-387.2-48h22.4c6.4 0 12.8-6.4 12.8-12.8v-70.4c0-6.4-6.4-12.8-12.8-12.8h-22.4c-6.4 0-12.8 6.4-12.8 12.8v70.4c0 6.4 6.4 12.8 12.8 12.8z\" class=\"\"><\/path><\/svg><\/i> <img loading=\"lazy\" decoding=\"async\" width=\"16\" height=\"16\" alt=\"Loading\" src=\"https:\/\/aux-4-coins-des-mots.fr\/wp-content\/plugins\/page-views-count\/ajax-loader-2x.gif\" border=0 \/><\/p><div class=\"pvc_clear\"><\/div>","protected":false},"excerpt":{"rendered":"<p>MixCit\u00e9 : PRESENTATION 2023 PAROLES D&rsquo;ELU(E)S \u00ab Pr\u00e9carit\u00e9 et souffrance psychique \u00bb: Paroles d&rsquo;\u00e9lu(e)s et engagement associatif dans le d\u00e9partement du Gard. AGENDA (Actualis\u00e9 r\u00e9guli\u00e8rement)<\/p>\n<div class=\"pvc_clear\"><\/div>\n<p id=\"pvc_stats_1585\" class=\"pvc_stats all  \" data-element-id=\"1585\" style=\"\"><i class=\"pvc-stats-icon medium\" aria-hidden=\"true\"><svg aria-hidden=\"true\" focusable=\"false\" data-prefix=\"far\" data-icon=\"chart-bar\" role=\"img\" xmlns=\"http:\/\/www.w3.org\/2000\/svg\" viewBox=\"0 0 512 512\" class=\"svg-inline--fa fa-chart-bar fa-w-16 fa-2x\"><path fill=\"currentColor\" d=\"M396.8 352h22.4c6.4 0 12.8-6.4 12.8-12.8V108.8c0-6.4-6.4-12.8-12.8-12.8h-22.4c-6.4 0-12.8 6.4-12.8 12.8v230.4c0 6.4 6.4 12.8 12.8 12.8zm-192 0h22.4c6.4 0 12.8-6.4 12.8-12.8V140.8c0-6.4-6.4-12.8-12.8-12.8h-22.4c-6.4 0-12.8 6.4-12.8 12.8v198.4c0 6.4 6.4 12.8 12.8 12.8zm96 0h22.4c6.4 0 12.8-6.4 12.8-12.8V204.8c0-6.4-6.4-12.8-12.8-12.8h-22.4c-6.4 0-12.8 6.4-12.8 12.8v134.4c0 6.4 6.4 12.8 12.8 12.8zM496 400H48V80c0-8.84-7.16-16-16-16H16C7.16 64 0 71.16 0 80v336c0 17.67 14.33 32 32 32h464c8.84 0 16-7.16 16-16v-16c0-8.84-7.16-16-16-16zm-387.2-48h22.4c6.4 0 12.8-6.4 12.8-12.8v-70.4c0-6.4-6.4-12.8-12.8-12.8h-22.4c-6.4 0-12.8 6.4-12.8 12.8v70.4c0 6.4 6.4 12.8 12.8 12.8z\" class=\"\"><\/path><\/svg><\/i> <img loading=\"lazy\" decoding=\"async\" width=\"16\" height=\"16\" alt=\"Loading\" src=\"https:\/\/aux-4-coins-des-mots.fr\/wp-content\/plugins\/page-views-count\/ajax-loader-2x.gif\" border=0 \/><\/p>\n<div class=\"pvc_clear\"><\/div>\n","protected":false},"author":1,"featured_media":0,"parent":0,"menu_order":0,"comment_status":"closed","ping_status":"closed","template":"","meta":{"iawp_total_views":6,"footnotes":""},"class_list":["post-1585","page","type-page","status-publish","hentry"],"a3_pvc":{"activated":true,"total_views":80,"today_views":0},"jetpack_sharing_enabled":true,"_links":{"self":[{"href":"https:\/\/aux-4-coins-des-mots.fr\/index.php\/wp-json\/wp\/v2\/pages\/1585","targetHints":{"allow":["GET"]}}],"collection":[{"href":"https:\/\/aux-4-coins-des-mots.fr\/index.php\/wp-json\/wp\/v2\/pages"}],"about":[{"href":"https:\/\/aux-4-coins-des-mots.fr\/index.php\/wp-json\/wp\/v2\/types\/page"}],"author":[{"embeddable":true,"href":"https:\/\/aux-4-coins-des-mots.fr\/index.php\/wp-json\/wp\/v2\/users\/1"}],"replies":[{"embeddable":true,"href":"https:\/\/aux-4-coins-des-mots.fr\/index.php\/wp-json\/wp\/v2\/comments?post=1585"}],"version-history":[{"count":19,"href":"https:\/\/aux-4-coins-des-mots.fr\/index.php\/wp-json\/wp\/v2\/pages\/1585\/revisions"}],"predecessor-version":[{"id":2621,"href":"https:\/\/aux-4-coins-des-mots.fr\/index.php\/wp-json\/wp\/v2\/pages\/1585\/revisions\/2621"}],"wp:attachment":[{"href":"https:\/\/aux-4-coins-des-mots.fr\/index.php\/wp-json\/wp\/v2\/media?parent=1585"}],"curies":[{"name":"wp","href":"https:\/\/api.w.org\/{rel}","templated":true}]}}