{"id":100,"date":"2018-06-16T15:05:06","date_gmt":"2018-06-16T13:05:06","guid":{"rendered":"http:\/\/aux-4-coins-des-mots.fr\/?page_id=100"},"modified":"2026-03-27T11:16:26","modified_gmt":"2026-03-27T10:16:26","slug":"contacts","status":"publish","type":"page","link":"https:\/\/aux-4-coins-des-mots.fr\/index.php\/contacts\/","title":{"rendered":"CONTACTS @"},"content":{"rendered":"\n<h4 class=\"wp-block-heading has-text-align-center\"><\/h4>\n\n\n\n<figure class=\"wp-block-image size-large is-resized\"><img loading=\"lazy\" decoding=\"async\" width=\"1024\" height=\"506\" src=\"https:\/\/aux-4-coins-des-mots.fr\/wp-content\/uploads\/2026\/01\/logo-o4cdm-texte-4-1024x506.png\" alt=\"\" class=\"wp-image-3497\" style=\"aspect-ratio:2.0235904403137157;width:852px;height:auto\" srcset=\"https:\/\/aux-4-coins-des-mots.fr\/wp-content\/uploads\/2026\/01\/logo-o4cdm-texte-4-1024x506.png 1024w, https:\/\/aux-4-coins-des-mots.fr\/wp-content\/uploads\/2026\/01\/logo-o4cdm-texte-4-300x148.png 300w, https:\/\/aux-4-coins-des-mots.fr\/wp-content\/uploads\/2026\/01\/logo-o4cdm-texte-4-768x380.png 768w, https:\/\/aux-4-coins-des-mots.fr\/wp-content\/uploads\/2026\/01\/logo-o4cdm-texte-4.png 1202w\" sizes=\"auto, (max-width: 1024px) 100vw, 1024px\" \/><\/figure>\n\n\n\n<figure data-wp-context=\"{&quot;imageId&quot;:&quot;69f4ca6c7db22&quot;}\" data-wp-interactive=\"core\/image\" data-wp-key=\"69f4ca6c7db22\" class=\"wp-block-image aligncenter size-large is-resized wp-lightbox-container\"><img loading=\"lazy\" decoding=\"async\" width=\"1024\" height=\"682\" data-wp-class--hide=\"state.isContentHidden\" data-wp-class--show=\"state.isContentVisible\" data-wp-init=\"callbacks.setButtonStyles\" data-wp-on--click=\"actions.showLightbox\" data-wp-on--load=\"callbacks.setButtonStyles\" data-wp-on-window--resize=\"callbacks.setButtonStyles\" src=\"https:\/\/aux-4-coins-des-mots.fr\/wp-content\/uploads\/2018\/06\/cropped-bible-2989427_1920-1024x682.jpg\" alt=\"\" class=\"wp-image-435\" style=\"aspect-ratio:1.5015044319752786;width:503px;height:auto\" srcset=\"https:\/\/aux-4-coins-des-mots.fr\/wp-content\/uploads\/2018\/06\/cropped-bible-2989427_1920-1024x682.jpg 1024w, https:\/\/aux-4-coins-des-mots.fr\/wp-content\/uploads\/2018\/06\/cropped-bible-2989427_1920-300x200.jpg 300w, https:\/\/aux-4-coins-des-mots.fr\/wp-content\/uploads\/2018\/06\/cropped-bible-2989427_1920-768x512.jpg 768w, https:\/\/aux-4-coins-des-mots.fr\/wp-content\/uploads\/2018\/06\/cropped-bible-2989427_1920.jpg 2000w\" sizes=\"auto, (max-width: 1024px) 100vw, 1024px\" \/><button\n\t\t\tclass=\"lightbox-trigger\"\n\t\t\ttype=\"button\"\n\t\t\taria-haspopup=\"dialog\"\n\t\t\taria-label=\"Agrandir\"\n\t\t\tdata-wp-init=\"callbacks.initTriggerButton\"\n\t\t\tdata-wp-on--click=\"actions.showLightbox\"\n\t\t\tdata-wp-style--right=\"state.imageButtonRight\"\n\t\t\tdata-wp-style--top=\"state.imageButtonTop\"\n\t\t>\n\t\t\t<svg xmlns=\"http:\/\/www.w3.org\/2000\/svg\" width=\"12\" height=\"12\" fill=\"none\" viewBox=\"0 0 12 12\">\n\t\t\t\t<path fill=\"#fff\" d=\"M2 0a2 2 0 0 0-2 2v2h1.5V2a.5.5 0 0 1 .5-.5h2V0H2Zm2 10.5H2a.5.5 0 0 1-.5-.5V8H0v2a2 2 0 0 0 2 2h2v-1.5ZM8 12v-1.5h2a.5.5 0 0 0 .5-.5V8H12v2a2 2 0 0 1-2 2H8Zm2-12a2 2 0 0 1 2 2v2h-1.5V2a.5.5 0 0 0-.5-.5H8V0h2Z\" \/>\n\t\t\t<\/svg>\n\t\t<\/button><\/figure>\n\n\n\n<h4 class=\"wp-block-heading\"><strong>Bureau <\/strong>:<\/h4>\n\n\n\n<ul class=\"wp-block-list\">\n<li><strong>Pr\u00e9sident<\/strong> : <a href=\"mailto:pr*******@******************ts.fr\" data-original-string=\"tcqR+d7eNncUE8r0mobl\/w==8b1OJT\/7OI54ln10uCF5XyrvxgVc5++FpxBU0vANOrLxLFbv5DzTCt4qlLff\/aKHt+5\" title=\"This contact has been encoded by Anti-Spam by CleanTalk. Click to decode. To finish the decoding make sure that JavaScript is enabled in your browser.\" target=\"_blank\" rel=\"noopener noreferrer\"><strong><span \n                data-original-string='yYK7EMGLCd\/9gFknfs25zg==8b1CwAnTI20xbsc5VLUVYg5MUwzVkoBYrAV8XaSFXoZOgRh5tv0CpoCLSstscW8exOg'\n                class='apbct-email-encoder'\n                title='This contact has been encoded by Anti-Spam by CleanTalk. Click to decode. To finish the decoding make sure that JavaScript is enabled in your browser.'>pr<span class=\"apbct-blur\">*******<\/span>@<span class=\"apbct-blur\">******************<\/span>ts.fr<\/span><\/strong><\/a><strong>&nbsp;&nbsp;&nbsp;<\/strong><\/li>\n\n\n\n<li><strong>Co-pr\u00e9sidente<\/strong> : <a href=\"mailto:pr*******@******************ts.fr\" data-original-string=\"dKrR0L7+TB9NUnC+uzK21Q==8b19tJ2vVUjPfTuxDKZ5hRNbYReUWYjwTrATAATmOTbdlKIAXes7+ShDCeZbtovVvJa\" title=\"This contact has been encoded by Anti-Spam by CleanTalk. Click to decode. To finish the decoding make sure that JavaScript is enabled in your browser.\" target=\"_blank\" rel=\"noopener noreferrer\"><strong><span \n                data-original-string='z8Egy+NHKyobo1MwHdwSSg==8b1hdqmQ7BwKOQfdEy\/gEdgM226dSUuRou1+dsilc4AO6LOlTufCpId+g6gUgkUbo4i'\n                class='apbct-email-encoder'\n                title='This contact has been encoded by Anti-Spam by CleanTalk. Click to decode. To finish the decoding make sure that JavaScript is enabled in your browser.'>co<span class=\"apbct-blur\">***********<\/span>@<span class=\"apbct-blur\">******************<\/span>ts.fr<\/span><\/strong><\/a><\/li>\n\n\n\n<li><strong>Coordonnateur<\/strong> : <a href=\"mailto:co***********@******************ts.fr\" data-original-string=\"pi6p9p0iTIpPmc0OJ4kjSg==8b1sDfrA\/8nZJ3AkNnoeJyHaadlLSI1pb3tLgak199qGqKVRQP7K+b+qqdGp\/yYqDb9\" title=\"This contact has been encoded by Anti-Spam by CleanTalk. Click to decode. To finish the decoding make sure that JavaScript is enabled in your browser.\" target=\"_blank\" rel=\"noopener noreferrer\"><strong><span \n                data-original-string='MloctTRqoUT7u+Eo654rhA==8b14jvJDJjzMTtehEqnvJipFToIDmo2iJM7dJXHu+aus3uOaIS8ikDfpw8RSAwd\/VSa'\n                class='apbct-email-encoder'\n                title='This contact has been encoded by Anti-Spam by CleanTalk. Click to decode. To finish the decoding make sure that JavaScript is enabled in your browser.'>co<span class=\"apbct-blur\">***********<\/span>@<span class=\"apbct-blur\">******************<\/span>ts.fr<\/span><\/strong><\/a><\/li>\n\n\n\n<li><strong>Secr\u00e9tariat: <\/strong><strong><a href=\"mailto:se*********@******************ts.fr\" data-original-string=\"mRQA3\/OxTNLZz0UpPUCfXQ==8b1\/6Olt1Ra3q33sg\/v\/k+XHx0+FbqgPJpo7sy81CQIRyYOYIwvmRU6\/VWgTSY1xSfQ\" title=\"This contact has been encoded by Anti-Spam by CleanTalk. Click to decode. To finish the decoding make sure that JavaScript is enabled in your browser.\" target=\"_blank\" rel=\"noopener noreferrer\"><span \n                data-original-string='mis60T93jEj7LZ0z4sXZKQ==8b1lsPxhslezwSKWyONwMNJ1povWw9\/EBYjwIe7ApfvxGHvazT+\/ZNfGA5COIIb8qn0'\n                class='apbct-email-encoder'\n                title='This contact has been encoded by Anti-Spam by CleanTalk. Click to decode. To finish the decoding make sure that JavaScript is enabled in your browser.'>se<span class=\"apbct-blur\">*********<\/span>@<span class=\"apbct-blur\">******************<\/span>ts.fr<\/span><\/a><\/strong><\/li>\n<\/ul>\n\n\n\n<h4 class=\"wp-block-heading\"><strong>T\u00e9l\u00e9phone<\/strong> :<\/h4>\n\n\n\n<ul class=\"wp-block-list\">\n<li><strong>Ligne fixe Secr\u00e9tariat : 09 71 55 95 98<\/strong><\/li>\n\n\n\n<li><strong>Prise de Rendez-vous : 09 72 177 199 (serveur vocal interactif)&nbsp;<\/strong>\n<ul class=\"wp-block-list\">\n<li><strong>PARTENAIRES institutionnel<\/strong>, <strong>demande administrative <\/strong>ou <strong>d&rsquo;information<\/strong>, <strong>TAPEZ 1<\/strong>.<\/li>\n\n\n\n<li>Pour <strong>prendre RENDEZ-VOUS<\/strong> avec un de nos <strong>PSYCHOLOGUES<\/strong>, psychoth\u00e9rapeutes ou psychanalystes, <strong>TAPEZ 2<\/strong>.<\/li>\n\n\n\n<li>Pour des renseignements ou une inscription en <strong>PAIR AIDANCE<\/strong>, <strong>TAPEZ 3<\/strong>.<\/li>\n\n\n\n<li>Pour des <strong>ANALYSES DE PRATIQUES PROFESSIONNELLES<\/strong>, <strong>TAPEZ 4<\/strong>.<\/li>\n\n\n\n<li>Pour acc\u00e9der directement \u00e0 notre <strong>MESSAGERIE<\/strong>, <strong>TAPEZ 5<\/strong>.<\/li>\n<\/ul>\n<\/li>\n\n\n\n<li><strong><a href=\"https:\/\/www.facebook.com\/coins.desmots.52\" target=\"_blank\" rel=\"noopener\">Facebook<\/a><\/strong><\/li>\n\n\n\n<li><strong><a href=\"https:\/\/www.youtube.com\/@associationaux4coinsdesmots\" target=\"_blank\" rel=\"noopener\">Youtube<\/a><\/strong><\/li>\n<\/ul>\n\n\n\n<h4 class=\"wp-block-heading\"><strong>MENTIONS L\u00c9GALES <\/strong>:<\/h4>\n\n\n\n<p><strong>Si\u00e8ge Social<\/strong> : 7, Quai de la Fontaine 30900 N\u00ceMES<\/p>\n\n\n\n<p><strong>Local associatif<\/strong> : SITE 1<\/p>\n\n\n\n<ul class=\"wp-block-list\">\n<li>R\u00e9sidence le Baucis, 2, rue des amoureux, 30000 N\u00ceMES (QPV Route de Beaucaire)<\/li>\n<\/ul>\n\n\n\n<figure data-wp-context=\"{&quot;imageId&quot;:&quot;69f4ca6c7ea2e&quot;}\" data-wp-interactive=\"core\/image\" data-wp-key=\"69f4ca6c7ea2e\" class=\"wp-block-image aligncenter size-large is-resized wp-lightbox-container\"><img loading=\"lazy\" decoding=\"async\" width=\"683\" height=\"1024\" data-wp-class--hide=\"state.isContentHidden\" data-wp-class--show=\"state.isContentVisible\" data-wp-init=\"callbacks.setButtonStyles\" data-wp-on--click=\"actions.showLightbox\" data-wp-on--load=\"callbacks.setButtonStyles\" data-wp-on-window--resize=\"callbacks.setButtonStyles\" src=\"https:\/\/aux-4-coins-des-mots.fr\/wp-content\/uploads\/2026\/02\/plan-bus-tango-o4cdm-683x1024.jpeg\" alt=\"\" class=\"wp-image-3675\" style=\"aspect-ratio:0.6669998704207623;width:311px;height:auto\" srcset=\"https:\/\/aux-4-coins-des-mots.fr\/wp-content\/uploads\/2026\/02\/plan-bus-tango-o4cdm-683x1024.jpeg 683w, https:\/\/aux-4-coins-des-mots.fr\/wp-content\/uploads\/2026\/02\/plan-bus-tango-o4cdm-200x300.jpeg 200w, https:\/\/aux-4-coins-des-mots.fr\/wp-content\/uploads\/2026\/02\/plan-bus-tango-o4cdm-768x1152.jpeg 768w, https:\/\/aux-4-coins-des-mots.fr\/wp-content\/uploads\/2026\/02\/plan-bus-tango-o4cdm.jpeg 1024w\" sizes=\"auto, (max-width: 683px) 100vw, 683px\" \/><button\n\t\t\tclass=\"lightbox-trigger\"\n\t\t\ttype=\"button\"\n\t\t\taria-haspopup=\"dialog\"\n\t\t\taria-label=\"Agrandir\"\n\t\t\tdata-wp-init=\"callbacks.initTriggerButton\"\n\t\t\tdata-wp-on--click=\"actions.showLightbox\"\n\t\t\tdata-wp-style--right=\"state.imageButtonRight\"\n\t\t\tdata-wp-style--top=\"state.imageButtonTop\"\n\t\t>\n\t\t\t<svg xmlns=\"http:\/\/www.w3.org\/2000\/svg\" width=\"12\" height=\"12\" fill=\"none\" viewBox=\"0 0 12 12\">\n\t\t\t\t<path fill=\"#fff\" d=\"M2 0a2 2 0 0 0-2 2v2h1.5V2a.5.5 0 0 1 .5-.5h2V0H2Zm2 10.5H2a.5.5 0 0 1-.5-.5V8H0v2a2 2 0 0 0 2 2h2v-1.5ZM8 12v-1.5h2a.5.5 0 0 0 .5-.5V8H12v2a2 2 0 0 1-2 2H8Zm2-12a2 2 0 0 1 2 2v2h-1.5V2a.5.5 0 0 0-.5-.5H8V0h2Z\" \/>\n\t\t\t<\/svg>\n\t\t<\/button><figcaption class=\"wp-element-caption\">LIGNE 14 &#8211; PONT DE JUSTICE &#8211; Arr\u00eat \u00ab\u00a0BEAUCAIRE\u00a0\u00bb<\/figcaption><\/figure>\n\n\n\n<p><strong>Local associatif<\/strong> : SITE 2<\/p>\n\n\n\n<ul class=\"wp-block-list\">\n<li>14, rue CART, 30000 N\u00ceMES<\/li>\n<\/ul>\n\n\n\n<p><strong>NAF<\/strong> : 9499Z<br><strong>SIRET<\/strong> : 840 003 115 00010<br><strong>D\u00e9claration<\/strong> : N\u00b0 D61010245146<\/p>\n\n\n\n<h1 class=\"wp-block-heading has-text-align-center has-primary-color has-text-color has-link-color wp-elements-6e7fe53f12d3dbbc020abd094ade9cb8\">09 72 177 199<\/h1>\n<div class=\"pvc_clear\"><\/div><p id=\"pvc_stats_100\" class=\"pvc_stats all  \" data-element-id=\"100\" style=\"\"><i class=\"pvc-stats-icon medium\" aria-hidden=\"true\"><svg aria-hidden=\"true\" focusable=\"false\" data-prefix=\"far\" data-icon=\"chart-bar\" role=\"img\" xmlns=\"http:\/\/www.w3.org\/2000\/svg\" viewBox=\"0 0 512 512\" class=\"svg-inline--fa fa-chart-bar fa-w-16 fa-2x\"><path fill=\"currentColor\" d=\"M396.8 352h22.4c6.4 0 12.8-6.4 12.8-12.8V108.8c0-6.4-6.4-12.8-12.8-12.8h-22.4c-6.4 0-12.8 6.4-12.8 12.8v230.4c0 6.4 6.4 12.8 12.8 12.8zm-192 0h22.4c6.4 0 12.8-6.4 12.8-12.8V140.8c0-6.4-6.4-12.8-12.8-12.8h-22.4c-6.4 0-12.8 6.4-12.8 12.8v198.4c0 6.4 6.4 12.8 12.8 12.8zm96 0h22.4c6.4 0 12.8-6.4 12.8-12.8V204.8c0-6.4-6.4-12.8-12.8-12.8h-22.4c-6.4 0-12.8 6.4-12.8 12.8v134.4c0 6.4 6.4 12.8 12.8 12.8zM496 400H48V80c0-8.84-7.16-16-16-16H16C7.16 64 0 71.16 0 80v336c0 17.67 14.33 32 32 32h464c8.84 0 16-7.16 16-16v-16c0-8.84-7.16-16-16-16zm-387.2-48h22.4c6.4 0 12.8-6.4 12.8-12.8v-70.4c0-6.4-6.4-12.8-12.8-12.8h-22.4c-6.4 0-12.8 6.4-12.8 12.8v70.4c0 6.4 6.4 12.8 12.8 12.8z\" class=\"\"><\/path><\/svg><\/i> <img loading=\"lazy\" decoding=\"async\" width=\"16\" height=\"16\" alt=\"Loading\" src=\"https:\/\/aux-4-coins-des-mots.fr\/wp-content\/plugins\/page-views-count\/ajax-loader-2x.gif\" border=0 \/><\/p><div class=\"pvc_clear\"><\/div>","protected":false},"excerpt":{"rendered":"<p>Bureau : T\u00e9l\u00e9phone : MENTIONS L\u00c9GALES : Si\u00e8ge Social : 7, Quai de la Fontaine 30900 N\u00ceMES Local associatif : SITE 1 Local associatif : SITE 2 NAF : 9499ZSIRET : 840 003 115 00010D\u00e9claration : N\u00b0 D61010245146 09 72 177 199<\/p>\n<div class=\"pvc_clear\"><\/div>\n<p id=\"pvc_stats_100\" class=\"pvc_stats all  \" data-element-id=\"100\" style=\"\"><i class=\"pvc-stats-icon medium\" aria-hidden=\"true\"><svg aria-hidden=\"true\" focusable=\"false\" data-prefix=\"far\" data-icon=\"chart-bar\" role=\"img\" xmlns=\"http:\/\/www.w3.org\/2000\/svg\" viewBox=\"0 0 512 512\" class=\"svg-inline--fa fa-chart-bar fa-w-16 fa-2x\"><path fill=\"currentColor\" d=\"M396.8 352h22.4c6.4 0 12.8-6.4 12.8-12.8V108.8c0-6.4-6.4-12.8-12.8-12.8h-22.4c-6.4 0-12.8 6.4-12.8 12.8v230.4c0 6.4 6.4 12.8 12.8 12.8zm-192 0h22.4c6.4 0 12.8-6.4 12.8-12.8V140.8c0-6.4-6.4-12.8-12.8-12.8h-22.4c-6.4 0-12.8 6.4-12.8 12.8v198.4c0 6.4 6.4 12.8 12.8 12.8zm96 0h22.4c6.4 0 12.8-6.4 12.8-12.8V204.8c0-6.4-6.4-12.8-12.8-12.8h-22.4c-6.4 0-12.8 6.4-12.8 12.8v134.4c0 6.4 6.4 12.8 12.8 12.8zM496 400H48V80c0-8.84-7.16-16-16-16H16C7.16 64 0 71.16 0 80v336c0 17.67 14.33 32 32 32h464c8.84 0 16-7.16 16-16v-16c0-8.84-7.16-16-16-16zm-387.2-48h22.4c6.4 0 12.8-6.4 12.8-12.8v-70.4c0-6.4-6.4-12.8-12.8-12.8h-22.4c-6.4 0-12.8 6.4-12.8 12.8v70.4c0 6.4 6.4 12.8 12.8 12.8z\" class=\"\"><\/path><\/svg><\/i> <img loading=\"lazy\" decoding=\"async\" width=\"16\" height=\"16\" alt=\"Loading\" src=\"https:\/\/aux-4-coins-des-mots.fr\/wp-content\/plugins\/page-views-count\/ajax-loader-2x.gif\" border=0 \/><\/p>\n<div class=\"pvc_clear\"><\/div>\n","protected":false},"author":1,"featured_media":0,"parent":0,"menu_order":0,"comment_status":"closed","ping_status":"closed","template":"","meta":{"iawp_total_views":66,"footnotes":""},"class_list":["post-100","page","type-page","status-publish","hentry"],"a3_pvc":{"activated":true,"total_views":512,"today_views":0},"jetpack_sharing_enabled":true,"_links":{"self":[{"href":"https:\/\/aux-4-coins-des-mots.fr\/index.php\/wp-json\/wp\/v2\/pages\/100","targetHints":{"allow":["GET"]}}],"collection":[{"href":"https:\/\/aux-4-coins-des-mots.fr\/index.php\/wp-json\/wp\/v2\/pages"}],"about":[{"href":"https:\/\/aux-4-coins-des-mots.fr\/index.php\/wp-json\/wp\/v2\/types\/page"}],"author":[{"embeddable":true,"href":"https:\/\/aux-4-coins-des-mots.fr\/index.php\/wp-json\/wp\/v2\/users\/1"}],"replies":[{"embeddable":true,"href":"https:\/\/aux-4-coins-des-mots.fr\/index.php\/wp-json\/wp\/v2\/comments?post=100"}],"version-history":[{"count":66,"href":"https:\/\/aux-4-coins-des-mots.fr\/index.php\/wp-json\/wp\/v2\/pages\/100\/revisions"}],"predecessor-version":[{"id":3839,"href":"https:\/\/aux-4-coins-des-mots.fr\/index.php\/wp-json\/wp\/v2\/pages\/100\/revisions\/3839"}],"wp:attachment":[{"href":"https:\/\/aux-4-coins-des-mots.fr\/index.php\/wp-json\/wp\/v2\/media?parent=100"}],"curies":[{"name":"wp","href":"https:\/\/api.w.org\/{rel}","templated":true}]}}